{"id":790,"date":"2025-10-07T17:27:16","date_gmt":"2025-10-07T17:27:16","guid":{"rendered":"https:\/\/alltrucks.brandnew.media\/?page_id=790"},"modified":"2026-02-06T15:19:49","modified_gmt":"2026-02-06T15:19:49","slug":"haftungsausschluss","status":"publish","type":"page","link":"https:\/\/alltrucks.brandnew.media\/sv\/haftungsausschluss\/","title":{"rendered":"Ansvarsfriskrivning"},"content":{"rendered":"<div data-elementor-type=\"wp-page\" data-elementor-id=\"790\" class=\"elementor elementor-790\" data-elementor-post-type=\"page\">\n\t\t\t\t<div class=\"elementor-element elementor-element-1f285de e-flex e-con-boxed e-con e-parent\" data-id=\"1f285de\" data-element_type=\"container\">\n\t\t\t\t\t<div class=\"e-con-inner\">\n\t\t\t\t<div class=\"elementor-element elementor-element-0e27537 elementor-widget elementor-widget-heading\" data-id=\"0e27537\" data-element_type=\"widget\" data-widget_type=\"heading.default\">\n\t\t\t\t\t<h1 class=\"elementor-heading-title elementor-size-default\"><h3 class=\"headline-50 brand-logo\"><span>Ansvarsfriskrivning<\/span><\/h3><\/h1>\t\t\t\t<\/div>\n\t\t\t\t<div class=\"elementor-element elementor-element-5b2ab6c elementor-widget elementor-widget-text-editor\" data-id=\"5b2ab6c\" data-element_type=\"widget\" data-widget_type=\"text-editor.default\">\n\t\t\t\t\t\t\t\t\t<div class=\"text-full\"><div class=\"rte-text\"><p><strong>Ansvarsfriskrivning<\/strong><\/p><p>Alltrucks GmbH &amp; Co. KG (\"Alltrucks\") str\u00e4var efter b\u00e4sta f\u00f6rm\u00e5ga efter att s\u00e4kerst\u00e4lla riktigheten och fullst\u00e4ndigheten i den information som finns tillg\u00e4nglig p\u00e5 sidorna p\u00e5 webbplatsen www.alltrucks.com (\"webbplatsen\"), men tar inget ansvar f\u00f6r aktualiteten, riktigheten eller fullst\u00e4ndigheten i den information som tillhandah\u00e5lls p\u00e5 sidorna p\u00e5 webbplatsen. Vidare ansvarar Alltrucks inte f\u00f6r inneh\u00e5llet p\u00e5 externa webbplatser som webbplatsen direkt eller indirekt h\u00e4nvisar till via hyperl\u00e4nkar och som ligger utanf\u00f6r Alltrucks ansvarsomr\u00e5de.<\/p><p>Alltrucks f\u00f6rbeh\u00e5ller sig uttryckligen r\u00e4tten att utan f\u00f6reg\u00e5ende meddelande \u00e4ndra, komplettera eller radera delar av eller hela webbplatsen eller att tillf\u00e4lligt eller permanent upph\u00f6ra med publiceringen. Det inneh\u00e5ll som finns tillg\u00e4ngligt p\u00e5 sidorna p\u00e5 webbplatsen \u00e4r skyddat av upphovsr\u00e4tt. Reproduktion eller anv\u00e4ndning av detta inneh\u00e5ll av tredje part i n\u00e5gon form \u00e4r inte till\u00e5tet utan uttryckligt medgivande fr\u00e5n Alltrucks; v\u00e4nligen kontakta den person som anges i det juridiska meddelandet f\u00f6r att erh\u00e5lla s\u00e5dant medgivande.<\/p><p>Denna ansvarsfriskrivning \u00e4r att betrakta som en del av webbplatsen. Om delar av eller enskilda formuleringar i denna ansvarsfriskrivning inte, inte l\u00e4ngre eller inte helt \u00f6verensst\u00e4mmer med g\u00e4llande r\u00e4ttsl\u00e4ge, ska inneh\u00e5llet och giltigheten f\u00f6r de \u00e5terst\u00e5ende delarna av dokumentet f\u00f6rbli op\u00e5verkat.<\/p><p><strong>Villkor f\u00f6r anv\u00e4ndning<\/strong><\/p><p>Anv\u00e4ndningen av v\u00e5r webbplats och dess inneh\u00e5ll \u00e4r underkastad f\u00f6ljande villkor:<\/p><p><strong>Webbplatsens inneh\u00e5ll<\/strong><br \/>\u00c4ven om vi har skapat och underh\u00e5ller inneh\u00e5llet p\u00e5 v\u00e5r webbplats med omsorg, tar vi inget ansvar f\u00f6r aktualiteten, fullst\u00e4ndigheten eller kvaliteten p\u00e5 den information som tillhandah\u00e5lls p\u00e5 webbplatsen. Vi f\u00f6rbeh\u00e5ller oss r\u00e4tten att n\u00e4r som helst \u00e4ndra, komplettera eller ta bort enskilda delar av inneh\u00e5llet eller hela webbplatsen.<\/p><p><strong>Upphovsr\u00e4tt och nyttjander\u00e4tt<\/strong><br \/>Inneh\u00e5llet p\u00e5 v\u00e5r webbplats \u00e4r upphovsr\u00e4ttsligt skyddat. Anv\u00e4ndare av v\u00e5r webbplats har endast r\u00e4tt att h\u00e4mta inneh\u00e5llet, skriva ut det i of\u00f6r\u00e4ndrat skick och\/eller ladda ner det till sin dator, f\u00f6rutsatt att detta sker uteslutande f\u00f6r personligt, privat eller icke-kommersiellt bruk. All annan anv\u00e4ndning utan v\u00e5rt uttryckliga skriftliga medgivande \u00e4r f\u00f6rbjuden.<\/p><p><strong>E-postkontakt<\/strong><br \/>Vi vill p\u00e5peka att n\u00e4r du kontaktar oss via v\u00e5rt kontaktformul\u00e4r p\u00e5 webbplatsen eller via e-post utan krypteringsprogram kan sekretessen f\u00f6r e-postmeddelandet och v\u00e5rt svar inte garanteras. Anv\u00e4ndning av krypteringsprogram kr\u00e4ver f\u00f6rhandsavtal.<\/p><p>Status: 10.12.2014<\/p><\/div><\/div>\t\t\t\t\t\t\t\t<\/div>\n\t\t\t\t\t<\/div>\n\t\t\t\t<\/div>\n\t\t\t\t<\/div>","protected":false},"excerpt":{"rendered":"<p>Ansvarsfriskrivning Alltrucks GmbH &amp; Co. KG (\"Alltrucks\") str\u00e4var efter b\u00e4sta f\u00f6rm\u00e5ga att s\u00e4kerst\u00e4lla riktigheten och fullst\u00e4ndigheten i den information som finns tillg\u00e4nglig p\u00e5 sidorna p\u00e5 webbplatsen www.alltrucks.com (\"webbplatsen\"), men tar inget ansvar f\u00f6r aktualiteten, riktigheten eller fullst\u00e4ndigheten i den information som tillhandah\u00e5lls p\u00e5 sidorna p\u00e5 webbplatsen. Vidare \u00e4r Alltrucks inte ansvarigt f\u00f6r [...]<\/p>","protected":false},"author":1,"featured_media":0,"parent":0,"menu_order":0,"comment_status":"closed","ping_status":"closed","template":"","meta":{"_acf_changed":false,"footnotes":""},"class_list":["post-790","page","type-page","status-publish","hentry"],"acf":[],"yoast_head":"<!-- This site is optimized with the Yoast SEO Premium plugin v26.3 (Yoast SEO v26.3) - https:\/\/yoast.com\/wordpress\/plugins\/seo\/ -->\n<title>Haftungsausschluss - Alltrucks Truck &amp; Trailer Service<\/title>\n<meta name=\"robots\" content=\"index, follow, max-snippet:-1, max-image-preview:large, max-video-preview:-1\" \/>\n<link rel=\"canonical\" href=\"https:\/\/alltrucks.brandnew.media\/sv\/haftungsausschluss\/\" \/>\n<meta property=\"og:locale\" content=\"sv_SE\" \/>\n<meta property=\"og:type\" content=\"article\" \/>\n<meta property=\"og:title\" content=\"Haftungsausschluss\" \/>\n<meta property=\"og:description\" content=\"Haftungsausschluss Disclaimer Die Alltrucks GmbH &amp; Co. KG (\u201eAlltrucks&#8220;) ist nach besten Kr\u00e4ften bem\u00fcht, f\u00fcr die Richtigkeit und Vollst\u00e4ndigkeit der auf den Seiten der Web-Pr\u00e4senz www.alltrucks.com (\u201eWeb-Pr\u00e4senz&#8220;) verf\u00fcgbaren Informationen zu sorgen, \u00fcbernimmt jedoch keinerlei Gew\u00e4hr f\u00fcr die Aktualit\u00e4t, Richtigkeit oder Vollst\u00e4ndigkeit der auf den Seiten der Web-Pr\u00e4senz bereitgestellten Informationen. Alltrucks steht dar\u00fcber hinaus nicht f\u00fcr [&hellip;]\" \/>\n<meta property=\"og:url\" content=\"https:\/\/alltrucks.brandnew.media\/sv\/haftungsausschluss\/\" \/>\n<meta property=\"og:site_name\" content=\"Alltrucks Truck &amp; Trailer Service\" \/>\n<meta property=\"article:publisher\" content=\"https:\/\/www.facebook.com\/alltrucksDE\/mentions\/?_rdr\" \/>\n<meta property=\"article:modified_time\" content=\"2026-02-06T15:19:49+00:00\" \/>\n<meta name=\"twitter:card\" content=\"summary_large_image\" \/>\n<meta name=\"twitter:label1\" content=\"Ber\u00e4knad l\u00e4stid\" \/>\n\t<meta name=\"twitter:data1\" content=\"2 minuter\" \/>\n<script type=\"application\/ld+json\" class=\"yoast-schema-graph\">{\"@context\":\"https:\/\/schema.org\",\"@graph\":[{\"@type\":\"WebPage\",\"@id\":\"https:\/\/alltrucks.brandnew.media\/sv\/haftungsausschluss\/\",\"url\":\"https:\/\/alltrucks.brandnew.media\/sv\/haftungsausschluss\/\",\"name\":\"Haftungsausschluss - Alltrucks Truck &amp; Trailer Service\",\"isPartOf\":{\"@id\":\"https:\/\/alltrucks.brandnew.media\/sv\/#website\"},\"datePublished\":\"2025-10-07T17:27:16+00:00\",\"dateModified\":\"2026-02-06T15:19:49+00:00\",\"breadcrumb\":{\"@id\":\"https:\/\/alltrucks.brandnew.media\/sv\/haftungsausschluss\/#breadcrumb\"},\"inLanguage\":\"sv-SE\",\"potentialAction\":[{\"@type\":\"ReadAction\",\"target\":[\"https:\/\/alltrucks.brandnew.media\/sv\/haftungsausschluss\/\"]}]},{\"@type\":\"BreadcrumbList\",\"@id\":\"https:\/\/alltrucks.brandnew.media\/sv\/haftungsausschluss\/#breadcrumb\",\"itemListElement\":[{\"@type\":\"ListItem\",\"position\":1,\"name\":\"Startseite\",\"item\":\"https:\/\/alltrucks.brandnew.media\/sv\/\"},{\"@type\":\"ListItem\",\"position\":2,\"name\":\"Haftungsausschluss\"}]},{\"@type\":\"WebSite\",\"@id\":\"https:\/\/alltrucks.brandnew.media\/sv\/#website\",\"url\":\"https:\/\/alltrucks.brandnew.media\/sv\/\",\"name\":\"Alltrucks Truck & Trailer Service\",\"description\":\"\",\"publisher\":{\"@id\":\"https:\/\/alltrucks.brandnew.media\/sv\/#organization\"},\"potentialAction\":[{\"@type\":\"SearchAction\",\"target\":{\"@type\":\"EntryPoint\",\"urlTemplate\":\"https:\/\/alltrucks.brandnew.media\/sv\/?s={search_term_string}\"},\"query-input\":{\"@type\":\"PropertyValueSpecification\",\"valueRequired\":true,\"valueName\":\"search_term_string\"}}],\"inLanguage\":\"sv-SE\"},{\"@type\":\"Organization\",\"@id\":\"https:\/\/alltrucks.brandnew.media\/sv\/#organization\",\"name\":\"Alltrucks GmbH & Co. KG\",\"url\":\"https:\/\/alltrucks.brandnew.media\/sv\/\",\"logo\":{\"@type\":\"ImageObject\",\"inLanguage\":\"sv-SE\",\"@id\":\"https:\/\/alltrucks.brandnew.media\/sv\/#\/schema\/logo\/image\/\",\"url\":\"https:\/\/alltrucks.brandnew.media\/wp-content\/uploads\/2025\/09\/Logo.svg\",\"contentUrl\":\"https:\/\/alltrucks.brandnew.media\/wp-content\/uploads\/2025\/09\/Logo.svg\",\"width\":298,\"height\":65,\"caption\":\"Alltrucks GmbH & Co. KG\"},\"image\":{\"@id\":\"https:\/\/alltrucks.brandnew.media\/sv\/#\/schema\/logo\/image\/\"},\"sameAs\":[\"https:\/\/www.facebook.com\/alltrucksDE\/mentions\/?_rdr\",\"https:\/\/de.linkedin.com\/company\/alltrucks\"]}]}<\/script>\n<!-- \/ Yoast SEO Premium plugin. -->","yoast_head_json":{"title":"Ansvarsfriskrivning - Alltrucks Truck &amp; Trailer Service","robots":{"index":"index","follow":"follow","max-snippet":"max-snippet:-1","max-image-preview":"max-image-preview:large","max-video-preview":"max-video-preview:-1"},"canonical":"https:\/\/alltrucks.brandnew.media\/sv\/haftungsausschluss\/","og_locale":"sv_SE","og_type":"article","og_title":"Haftungsausschluss","og_description":"Haftungsausschluss Disclaimer Die Alltrucks GmbH &amp; Co. KG (\u201eAlltrucks&#8220;) ist nach besten Kr\u00e4ften bem\u00fcht, f\u00fcr die Richtigkeit und Vollst\u00e4ndigkeit der auf den Seiten der Web-Pr\u00e4senz www.alltrucks.com (\u201eWeb-Pr\u00e4senz&#8220;) verf\u00fcgbaren Informationen zu sorgen, \u00fcbernimmt jedoch keinerlei Gew\u00e4hr f\u00fcr die Aktualit\u00e4t, Richtigkeit oder Vollst\u00e4ndigkeit der auf den Seiten der Web-Pr\u00e4senz bereitgestellten Informationen. Alltrucks steht dar\u00fcber hinaus nicht f\u00fcr [&hellip;]","og_url":"https:\/\/alltrucks.brandnew.media\/sv\/haftungsausschluss\/","og_site_name":"Alltrucks Truck &amp; Trailer Service","article_publisher":"https:\/\/www.facebook.com\/alltrucksDE\/mentions\/?_rdr","article_modified_time":"2026-02-06T15:19:49+00:00","twitter_card":"summary_large_image","twitter_misc":{"Ber\u00e4knad l\u00e4stid":"2 minuter"},"schema":{"@context":"https:\/\/schema.org","@graph":[{"@type":"WebPage","@id":"https:\/\/alltrucks.brandnew.media\/sv\/haftungsausschluss\/","url":"https:\/\/alltrucks.brandnew.media\/sv\/haftungsausschluss\/","name":"Ansvarsfriskrivning - Alltrucks Truck &amp; Trailer Service","isPartOf":{"@id":"https:\/\/alltrucks.brandnew.media\/sv\/#website"},"datePublished":"2025-10-07T17:27:16+00:00","dateModified":"2026-02-06T15:19:49+00:00","breadcrumb":{"@id":"https:\/\/alltrucks.brandnew.media\/sv\/haftungsausschluss\/#breadcrumb"},"inLanguage":"sv-SE","potentialAction":[{"@type":"ReadAction","target":["https:\/\/alltrucks.brandnew.media\/sv\/haftungsausschluss\/"]}]},{"@type":"BreadcrumbList","@id":"https:\/\/alltrucks.brandnew.media\/sv\/haftungsausschluss\/#breadcrumb","itemListElement":[{"@type":"ListItem","position":1,"name":"Startseite","item":"https:\/\/alltrucks.brandnew.media\/sv\/"},{"@type":"ListItem","position":2,"name":"Haftungsausschluss"}]},{"@type":"WebSite","@id":"https:\/\/alltrucks.brandnew.media\/sv\/#website","url":"https:\/\/alltrucks.brandnew.media\/sv\/","name":"Alltrucks Truck &amp; Trailer Service","description":"","publisher":{"@id":"https:\/\/alltrucks.brandnew.media\/sv\/#organization"},"potentialAction":[{"@type":"SearchAction","target":{"@type":"EntryPoint","urlTemplate":"https:\/\/alltrucks.brandnew.media\/sv\/?s={search_term_string}"},"query-input":{"@type":"PropertyValueSpecification","valueRequired":true,"valueName":"search_term_string"}}],"inLanguage":"sv-SE"},{"@type":"Organization","@id":"https:\/\/alltrucks.brandnew.media\/sv\/#organization","name":"Alltrucks GmbH &amp; Co. KG","url":"https:\/\/alltrucks.brandnew.media\/sv\/","logo":{"@type":"ImageObject","inLanguage":"sv-SE","@id":"https:\/\/alltrucks.brandnew.media\/sv\/#\/schema\/logo\/image\/","url":"https:\/\/alltrucks.brandnew.media\/wp-content\/uploads\/2025\/09\/Logo.svg","contentUrl":"https:\/\/alltrucks.brandnew.media\/wp-content\/uploads\/2025\/09\/Logo.svg","width":298,"height":65,"caption":"Alltrucks GmbH & Co. KG"},"image":{"@id":"https:\/\/alltrucks.brandnew.media\/sv\/#\/schema\/logo\/image\/"},"sameAs":["https:\/\/www.facebook.com\/alltrucksDE\/mentions\/?_rdr","https:\/\/de.linkedin.com\/company\/alltrucks"]}]}},"_links":{"self":[{"href":"https:\/\/alltrucks.brandnew.media\/sv\/wp-json\/wp\/v2\/pages\/790","targetHints":{"allow":["GET"]}}],"collection":[{"href":"https:\/\/alltrucks.brandnew.media\/sv\/wp-json\/wp\/v2\/pages"}],"about":[{"href":"https:\/\/alltrucks.brandnew.media\/sv\/wp-json\/wp\/v2\/types\/page"}],"author":[{"embeddable":true,"href":"https:\/\/alltrucks.brandnew.media\/sv\/wp-json\/wp\/v2\/users\/1"}],"replies":[{"embeddable":true,"href":"https:\/\/alltrucks.brandnew.media\/sv\/wp-json\/wp\/v2\/comments?post=790"}],"version-history":[{"count":7,"href":"https:\/\/alltrucks.brandnew.media\/sv\/wp-json\/wp\/v2\/pages\/790\/revisions"}],"predecessor-version":[{"id":2208,"href":"https:\/\/alltrucks.brandnew.media\/sv\/wp-json\/wp\/v2\/pages\/790\/revisions\/2208"}],"wp:attachment":[{"href":"https:\/\/alltrucks.brandnew.media\/sv\/wp-json\/wp\/v2\/media?parent=790"}],"curies":[{"name":"wp","href":"https:\/\/api.w.org\/{rel}","templated":true}]}}