{"id":2024,"date":"2025-10-19T19:41:55","date_gmt":"2025-10-19T19:41:55","guid":{"rendered":"https:\/\/www.alltrucks.com\/cookie-richtlinie-eu\/"},"modified":"2025-10-22T14:02:57","modified_gmt":"2025-10-22T14:02:57","slug":"cookie-richtlinie-eu","status":"publish","type":"page","link":"https:\/\/alltrucks.brandnew.media\/sv\/cookie-richtlinie-eu\/","title":{"rendered":"Policy f\u00f6r cookies"},"content":{"rendered":"<!-- Legal document generated by Complianz | GDPR\/CCPA Cookie Consent https:\/\/wordpress.org\/plugins\/complianz-gdpr -->\n<div id=\"cmplz-document\" class=\"cmplz-document cookie-statement cmplz-document-eu\"><p><i>Denna cookiepolicy uppdaterades senast den april 7, 2026 och g\u00e4ller f\u00f6r medborgare och lagliga permanentboende i Europeiska ekonomiska samarbetsomr\u00e5det och Schweiz.<\/i><br><\/p><h2>1. Inledning<\/h2><p>V\u00e5r webbplats, <a href=\"https:\/\/alltrucks.brandnew.media\/sv\">https:\/\/alltrucks.brandnew.media\/sv<\/a> (nedan kallad \"webbplatsen\") anv\u00e4nder cookies och andra relaterade tekniker (f\u00f6r mer information, se avsnittet \"Cookies\"). Cookies placeras ocks\u00e5 fr\u00e5n tre delar som vi har till\u00e4mpat. I den dokumenterade informationen nedan informerar vi dig om anv\u00e4ndningen av cookies p\u00e5 v\u00e5r webbplats.<\/p><h2>2. Vad \u00e4r cookies?<\/h2><p>En cookie \u00e4r en liten fil som lagras p\u00e5 din dator eller p\u00e5 en annan h\u00e5rddisk. Information som lagras kan returneras till din tj\u00e4nsteleverant\u00f6r eller till relevant tredjepartsleverant\u00f6r enligt en separat order.<\/p><h2>3. Vad \u00e4r skript?<\/h2><p>Ett skript \u00e4r en bit programkod som anv\u00e4nds f\u00f6r att f\u00e5 din webbplats att fungera korrekt och interaktivt. Denna kod finns tillg\u00e4nglig p\u00e5 din server eller p\u00e5 din enhet.<\/p><h2>4. Cookies<\/h2><p class=\"cmplz-subtitle\">4.1 Tekniska eller funktionella cookies<\/p><p>Dessa cookies s\u00e4kerst\u00e4ller att inneh\u00e5llet p\u00e5 webbplatsen fungerar korrekt och att \u00e4ndringen av preferenser \u00e4r korrekt. Genom att placera funktionella cookies vill vi g\u00f6ra det enkelt f\u00f6r dig att bes\u00f6ka och navigera p\u00e5 v\u00e5r webbplats. P\u00e5 s\u00e5 s\u00e4tt kommer du inte att f\u00e5 n\u00e5gon ytterligare information n\u00e4r du bes\u00f6ker din webbplats och till exempel kommer det att finnas annat inneh\u00e5ll i den cookie du har st\u00e4llt in. Du kan v\u00e4lja att placera dessa cookies p\u00e5 din dator.<\/p><p class=\"cmplz-subtitle\">4.2 Cookies f\u00f6r statistik<\/p><p>Vi anv\u00e4nder cookies f\u00f6r statistik i syfte att optimera niv\u00e5n p\u00e5 webbplatsen f\u00f6r din anv\u00e4ndning. Med hj\u00e4lp av dessa cookies kan vi f\u00f6lja beteendet p\u00e5 din webbplats. Vi ber dig att till\u00e5ta cookies f\u00f6r statistiska \u00e4ndam\u00e5l.<\/p><p class=\"cmplz-subtitle\">4.3 Marknadsf\u00f6rings-\/sp\u00e5rningscookies<\/p><p>Marknadsf\u00f6rings-\/sparcookies \u00e4r cookies eller annan form av lokal lagring som anv\u00e4nds f\u00f6r att skapa en anv\u00e4ndarprofil i syfte att l\u00e4mna in ett klagom\u00e5l eller f\u00f6r att spara \u00e4ndringar p\u00e5 denna webbplats eller p\u00e5 andra webbplatser f\u00f6r liknande marknadsf\u00f6rings\u00e4ndam\u00e5l.<\/p><h2>5. Placerade cookies<\/h2><div id=\"cmplz-cookies-overview\"><\/div><h2>6. Samtycke<\/h2><p>N\u00e4r du bes\u00f6ker v\u00e5r webbplats f\u00f6r f\u00f6rsta g\u00e5ngen kommer vi att visa dig ett popup-f\u00f6nster med en f\u00f6rklaring om cookies. S\u00e5 fort du klickar p\u00e5 \"Spara preferenser\" samtycker du till att vi anv\u00e4nder de kategorier av cookies och till\u00e4gg som du valde i popup-f\u00f6nstret, som beskrivs i denna cookiepolicy. Du kan inaktivera anv\u00e4ndningen av cookies via din webbl\u00e4sare, men observera att v\u00e5r webbplats kanske inte l\u00e4ngre fungerar korrekt.<\/p><p class=\"cmplz-subtitle\">6.1 Hantera inst\u00e4llningar f\u00f6r ditt samtycke<\/p><div id=\"cmplz-manage-consent-container-nojavascript\">Du har laddat cookiepolicyn utan javascript-st\u00f6d.&nbsp;P\u00e5 AMP kan du anv\u00e4nda knappen Hantera samtycke l\u00e4ngst ner p\u00e5 sidan.<\/div><div id=\"cmplz-manage-consent-container\" class=\"cmplz-manage-consent-container\"><\/div><h2>7. Aktivera\/inaktivera och ta bort cookies<\/h2><p>Du kan anv\u00e4nda din webbl\u00e4sare f\u00f6r att automatiskt eller manuellt radera cookies. Du kan v\u00e4lja att inte till\u00e5ta cookies. Ett annat alternativ \u00e4r att \u00e4ndra inst\u00e4llningarna f\u00f6r din webbl\u00e4sare s\u00e5 att du kan placera en cookie p\u00e5 en mobil enhet. F\u00f6r mer information om detta alternativ, se instruktionerna i din webbl\u00e4sares integritetspolicy.<\/p><p>Observera att din webbplats kanske inte fungerar korrekt om alla cookies \u00e4r inaktiverade. Om du inaktiverar cookies i din webbl\u00e4sare kommer du att bli ombedd att placera dem efter att du har bes\u00f6kt denna webbplats.<\/p><h2>8. Dina r\u00e4ttigheter med avseende p\u00e5 personuppgifter<\/h2><p>Du har en god f\u00f6rst\u00e5else f\u00f6r den person du pratar med:<\/p><ul>\n                    <li>Du har f\u00e5tt r\u00e5det att kontrollera personuppgifterna f\u00f6r den ber\u00f6rda personen i f\u00f6rv\u00e4g, eftersom detta hj\u00e4lper dig att spara pengar.<\/li>\n                    <li>R\u00e4tt till tillg\u00e5ng: Du har r\u00e4tt att f\u00e5 tillg\u00e5ng till de personuppgifter som \u00e4r k\u00e4nda f\u00f6r dig.<\/li>\n                    <li>R\u00e5d till den registrerade: Du har r\u00e4tt att komplettera, r\u00e4tta, redigera eller blockera dina personuppgifter om du s\u00e5 \u00f6nskar.<\/li>\n                    <li>Om du kommer att samla in denna information f\u00f6r att behandla dina personuppgifter, rekommenderas du att r\u00e4kna om insamlingen och att f\u00f6rvara personuppgifterna p\u00e5 en s\u00e4ker plats.<\/li>\n                    <li>R\u00e5d om \u00f6verf\u00f6ring: Du har f\u00e5tt r\u00e5det att f\u00f6ra in alla dina personuppgifter i bolagsregistret och \u00f6verf\u00f6ra dem till ett annat personregister.<\/li>\n                    <li>R\u00e5d att invadera: du kan invadera med behandling av detta l\u00e4kemedel. Vi kommer att kontrollera om detta inte \u00e4r l\u00e4mpligt f\u00f6r behandling.<\/li>\n                <\/ul><p>F\u00f6r att anv\u00e4nda denna tj\u00e4nst, v\u00e4nligen kontakta oss. Se kontaktuppgifterna i denna cookiepolicy. Om du har klagom\u00e5l p\u00e5 hur vi har hanterat denna information kan vi h\u00f6ra av oss, men du rekommenderas ocks\u00e5 att l\u00e4mna in ett klagom\u00e5l till Datainspektionen.<\/p><h2>9. Kontaktdetaljer<\/h2><p>F\u00f6r fr\u00e5gor och kommentarer om v\u00e5r cookiepolicy och denna integritetspolicy, v\u00e4nligen kontakta oss via de kontaktuppgifter som anges:<\/p><p><span class=\"cmplz-contact-organisation\">Alltrucks GmbH &amp; Co. KG<\/span><br>\n                      <span class=\"cmplz-contact-address\">Perchtinger Stra\u00dfe 6<br \/>\n81379 M\u00fcnchen<\/span><br>\n                      <span class=\"cmplz-contact-country\">Tyskland<\/span><br>\n                    Webbplats: <span class=\"cmplz-contact-domain\"><a href=\"https:\/\/alltrucks.brandnew.media\/sv\">https:\/\/alltrucks.brandnew.media\/sv<\/a><\/span><br>\n                    E-post: <span class=\"cmplz-contact-email\"><span class=\"cmplz-obfuscate\">info@<span class=\"cmplz-fmail-domain\">ex.com<\/span>&#097;l&#108;t&#114;&#117;&#099;k&#115;.c&#111;m<\/span><\/span><br>\n                    <span class=\"cmplz-contact-telephone\">Telefonnummer: +49 (0) 89 462 24 66 0<\/span><\/p><p>Denna cookiepolicy synkroniserades med <a href=\"https:\/\/cookiedatabase.org\/\" target=\"_blank\">cookiedatabase.org<\/a> den oktober 22, 2025.<\/p><\/div>","protected":false},"excerpt":{"rendered":"","protected":false},"author":1,"featured_media":0,"parent":0,"menu_order":0,"comment_status":"closed","ping_status":"closed","template":"","meta":{"_acf_changed":false,"footnotes":""},"class_list":["post-2024","page","type-page","status-publish","hentry"],"acf":[],"yoast_head":"<!-- This site is optimized with the Yoast SEO Premium plugin v26.3 (Yoast SEO v26.3) - https:\/\/yoast.com\/wordpress\/plugins\/seo\/ -->\n<title>Cookie-Richtlinie - Alltrucks Truck &amp; Trailer Service<\/title>\n<meta name=\"robots\" content=\"index, follow, max-snippet:-1, max-image-preview:large, max-video-preview:-1\" \/>\n<link rel=\"canonical\" href=\"https:\/\/alltrucks.brandnew.media\/sv\/cookie-richtlinie-eu\/\" \/>\n<meta property=\"og:locale\" content=\"sv_SE\" \/>\n<meta property=\"og:type\" content=\"article\" \/>\n<meta property=\"og:title\" content=\"Cookie-Richtlinie\" \/>\n<meta property=\"og:url\" content=\"https:\/\/alltrucks.brandnew.media\/sv\/cookie-richtlinie-eu\/\" \/>\n<meta property=\"og:site_name\" content=\"Alltrucks Truck &amp; Trailer Service\" \/>\n<meta property=\"article:publisher\" content=\"https:\/\/www.facebook.com\/alltrucksDE\/mentions\/?_rdr\" \/>\n<meta property=\"article:modified_time\" content=\"2025-10-22T14:02:57+00:00\" \/>\n<meta name=\"twitter:card\" content=\"summary_large_image\" \/>\n<meta name=\"twitter:label1\" content=\"Ber\u00e4knad l\u00e4stid\" \/>\n\t<meta name=\"twitter:data1\" content=\"1 minut\" \/>\n<script type=\"application\/ld+json\" class=\"yoast-schema-graph\">{\"@context\":\"https:\/\/schema.org\",\"@graph\":[{\"@type\":\"WebPage\",\"@id\":\"https:\/\/alltrucks.brandnew.media\/sv\/cookie-richtlinie-eu\/\",\"url\":\"https:\/\/alltrucks.brandnew.media\/sv\/cookie-richtlinie-eu\/\",\"name\":\"Cookie-Richtlinie - Alltrucks Truck &amp; Trailer Service\",\"isPartOf\":{\"@id\":\"https:\/\/alltrucks.brandnew.media\/sv\/#website\"},\"datePublished\":\"2025-10-19T19:41:55+00:00\",\"dateModified\":\"2025-10-22T14:02:57+00:00\",\"breadcrumb\":{\"@id\":\"https:\/\/alltrucks.brandnew.media\/sv\/cookie-richtlinie-eu\/#breadcrumb\"},\"inLanguage\":\"sv-SE\",\"potentialAction\":[{\"@type\":\"ReadAction\",\"target\":[\"https:\/\/alltrucks.brandnew.media\/sv\/cookie-richtlinie-eu\/\"]}]},{\"@type\":\"BreadcrumbList\",\"@id\":\"https:\/\/alltrucks.brandnew.media\/sv\/cookie-richtlinie-eu\/#breadcrumb\",\"itemListElement\":[{\"@type\":\"ListItem\",\"position\":1,\"name\":\"Startseite\",\"item\":\"https:\/\/alltrucks.brandnew.media\/sv\/\"},{\"@type\":\"ListItem\",\"position\":2,\"name\":\"Cookie-Richtlinie\"}]},{\"@type\":\"WebSite\",\"@id\":\"https:\/\/alltrucks.brandnew.media\/sv\/#website\",\"url\":\"https:\/\/alltrucks.brandnew.media\/sv\/\",\"name\":\"Alltrucks Truck & Trailer Service\",\"description\":\"\",\"publisher\":{\"@id\":\"https:\/\/alltrucks.brandnew.media\/sv\/#organization\"},\"potentialAction\":[{\"@type\":\"SearchAction\",\"target\":{\"@type\":\"EntryPoint\",\"urlTemplate\":\"https:\/\/alltrucks.brandnew.media\/sv\/?s={search_term_string}\"},\"query-input\":{\"@type\":\"PropertyValueSpecification\",\"valueRequired\":true,\"valueName\":\"search_term_string\"}}],\"inLanguage\":\"sv-SE\"},{\"@type\":\"Organization\",\"@id\":\"https:\/\/alltrucks.brandnew.media\/sv\/#organization\",\"name\":\"Alltrucks GmbH & Co. KG\",\"url\":\"https:\/\/alltrucks.brandnew.media\/sv\/\",\"logo\":{\"@type\":\"ImageObject\",\"inLanguage\":\"sv-SE\",\"@id\":\"https:\/\/alltrucks.brandnew.media\/sv\/#\/schema\/logo\/image\/\",\"url\":\"https:\/\/alltrucks.brandnew.media\/wp-content\/uploads\/2025\/09\/Logo.svg\",\"contentUrl\":\"https:\/\/alltrucks.brandnew.media\/wp-content\/uploads\/2025\/09\/Logo.svg\",\"width\":298,\"height\":65,\"caption\":\"Alltrucks GmbH & Co. KG\"},\"image\":{\"@id\":\"https:\/\/alltrucks.brandnew.media\/sv\/#\/schema\/logo\/image\/\"},\"sameAs\":[\"https:\/\/www.facebook.com\/alltrucksDE\/mentions\/?_rdr\",\"https:\/\/de.linkedin.com\/company\/alltrucks\"]}]}<\/script>\n<!-- \/ Yoast SEO Premium plugin. -->","yoast_head_json":{"title":"Cookie-Richtlinie - Alltrucks Truck &amp; Trailer Service","robots":{"index":"index","follow":"follow","max-snippet":"max-snippet:-1","max-image-preview":"max-image-preview:large","max-video-preview":"max-video-preview:-1"},"canonical":"https:\/\/alltrucks.brandnew.media\/sv\/cookie-richtlinie-eu\/","og_locale":"sv_SE","og_type":"article","og_title":"Cookie-Richtlinie","og_url":"https:\/\/alltrucks.brandnew.media\/sv\/cookie-richtlinie-eu\/","og_site_name":"Alltrucks Truck &amp; Trailer Service","article_publisher":"https:\/\/www.facebook.com\/alltrucksDE\/mentions\/?_rdr","article_modified_time":"2025-10-22T14:02:57+00:00","twitter_card":"summary_large_image","twitter_misc":{"Ber\u00e4knad l\u00e4stid":"1 minut"},"schema":{"@context":"https:\/\/schema.org","@graph":[{"@type":"WebPage","@id":"https:\/\/alltrucks.brandnew.media\/sv\/cookie-richtlinie-eu\/","url":"https:\/\/alltrucks.brandnew.media\/sv\/cookie-richtlinie-eu\/","name":"Cookie-Richtlinie - Alltrucks Truck &amp; Trailer Service","isPartOf":{"@id":"https:\/\/alltrucks.brandnew.media\/sv\/#website"},"datePublished":"2025-10-19T19:41:55+00:00","dateModified":"2025-10-22T14:02:57+00:00","breadcrumb":{"@id":"https:\/\/alltrucks.brandnew.media\/sv\/cookie-richtlinie-eu\/#breadcrumb"},"inLanguage":"sv-SE","potentialAction":[{"@type":"ReadAction","target":["https:\/\/alltrucks.brandnew.media\/sv\/cookie-richtlinie-eu\/"]}]},{"@type":"BreadcrumbList","@id":"https:\/\/alltrucks.brandnew.media\/sv\/cookie-richtlinie-eu\/#breadcrumb","itemListElement":[{"@type":"ListItem","position":1,"name":"Startseite","item":"https:\/\/alltrucks.brandnew.media\/sv\/"},{"@type":"ListItem","position":2,"name":"Cookie-Richtlinie"}]},{"@type":"WebSite","@id":"https:\/\/alltrucks.brandnew.media\/sv\/#website","url":"https:\/\/alltrucks.brandnew.media\/sv\/","name":"Alltrucks Truck &amp; Trailer Service","description":"","publisher":{"@id":"https:\/\/alltrucks.brandnew.media\/sv\/#organization"},"potentialAction":[{"@type":"SearchAction","target":{"@type":"EntryPoint","urlTemplate":"https:\/\/alltrucks.brandnew.media\/sv\/?s={search_term_string}"},"query-input":{"@type":"PropertyValueSpecification","valueRequired":true,"valueName":"search_term_string"}}],"inLanguage":"sv-SE"},{"@type":"Organization","@id":"https:\/\/alltrucks.brandnew.media\/sv\/#organization","name":"Alltrucks GmbH &amp; Co. KG","url":"https:\/\/alltrucks.brandnew.media\/sv\/","logo":{"@type":"ImageObject","inLanguage":"sv-SE","@id":"https:\/\/alltrucks.brandnew.media\/sv\/#\/schema\/logo\/image\/","url":"https:\/\/alltrucks.brandnew.media\/wp-content\/uploads\/2025\/09\/Logo.svg","contentUrl":"https:\/\/alltrucks.brandnew.media\/wp-content\/uploads\/2025\/09\/Logo.svg","width":298,"height":65,"caption":"Alltrucks GmbH & Co. KG"},"image":{"@id":"https:\/\/alltrucks.brandnew.media\/sv\/#\/schema\/logo\/image\/"},"sameAs":["https:\/\/www.facebook.com\/alltrucksDE\/mentions\/?_rdr","https:\/\/de.linkedin.com\/company\/alltrucks"]}]}},"_links":{"self":[{"href":"https:\/\/alltrucks.brandnew.media\/sv\/wp-json\/wp\/v2\/pages\/2024","targetHints":{"allow":["GET"]}}],"collection":[{"href":"https:\/\/alltrucks.brandnew.media\/sv\/wp-json\/wp\/v2\/pages"}],"about":[{"href":"https:\/\/alltrucks.brandnew.media\/sv\/wp-json\/wp\/v2\/types\/page"}],"author":[{"embeddable":true,"href":"https:\/\/alltrucks.brandnew.media\/sv\/wp-json\/wp\/v2\/users\/1"}],"replies":[{"embeddable":true,"href":"https:\/\/alltrucks.brandnew.media\/sv\/wp-json\/wp\/v2\/comments?post=2024"}],"version-history":[{"count":1,"href":"https:\/\/alltrucks.brandnew.media\/sv\/wp-json\/wp\/v2\/pages\/2024\/revisions"}],"predecessor-version":[{"id":2036,"href":"https:\/\/alltrucks.brandnew.media\/sv\/wp-json\/wp\/v2\/pages\/2024\/revisions\/2036"}],"wp:attachment":[{"href":"https:\/\/alltrucks.brandnew.media\/sv\/wp-json\/wp\/v2\/media?parent=2024"}],"curies":[{"name":"wp","href":"https:\/\/api.w.org\/{rel}","templated":true}]}}