{"id":2024,"date":"2025-10-19T19:41:55","date_gmt":"2025-10-19T19:41:55","guid":{"rendered":"https:\/\/www.alltrucks.com\/cookie-richtlinie-eu\/"},"modified":"2025-10-22T14:02:57","modified_gmt":"2025-10-22T14:02:57","slug":"cookie-richtlinie-eu","status":"publish","type":"page","link":"https:\/\/alltrucks.brandnew.media\/ro\/cookie-richtlinie-eu\/","title":{"rendered":"Politica privind cookie-urile"},"content":{"rendered":"<!-- Legal document generated by Complianz | GDPR\/CCPA Cookie Consent https:\/\/wordpress.org\/plugins\/complianz-gdpr -->\n<div id=\"cmplz-document\" class=\"cmplz-document cookie-statement cmplz-document-eu\"><p><i>Aceast\u0103 Politic\u0103 cookie-uri a fost actualizat\u0103 ultima dat\u0103 pe aprilie 7, 2026 \u0219i se aplic\u0103 cet\u0103\u021benilor \u0219i reziden\u021bilor permanen\u021bi din Spa\u021biul Economic European \u0219i Elve\u021bia.<\/i><br><\/p><h2>1. introduce\u021bi<\/h2><p>Site-ul nostru, <a href=\"https:\/\/alltrucks.brandnew.media\/ro\">https:\/\/alltrucks.brandnew.media\/ro<\/a> (numit \u00een continuare \"site-ul\"), folose\u0219te cookie-uri \u0219i alte tehnologii similare (pentru cumditate, toate tehnologiile sunt numite \u00een continuare \"cookie-uri\"). Cookie-urile sunt plasate \u0219i de ter\u021bii cu care colabor\u0103m. \u00cen documentul de mai jos te inform\u0103m despre modul cum folosim cookie-uri pe site-ul nostru.<\/p><h2>2. ce sunt cookie-urile?<\/h2><p>Un cookie este un fi\u0219ier simplu, de mici dimensiuni, care este trimis \u00eempreun\u0103 cu paginile acestui site web \u0219i stocat de navigatorul t\u0103u pe hard diskul computerului sau al altui dispozitiv. Informa\u021biile stocate acolo pot fi trimise \u00eenapoi c\u0103tre serverele noastre sau serverele ter\u021bilor relevan\u021bi, \u00een timpul unei vizite ulterioare.<\/p><h2>3. ce sunt scripturile?<\/h2><p>Un script este un fragment de cod (de program), utilizat pentru ca site-ul nostru s\u0103 func\u021bioneze corect \u0219i interactiv. Acest cod este executat pe serverul nostru sau pe dispozitivul t\u0103u.<\/p><h2>4. Cookie-uri<\/h2><p class=\"cmplz-subtitle\">4.1 Cookie-uri tehnice sau func\u021bionale<\/p><p>Unele cookie-uri se asigur\u0103 c\u0103 anumite p\u0103r\u021bi ale site-ului func\u021bioneaz\u0103 corect \u0219i c\u0103 preferin\u021bele tale de utilizator r\u0103m\u00e2n cunoscute. Prin plasarea cookie-urilor func\u021bionale, \u00ee\u021bi este mai u\u0219or s\u0103 vizitezi site-ul nostru. \u00cen acest fel, nu trebuie s\u0103 introduci \u00een mod repetat acelea\u0219i informa\u021bii atunci c\u00e2nd vizitezi site-ul nostru \u0219i, de exemplu, articolele r\u0103m\u00e2n \u00een co\u0219ul de cump\u0103r\u0103turi p\u00e2n\u0103 c\u00e2nd pl\u0103te\u0219ti. Putem plasa aceste cookie-uri f\u0103r\u0103 consim\u021b\u0103m\u00e2ntul t\u0103u.<\/p><p class=\"cmplz-subtitle\">4.2 Cookie-uri statistice<\/p><p>Folosim cookie-uri statistice pentru a optimiza experien\u021ba de utilizare a site-ului pentru utilizatorii no\u0219tri. Cu aceste cookie-uri statistice ob\u021binem informa\u021bii despre utilizarea site-ului nostru. \u00ce\u021bi cerem permisiunea de a plasa cookie-uri statistice.<\/p><p class=\"cmplz-subtitle\">4.3 Cookie-uri pentru marketing\/urm\u0103rire<\/p><p>Cookie-urile de marketing\/urm\u0103rire sunt cookie-uri (sau orice alt\u0103 form\u0103 de stocare local\u0103), utilizate \u00een crearea profilurilor de utilizator, pentru a afi\u0219a publicitate sau pentru a urm\u0103ri utilizatorul pe acest site sau pe mai multe site-uri, \u00een scopuri de marketing similare.<\/p><h2>5. Cookie-uri plasate<\/h2><div id=\"cmplz-cookies-overview\"><\/div><h2>6. Consim\u021b\u0103m\u00e2nt<\/h2><p>C\u00e2nd vizitezi pentru prima dat\u0103 site-ul nostru, \u00ee\u021bi vom ar\u0103ta o fereastr\u0103 pop-up cu o explica\u021bie despre cookie-uri. Ap\u0103s\u00e2nd pe Salveaz\u0103 preferin\u021bele, \u00ee\u021bi exprimi consim\u021b\u0103m\u00e2ntul pentru utilizarea de c\u0103tre noi a categoriilor de cookie-uri \u0219i module selectate \u00een pop-up, conform descrierii din aceast\u0103 Politic\u0103 privind cookie-urlie. Po\u021bi bloca folosirea cookie-urilor din navigatorul pe care \u00eel folose\u0219ti, dar te rug\u0103m s\u0103 \u021bii cont de faptul c\u0103 \u00een acest caz e posibil ca site-ul nostru s\u0103 nu mai func\u021bioneze corespunz\u0103tor.<\/p><p class=\"cmplz-subtitle\">6.1 Administreaz\u0103 set\u0103rile pentru consim\u021b\u0103m\u00e2nt<\/p><div id=\"cmplz-manage-consent-container-nojavascript\">Ai \u00eenc\u0103rcat Politic\u0103 cookie-uri f\u0103r\u0103 suport javascript. \u00cen AMP, po\u021bi utiliza butonul de gestionare a consim\u021b\u0103m\u00e2ntului din partea de jos a paginii.<\/div><div id=\"cmplz-manage-consent-container\" class=\"cmplz-manage-consent-container\"><\/div><h2>7. Activarea\/dezactivarea \u0219i \u0219tergerea cookie-urilor<\/h2><p>Pute\u021bi utiliza browserul de internet pentru a accesa un fi\u0219ier cookie automat \u0219i manual. De asemenea, po\u021bi specifica faptul c\u0103 anumite cookie-uri nu pot fi plasate. O alt\u0103 op\u021biune este s\u0103 modifici set\u0103rile navigatorului de internet, astfel \u00eenc\u00e2t s\u0103 prime\u0219ti un mesaj de fiecare dat\u0103 c\u00e2nd este plasat un fi\u0219ier cookie. Pentru mai multe informa\u021bii despre aceste op\u021biuni, te rug\u0103m s\u0103 consul\u021bi instruc\u021biunile din sec\u021biunea Ajutor a navigatorului t\u0103u.<\/p><p>Te rog s\u0103 re\u021bii c\u0103 site-ul nostru s-ar putea s\u0103 nu func\u021bioneze corect dac\u0103 sunt dezactivate toate cookie-urile. Dac\u0103 \u0219tergi cookie-urile din navigatorul t\u0103u, ele vor fi plasate din nou dup\u0103 ce \u00ee\u021bi dai consim\u021b\u0103m\u00e2ntul c\u00e2nd vizitezi din nou site-ul nostru.<\/p><h2>8. Drepturile tale asupra datelor cu caracter personal<\/h2><p>Ai urm\u0103toarele drepturi asupra datelor cu caracter personal:<\/p><ul>\n                    <li>Ai dreptul s\u0103 \u0219tii de ce sunt necesare datele tale cu caracter personal, ce vom face cu ele \u0219i c\u00e2t timp vor fi p\u0103strate.<\/li>\n                    <li>Dreptul de acces: ai dreptul de a-\u021bi accesa datele cu caracter personal pe care le-am colectat.<\/li>\n                    <li>Dreptul la rectificare: ai dreptul de a completa, corecta, \u0219terge sau bloca datele tale cu caracter personal oric\u00e2nd vrei.<\/li>\n                    <li>Dac\u0103 ne dai consim\u021b\u0103m\u00e2ntul s\u0103-\u021bi prelucr\u0103m datele, ai dreptul de a revoca consim\u021b\u0103m\u00e2ntul \u0219i s\u0103 ceri \u0219tergerea tuturor datelor cu caracter personal.<\/li>\n                    <li>Dreptul de a-\u021bi transfera datele: ai dreptul s\u0103 ceri toate datele tale cu caracter personal de la operator \u0219i s\u0103 le transferi \u00een \u00eentregime la un alt operator.<\/li>\n                    <li>Dreptul de a obiecta: te po\u021bi opune prelucr\u0103rii datelor tale. Respect\u0103m acest lucru, cu excep\u021bia cazului \u00een care exist\u0103 motive justificate pentru prelucrare.<\/li>\n                <\/ul><p>Pentru exercitarea acestor drepturi, te rug\u0103m s\u0103 ne contactezi. Te rug\u0103m s\u0103 folose\u0219ti detaliile de contact din partea de jos a acestor Politici privind cookie-urile. Dac\u0103 ai o reclama\u021bie cu privire la modul \u00een care gestion\u0103m datele tale, am dori s\u0103 ne comunici acest lucru, dar ai \u0219i dreptul de a depune o reclama\u021bie la autoritatea de supraveghere (Autoritatea Na\u021bional\u0103 de Supraveghere a Prelucr\u0103rii Datelor cu Caracter Personal).<\/p><h2>9. Date de contact<\/h2><p>Pentru \u00eentreb\u0103ri \u0219ii\/sau comentarii \u00een leg\u0103tur\u0103 cu Politica noastr\u0103 privind cookie-urile \u0219i aceast\u0103 declara\u021bie, te rog contacteaz\u0103-ne folosind urm\u0103toarele informa\u021bii de contact:<\/p><p><span class=\"cmplz-contact-organisation\">Alltrucks GmbH &amp; Co. KG<\/span><br>\n                      <span class=\"cmplz-contact-address\">Perchtinger Stra\u00dfe 6<br \/>\n81379 M\u00fcnchen<\/span><br>\n                      <span class=\"cmplz-contact-country\">Germania<\/span><br>\n                    Site web: <span class=\"cmplz-contact-domain\"><a href=\"https:\/\/alltrucks.brandnew.media\/ro\">https:\/\/alltrucks.brandnew.media\/ro<\/a><\/span><br>\n                    Email: <span class=\"cmplz-contact-email\"><span class=\"cmplz-obfuscate\">info@<span class=\"cmplz-fmail-domain\">ex.com<\/span>a&#108;&#108;&#116;&#114;&#117;c&#107;s.co&#109;<\/span><\/span><br>\n                    <span class=\"cmplz-contact-telephone\">Num\u0103r de telefon: +49 (0) 89 462 24 66 0<\/span><\/p><p>Aceast\u0103 Politic\u0103 cookie-uri a fost sincronizat\u0103 cu <a href=\"https:\/\/cookiedatabase.org\/\" target=\"_blank\">cookiedatabase.org<\/a> pe 22 octombrie 2025.<\/p><\/div>","protected":false},"excerpt":{"rendered":"","protected":false},"author":1,"featured_media":0,"parent":0,"menu_order":0,"comment_status":"closed","ping_status":"closed","template":"","meta":{"_acf_changed":false,"footnotes":""},"class_list":["post-2024","page","type-page","status-publish","hentry"],"acf":[],"yoast_head":"<!-- This site is optimized with the Yoast SEO Premium plugin v26.3 (Yoast SEO v26.3) - https:\/\/yoast.com\/wordpress\/plugins\/seo\/ -->\n<title>Cookie-Richtlinie - Alltrucks Truck &amp; Trailer Service<\/title>\n<meta name=\"robots\" content=\"index, follow, max-snippet:-1, max-image-preview:large, max-video-preview:-1\" \/>\n<link rel=\"canonical\" href=\"https:\/\/alltrucks.brandnew.media\/ro\/cookie-richtlinie-eu\/\" \/>\n<meta property=\"og:locale\" content=\"ro_RO\" \/>\n<meta property=\"og:type\" content=\"article\" \/>\n<meta property=\"og:title\" content=\"Cookie-Richtlinie\" \/>\n<meta property=\"og:url\" content=\"https:\/\/alltrucks.brandnew.media\/ro\/cookie-richtlinie-eu\/\" \/>\n<meta property=\"og:site_name\" content=\"Alltrucks Truck &amp; Trailer Service\" \/>\n<meta property=\"article:publisher\" content=\"https:\/\/www.facebook.com\/alltrucksDE\/mentions\/?_rdr\" \/>\n<meta property=\"article:modified_time\" content=\"2025-10-22T14:02:57+00:00\" \/>\n<meta name=\"twitter:card\" content=\"summary_large_image\" \/>\n<meta name=\"twitter:label1\" content=\"Timp estimat pentru citire\" \/>\n\t<meta name=\"twitter:data1\" content=\"1 minut\" \/>\n<script type=\"application\/ld+json\" class=\"yoast-schema-graph\">{\"@context\":\"https:\/\/schema.org\",\"@graph\":[{\"@type\":\"WebPage\",\"@id\":\"https:\/\/alltrucks.brandnew.media\/ro\/cookie-richtlinie-eu\/\",\"url\":\"https:\/\/alltrucks.brandnew.media\/ro\/cookie-richtlinie-eu\/\",\"name\":\"Cookie-Richtlinie - Alltrucks Truck &amp; Trailer Service\",\"isPartOf\":{\"@id\":\"https:\/\/alltrucks.brandnew.media\/ro\/#website\"},\"datePublished\":\"2025-10-19T19:41:55+00:00\",\"dateModified\":\"2025-10-22T14:02:57+00:00\",\"breadcrumb\":{\"@id\":\"https:\/\/alltrucks.brandnew.media\/ro\/cookie-richtlinie-eu\/#breadcrumb\"},\"inLanguage\":\"ro-RO\",\"potentialAction\":[{\"@type\":\"ReadAction\",\"target\":[\"https:\/\/alltrucks.brandnew.media\/ro\/cookie-richtlinie-eu\/\"]}]},{\"@type\":\"BreadcrumbList\",\"@id\":\"https:\/\/alltrucks.brandnew.media\/ro\/cookie-richtlinie-eu\/#breadcrumb\",\"itemListElement\":[{\"@type\":\"ListItem\",\"position\":1,\"name\":\"Startseite\",\"item\":\"https:\/\/alltrucks.brandnew.media\/ro\/\"},{\"@type\":\"ListItem\",\"position\":2,\"name\":\"Cookie-Richtlinie\"}]},{\"@type\":\"WebSite\",\"@id\":\"https:\/\/alltrucks.brandnew.media\/ro\/#website\",\"url\":\"https:\/\/alltrucks.brandnew.media\/ro\/\",\"name\":\"Alltrucks Truck & Trailer Service\",\"description\":\"\",\"publisher\":{\"@id\":\"https:\/\/alltrucks.brandnew.media\/ro\/#organization\"},\"potentialAction\":[{\"@type\":\"SearchAction\",\"target\":{\"@type\":\"EntryPoint\",\"urlTemplate\":\"https:\/\/alltrucks.brandnew.media\/ro\/?s={search_term_string}\"},\"query-input\":{\"@type\":\"PropertyValueSpecification\",\"valueRequired\":true,\"valueName\":\"search_term_string\"}}],\"inLanguage\":\"ro-RO\"},{\"@type\":\"Organization\",\"@id\":\"https:\/\/alltrucks.brandnew.media\/ro\/#organization\",\"name\":\"Alltrucks GmbH & Co. KG\",\"url\":\"https:\/\/alltrucks.brandnew.media\/ro\/\",\"logo\":{\"@type\":\"ImageObject\",\"inLanguage\":\"ro-RO\",\"@id\":\"https:\/\/alltrucks.brandnew.media\/ro\/#\/schema\/logo\/image\/\",\"url\":\"https:\/\/alltrucks.brandnew.media\/wp-content\/uploads\/2025\/09\/Logo.svg\",\"contentUrl\":\"https:\/\/alltrucks.brandnew.media\/wp-content\/uploads\/2025\/09\/Logo.svg\",\"width\":298,\"height\":65,\"caption\":\"Alltrucks GmbH & Co. KG\"},\"image\":{\"@id\":\"https:\/\/alltrucks.brandnew.media\/ro\/#\/schema\/logo\/image\/\"},\"sameAs\":[\"https:\/\/www.facebook.com\/alltrucksDE\/mentions\/?_rdr\",\"https:\/\/de.linkedin.com\/company\/alltrucks\"]}]}<\/script>\n<!-- \/ Yoast SEO Premium plugin. -->","yoast_head_json":{"title":"Politica privind cookie-urile - Alltrucks Truck &amp; Trailer Service","robots":{"index":"index","follow":"follow","max-snippet":"max-snippet:-1","max-image-preview":"max-image-preview:large","max-video-preview":"max-video-preview:-1"},"canonical":"https:\/\/alltrucks.brandnew.media\/ro\/cookie-richtlinie-eu\/","og_locale":"ro_RO","og_type":"article","og_title":"Cookie-Richtlinie","og_url":"https:\/\/alltrucks.brandnew.media\/ro\/cookie-richtlinie-eu\/","og_site_name":"Alltrucks Truck &amp; Trailer Service","article_publisher":"https:\/\/www.facebook.com\/alltrucksDE\/mentions\/?_rdr","article_modified_time":"2025-10-22T14:02:57+00:00","twitter_card":"summary_large_image","twitter_misc":{"Timp estimat pentru citire":"1 minut"},"schema":{"@context":"https:\/\/schema.org","@graph":[{"@type":"WebPage","@id":"https:\/\/alltrucks.brandnew.media\/ro\/cookie-richtlinie-eu\/","url":"https:\/\/alltrucks.brandnew.media\/ro\/cookie-richtlinie-eu\/","name":"Politica privind cookie-urile - Alltrucks Truck &amp; Trailer Service","isPartOf":{"@id":"https:\/\/alltrucks.brandnew.media\/ro\/#website"},"datePublished":"2025-10-19T19:41:55+00:00","dateModified":"2025-10-22T14:02:57+00:00","breadcrumb":{"@id":"https:\/\/alltrucks.brandnew.media\/ro\/cookie-richtlinie-eu\/#breadcrumb"},"inLanguage":"ro-RO","potentialAction":[{"@type":"ReadAction","target":["https:\/\/alltrucks.brandnew.media\/ro\/cookie-richtlinie-eu\/"]}]},{"@type":"BreadcrumbList","@id":"https:\/\/alltrucks.brandnew.media\/ro\/cookie-richtlinie-eu\/#breadcrumb","itemListElement":[{"@type":"ListItem","position":1,"name":"Startseite","item":"https:\/\/alltrucks.brandnew.media\/ro\/"},{"@type":"ListItem","position":2,"name":"Cookie-Richtlinie"}]},{"@type":"WebSite","@id":"https:\/\/alltrucks.brandnew.media\/ro\/#website","url":"https:\/\/alltrucks.brandnew.media\/ro\/","name":"Alltrucks Truck &amp; Trailer Service","description":"","publisher":{"@id":"https:\/\/alltrucks.brandnew.media\/ro\/#organization"},"potentialAction":[{"@type":"SearchAction","target":{"@type":"EntryPoint","urlTemplate":"https:\/\/alltrucks.brandnew.media\/ro\/?s={search_term_string}"},"query-input":{"@type":"PropertyValueSpecification","valueRequired":true,"valueName":"search_term_string"}}],"inLanguage":"ro-RO"},{"@type":"Organization","@id":"https:\/\/alltrucks.brandnew.media\/ro\/#organization","name":"Alltrucks GmbH &amp; Co. KG","url":"https:\/\/alltrucks.brandnew.media\/ro\/","logo":{"@type":"ImageObject","inLanguage":"ro-RO","@id":"https:\/\/alltrucks.brandnew.media\/ro\/#\/schema\/logo\/image\/","url":"https:\/\/alltrucks.brandnew.media\/wp-content\/uploads\/2025\/09\/Logo.svg","contentUrl":"https:\/\/alltrucks.brandnew.media\/wp-content\/uploads\/2025\/09\/Logo.svg","width":298,"height":65,"caption":"Alltrucks GmbH & Co. KG"},"image":{"@id":"https:\/\/alltrucks.brandnew.media\/ro\/#\/schema\/logo\/image\/"},"sameAs":["https:\/\/www.facebook.com\/alltrucksDE\/mentions\/?_rdr","https:\/\/de.linkedin.com\/company\/alltrucks"]}]}},"_links":{"self":[{"href":"https:\/\/alltrucks.brandnew.media\/ro\/wp-json\/wp\/v2\/pages\/2024","targetHints":{"allow":["GET"]}}],"collection":[{"href":"https:\/\/alltrucks.brandnew.media\/ro\/wp-json\/wp\/v2\/pages"}],"about":[{"href":"https:\/\/alltrucks.brandnew.media\/ro\/wp-json\/wp\/v2\/types\/page"}],"author":[{"embeddable":true,"href":"https:\/\/alltrucks.brandnew.media\/ro\/wp-json\/wp\/v2\/users\/1"}],"replies":[{"embeddable":true,"href":"https:\/\/alltrucks.brandnew.media\/ro\/wp-json\/wp\/v2\/comments?post=2024"}],"version-history":[{"count":1,"href":"https:\/\/alltrucks.brandnew.media\/ro\/wp-json\/wp\/v2\/pages\/2024\/revisions"}],"predecessor-version":[{"id":2036,"href":"https:\/\/alltrucks.brandnew.media\/ro\/wp-json\/wp\/v2\/pages\/2024\/revisions\/2036"}],"wp:attachment":[{"href":"https:\/\/alltrucks.brandnew.media\/ro\/wp-json\/wp\/v2\/media?parent=2024"}],"curies":[{"name":"wp","href":"https:\/\/api.w.org\/{rel}","templated":true}]}}