{"id":790,"date":"2025-10-07T17:27:16","date_gmt":"2025-10-07T17:27:16","guid":{"rendered":"https:\/\/alltrucks.brandnew.media\/?page_id=790"},"modified":"2026-02-06T15:19:49","modified_gmt":"2026-02-06T15:19:49","slug":"haftungsausschluss","status":"publish","type":"page","link":"https:\/\/alltrucks.brandnew.media\/pt\/haftungsausschluss\/","title":{"rendered":"Declara\u00e7\u00e3o de exonera\u00e7\u00e3o de responsabilidade"},"content":{"rendered":"<div data-elementor-type=\"wp-page\" data-elementor-id=\"790\" class=\"elementor elementor-790\" data-elementor-post-type=\"page\">\n\t\t\t\t<div class=\"elementor-element elementor-element-1f285de e-flex e-con-boxed e-con e-parent\" data-id=\"1f285de\" data-element_type=\"container\">\n\t\t\t\t\t<div class=\"e-con-inner\">\n\t\t\t\t<div class=\"elementor-element elementor-element-0e27537 elementor-widget elementor-widget-heading\" data-id=\"0e27537\" data-element_type=\"widget\" data-widget_type=\"heading.default\">\n\t\t\t\t\t<h1 class=\"elementor-heading-title elementor-size-default\"><h3 class=\"headline-50 brand-logo\"><span>Declara\u00e7\u00e3o de exonera\u00e7\u00e3o de responsabilidade<\/span><\/h3><\/h1>\t\t\t\t<\/div>\n\t\t\t\t<div class=\"elementor-element elementor-element-5b2ab6c elementor-widget elementor-widget-text-editor\" data-id=\"5b2ab6c\" data-element_type=\"widget\" data-widget_type=\"text-editor.default\">\n\t\t\t\t\t\t\t\t\t<div class=\"text-full\"><div class=\"rte-text\"><p><strong>Declara\u00e7\u00e3o de exonera\u00e7\u00e3o de responsabilidade<\/strong><\/p><p>A Alltrucks GmbH &amp; Co. KG (\"Alltrucks\") esfor\u00e7a-se, na medida das suas possibilidades, por assegurar a exatid\u00e3o e a integridade das informa\u00e7\u00f5es dispon\u00edveis nas p\u00e1ginas do website www.alltrucks.com (\"website\"), mas n\u00e3o assume qualquer responsabilidade pela atualidade, exatid\u00e3o ou integridade das informa\u00e7\u00f5es fornecidas nas p\u00e1ginas do website. Al\u00e9m disso, a Alltrucks n\u00e3o \u00e9 respons\u00e1vel pelo conte\u00fado de s\u00edtios Web externos para os quais o s\u00edtio Web remete direta ou indiretamente atrav\u00e9s de hiperliga\u00e7\u00f5es e que se encontram fora da \u00e1rea de responsabilidade da Alltrucks.<\/p><p>A Alltrucks reserva-se expressamente o direito de alterar, completar ou suprimir o s\u00edtio Web, em parte ou na sua totalidade, sem aviso pr\u00e9vio ou de cessar a sua publica\u00e7\u00e3o tempor\u00e1ria ou definitivamente. Os conte\u00fados dispon\u00edveis nas p\u00e1ginas do s\u00edtio Web est\u00e3o protegidos por direitos de autor. A reprodu\u00e7\u00e3o ou a utiliza\u00e7\u00e3o deste conte\u00fado por terceiros, sob qualquer forma, n\u00e3o \u00e9 permitida sem o consentimento expresso da Alltrucks; contactar a pessoa indicada no aviso legal para obter esse consentimento.<\/p><p>Esta declara\u00e7\u00e3o de exonera\u00e7\u00e3o de responsabilidade deve ser considerada como parte integrante do s\u00edtio Web. Se partes ou formula\u00e7\u00f5es individuais da presente declara\u00e7\u00e3o de exonera\u00e7\u00e3o de responsabilidade n\u00e3o corresponderem, deixarem de corresponder ou n\u00e3o corresponderem totalmente \u00e0 situa\u00e7\u00e3o jur\u00eddica aplic\u00e1vel, o conte\u00fado e a validade das restantes partes do documento n\u00e3o ser\u00e3o afectados.<\/p><p><strong>Termos de utiliza\u00e7\u00e3o<\/strong><\/p><p>A utiliza\u00e7\u00e3o do nosso s\u00edtio Web e dos seus conte\u00fados est\u00e1 sujeita \u00e0s seguintes condi\u00e7\u00f5es:<\/p><p><strong>Conte\u00fado do s\u00edtio Web<\/strong><br \/>Embora tenhamos criado e mantido o conte\u00fado do nosso s\u00edtio Web com cuidado, n\u00e3o aceitamos qualquer responsabilidade pela atualidade, integridade ou qualidade das informa\u00e7\u00f5es fornecidas no s\u00edtio Web. Reservamo-nos o direito de alterar, complementar ou eliminar conte\u00fados individuais ou todo o s\u00edtio Web em qualquer altura.<\/p><p><strong>Direitos de autor e direitos de utiliza\u00e7\u00e3o<\/strong><br \/>O conte\u00fado do nosso s\u00edtio Web est\u00e1 protegido por direitos de autor. Os utilizadores do nosso s\u00edtio Web s\u00f3 est\u00e3o autorizados a recuperar o conte\u00fado, imprimi-lo inalterado e\/ou transferi-lo para o seu computador, desde que o fa\u00e7am exclusivamente para fins de utiliza\u00e7\u00e3o pessoal, privada ou n\u00e3o comercial. \u00c9 proibida qualquer outra utiliza\u00e7\u00e3o sem o nosso consentimento expresso por escrito.<\/p><p><strong>Contacto por correio eletr\u00f3nico<\/strong><br \/>Gostar\u00edamos de salientar que, ao contactar-nos atrav\u00e9s do nosso formul\u00e1rio de contacto no s\u00edtio Web ou por correio eletr\u00f3nico sem programas de codifica\u00e7\u00e3o, a confidencialidade do correio eletr\u00f3nico e da nossa resposta n\u00e3o pode ser garantida. A utiliza\u00e7\u00e3o de programas de encripta\u00e7\u00e3o requer um acordo pr\u00e9vio.<\/p><p>Situa\u00e7\u00e3o: 10.12.2014<\/p><\/div><\/div>\t\t\t\t\t\t\t\t<\/div>\n\t\t\t\t\t<\/div>\n\t\t\t\t<\/div>\n\t\t\t\t<\/div>","protected":false},"excerpt":{"rendered":"<p>Declara\u00e7\u00e3o de exonera\u00e7\u00e3o de responsabilidade A Alltrucks GmbH &amp; Co. KG (\"Alltrucks\") esfor\u00e7a-se, na medida das suas possibilidades, por assegurar a exatid\u00e3o e a integridade das informa\u00e7\u00f5es dispon\u00edveis nas p\u00e1ginas do s\u00edtio Web www.alltrucks.com (\"s\u00edtio Web\"), mas n\u00e3o assume qualquer responsabilidade pela atualidade, exatid\u00e3o ou integridade das informa\u00e7\u00f5es fornecidas nas p\u00e1ginas do s\u00edtio Web. Al\u00e9m disso, a Alltrucks n\u00e3o \u00e9 respons\u00e1vel por [...]<\/p>","protected":false},"author":1,"featured_media":0,"parent":0,"menu_order":0,"comment_status":"closed","ping_status":"closed","template":"","meta":{"_acf_changed":false,"footnotes":""},"class_list":["post-790","page","type-page","status-publish","hentry"],"acf":[],"yoast_head":"<!-- This site is optimized with the Yoast SEO Premium plugin v26.3 (Yoast SEO v26.3) - https:\/\/yoast.com\/wordpress\/plugins\/seo\/ -->\n<title>Haftungsausschluss - Alltrucks Truck &amp; Trailer Service<\/title>\n<meta name=\"robots\" content=\"index, follow, max-snippet:-1, max-image-preview:large, max-video-preview:-1\" \/>\n<link rel=\"canonical\" href=\"https:\/\/alltrucks.brandnew.media\/pt\/haftungsausschluss\/\" \/>\n<meta property=\"og:locale\" content=\"pt_PT\" \/>\n<meta property=\"og:type\" content=\"article\" \/>\n<meta property=\"og:title\" content=\"Haftungsausschluss\" \/>\n<meta property=\"og:description\" content=\"Haftungsausschluss Disclaimer Die Alltrucks GmbH &amp; Co. KG (\u201eAlltrucks&#8220;) ist nach besten Kr\u00e4ften bem\u00fcht, f\u00fcr die Richtigkeit und Vollst\u00e4ndigkeit der auf den Seiten der Web-Pr\u00e4senz www.alltrucks.com (\u201eWeb-Pr\u00e4senz&#8220;) verf\u00fcgbaren Informationen zu sorgen, \u00fcbernimmt jedoch keinerlei Gew\u00e4hr f\u00fcr die Aktualit\u00e4t, Richtigkeit oder Vollst\u00e4ndigkeit der auf den Seiten der Web-Pr\u00e4senz bereitgestellten Informationen. Alltrucks steht dar\u00fcber hinaus nicht f\u00fcr [&hellip;]\" \/>\n<meta property=\"og:url\" content=\"https:\/\/alltrucks.brandnew.media\/pt\/haftungsausschluss\/\" \/>\n<meta property=\"og:site_name\" content=\"Alltrucks Truck &amp; Trailer Service\" \/>\n<meta property=\"article:publisher\" content=\"https:\/\/www.facebook.com\/alltrucksDE\/mentions\/?_rdr\" \/>\n<meta property=\"article:modified_time\" content=\"2026-02-06T15:19:49+00:00\" \/>\n<meta name=\"twitter:card\" content=\"summary_large_image\" \/>\n<meta name=\"twitter:label1\" content=\"Tempo estimado de leitura\" \/>\n\t<meta name=\"twitter:data1\" content=\"2 minutos\" \/>\n<script type=\"application\/ld+json\" class=\"yoast-schema-graph\">{\"@context\":\"https:\/\/schema.org\",\"@graph\":[{\"@type\":\"WebPage\",\"@id\":\"https:\/\/alltrucks.brandnew.media\/pt\/haftungsausschluss\/\",\"url\":\"https:\/\/alltrucks.brandnew.media\/pt\/haftungsausschluss\/\",\"name\":\"Haftungsausschluss - Alltrucks Truck &amp; Trailer Service\",\"isPartOf\":{\"@id\":\"https:\/\/alltrucks.brandnew.media\/pt\/#website\"},\"datePublished\":\"2025-10-07T17:27:16+00:00\",\"dateModified\":\"2026-02-06T15:19:49+00:00\",\"breadcrumb\":{\"@id\":\"https:\/\/alltrucks.brandnew.media\/pt\/haftungsausschluss\/#breadcrumb\"},\"inLanguage\":\"pt-PT\",\"potentialAction\":[{\"@type\":\"ReadAction\",\"target\":[\"https:\/\/alltrucks.brandnew.media\/pt\/haftungsausschluss\/\"]}]},{\"@type\":\"BreadcrumbList\",\"@id\":\"https:\/\/alltrucks.brandnew.media\/pt\/haftungsausschluss\/#breadcrumb\",\"itemListElement\":[{\"@type\":\"ListItem\",\"position\":1,\"name\":\"Startseite\",\"item\":\"https:\/\/alltrucks.brandnew.media\/pt\/\"},{\"@type\":\"ListItem\",\"position\":2,\"name\":\"Haftungsausschluss\"}]},{\"@type\":\"WebSite\",\"@id\":\"https:\/\/alltrucks.brandnew.media\/pt\/#website\",\"url\":\"https:\/\/alltrucks.brandnew.media\/pt\/\",\"name\":\"Alltrucks Truck & Trailer Service\",\"description\":\"\",\"publisher\":{\"@id\":\"https:\/\/alltrucks.brandnew.media\/pt\/#organization\"},\"potentialAction\":[{\"@type\":\"SearchAction\",\"target\":{\"@type\":\"EntryPoint\",\"urlTemplate\":\"https:\/\/alltrucks.brandnew.media\/pt\/?s={search_term_string}\"},\"query-input\":{\"@type\":\"PropertyValueSpecification\",\"valueRequired\":true,\"valueName\":\"search_term_string\"}}],\"inLanguage\":\"pt-PT\"},{\"@type\":\"Organization\",\"@id\":\"https:\/\/alltrucks.brandnew.media\/pt\/#organization\",\"name\":\"Alltrucks GmbH & Co. KG\",\"url\":\"https:\/\/alltrucks.brandnew.media\/pt\/\",\"logo\":{\"@type\":\"ImageObject\",\"inLanguage\":\"pt-PT\",\"@id\":\"https:\/\/alltrucks.brandnew.media\/pt\/#\/schema\/logo\/image\/\",\"url\":\"https:\/\/alltrucks.brandnew.media\/wp-content\/uploads\/2025\/09\/Logo.svg\",\"contentUrl\":\"https:\/\/alltrucks.brandnew.media\/wp-content\/uploads\/2025\/09\/Logo.svg\",\"width\":298,\"height\":65,\"caption\":\"Alltrucks GmbH & Co. KG\"},\"image\":{\"@id\":\"https:\/\/alltrucks.brandnew.media\/pt\/#\/schema\/logo\/image\/\"},\"sameAs\":[\"https:\/\/www.facebook.com\/alltrucksDE\/mentions\/?_rdr\",\"https:\/\/de.linkedin.com\/company\/alltrucks\"]}]}<\/script>\n<!-- \/ Yoast SEO Premium plugin. -->","yoast_head_json":{"title":"Aviso legal - Alltrucks Truck &amp; Trailer Service","robots":{"index":"index","follow":"follow","max-snippet":"max-snippet:-1","max-image-preview":"max-image-preview:large","max-video-preview":"max-video-preview:-1"},"canonical":"https:\/\/alltrucks.brandnew.media\/pt\/haftungsausschluss\/","og_locale":"pt_PT","og_type":"article","og_title":"Haftungsausschluss","og_description":"Haftungsausschluss Disclaimer Die Alltrucks GmbH &amp; Co. KG (\u201eAlltrucks&#8220;) ist nach besten Kr\u00e4ften bem\u00fcht, f\u00fcr die Richtigkeit und Vollst\u00e4ndigkeit der auf den Seiten der Web-Pr\u00e4senz www.alltrucks.com (\u201eWeb-Pr\u00e4senz&#8220;) verf\u00fcgbaren Informationen zu sorgen, \u00fcbernimmt jedoch keinerlei Gew\u00e4hr f\u00fcr die Aktualit\u00e4t, Richtigkeit oder Vollst\u00e4ndigkeit der auf den Seiten der Web-Pr\u00e4senz bereitgestellten Informationen. Alltrucks steht dar\u00fcber hinaus nicht f\u00fcr [&hellip;]","og_url":"https:\/\/alltrucks.brandnew.media\/pt\/haftungsausschluss\/","og_site_name":"Alltrucks Truck &amp; Trailer Service","article_publisher":"https:\/\/www.facebook.com\/alltrucksDE\/mentions\/?_rdr","article_modified_time":"2026-02-06T15:19:49+00:00","twitter_card":"summary_large_image","twitter_misc":{"Tempo estimado de leitura":"2 minutos"},"schema":{"@context":"https:\/\/schema.org","@graph":[{"@type":"WebPage","@id":"https:\/\/alltrucks.brandnew.media\/pt\/haftungsausschluss\/","url":"https:\/\/alltrucks.brandnew.media\/pt\/haftungsausschluss\/","name":"Aviso legal - Alltrucks Truck &amp; Trailer Service","isPartOf":{"@id":"https:\/\/alltrucks.brandnew.media\/pt\/#website"},"datePublished":"2025-10-07T17:27:16+00:00","dateModified":"2026-02-06T15:19:49+00:00","breadcrumb":{"@id":"https:\/\/alltrucks.brandnew.media\/pt\/haftungsausschluss\/#breadcrumb"},"inLanguage":"pt-PT","potentialAction":[{"@type":"ReadAction","target":["https:\/\/alltrucks.brandnew.media\/pt\/haftungsausschluss\/"]}]},{"@type":"BreadcrumbList","@id":"https:\/\/alltrucks.brandnew.media\/pt\/haftungsausschluss\/#breadcrumb","itemListElement":[{"@type":"ListItem","position":1,"name":"Startseite","item":"https:\/\/alltrucks.brandnew.media\/pt\/"},{"@type":"ListItem","position":2,"name":"Haftungsausschluss"}]},{"@type":"WebSite","@id":"https:\/\/alltrucks.brandnew.media\/pt\/#website","url":"https:\/\/alltrucks.brandnew.media\/pt\/","name":"Alltrucks Truck &amp; Trailer Service","description":"","publisher":{"@id":"https:\/\/alltrucks.brandnew.media\/pt\/#organization"},"potentialAction":[{"@type":"SearchAction","target":{"@type":"EntryPoint","urlTemplate":"https:\/\/alltrucks.brandnew.media\/pt\/?s={search_term_string}"},"query-input":{"@type":"PropertyValueSpecification","valueRequired":true,"valueName":"search_term_string"}}],"inLanguage":"pt-PT"},{"@type":"Organization","@id":"https:\/\/alltrucks.brandnew.media\/pt\/#organization","name":"Alltrucks GmbH &amp; Co. KG","url":"https:\/\/alltrucks.brandnew.media\/pt\/","logo":{"@type":"ImageObject","inLanguage":"pt-PT","@id":"https:\/\/alltrucks.brandnew.media\/pt\/#\/schema\/logo\/image\/","url":"https:\/\/alltrucks.brandnew.media\/wp-content\/uploads\/2025\/09\/Logo.svg","contentUrl":"https:\/\/alltrucks.brandnew.media\/wp-content\/uploads\/2025\/09\/Logo.svg","width":298,"height":65,"caption":"Alltrucks GmbH & Co. KG"},"image":{"@id":"https:\/\/alltrucks.brandnew.media\/pt\/#\/schema\/logo\/image\/"},"sameAs":["https:\/\/www.facebook.com\/alltrucksDE\/mentions\/?_rdr","https:\/\/de.linkedin.com\/company\/alltrucks"]}]}},"_links":{"self":[{"href":"https:\/\/alltrucks.brandnew.media\/pt\/wp-json\/wp\/v2\/pages\/790","targetHints":{"allow":["GET"]}}],"collection":[{"href":"https:\/\/alltrucks.brandnew.media\/pt\/wp-json\/wp\/v2\/pages"}],"about":[{"href":"https:\/\/alltrucks.brandnew.media\/pt\/wp-json\/wp\/v2\/types\/page"}],"author":[{"embeddable":true,"href":"https:\/\/alltrucks.brandnew.media\/pt\/wp-json\/wp\/v2\/users\/1"}],"replies":[{"embeddable":true,"href":"https:\/\/alltrucks.brandnew.media\/pt\/wp-json\/wp\/v2\/comments?post=790"}],"version-history":[{"count":7,"href":"https:\/\/alltrucks.brandnew.media\/pt\/wp-json\/wp\/v2\/pages\/790\/revisions"}],"predecessor-version":[{"id":2208,"href":"https:\/\/alltrucks.brandnew.media\/pt\/wp-json\/wp\/v2\/pages\/790\/revisions\/2208"}],"wp:attachment":[{"href":"https:\/\/alltrucks.brandnew.media\/pt\/wp-json\/wp\/v2\/media?parent=790"}],"curies":[{"name":"wp","href":"https:\/\/api.w.org\/{rel}","templated":true}]}}