{"id":790,"date":"2025-10-07T17:27:16","date_gmt":"2025-10-07T17:27:16","guid":{"rendered":"https:\/\/alltrucks.brandnew.media\/?page_id=790"},"modified":"2026-02-06T15:19:49","modified_gmt":"2026-02-06T15:19:49","slug":"haftungsausschluss","status":"publish","type":"page","link":"https:\/\/alltrucks.brandnew.media\/pl\/haftungsausschluss\/","title":{"rendered":"Zastrze\u017cenie"},"content":{"rendered":"<div data-elementor-type=\"wp-page\" data-elementor-id=\"790\" class=\"elementor elementor-790\" data-elementor-post-type=\"page\">\n\t\t\t\t<div class=\"elementor-element elementor-element-1f285de e-flex e-con-boxed e-con e-parent\" data-id=\"1f285de\" data-element_type=\"container\">\n\t\t\t\t\t<div class=\"e-con-inner\">\n\t\t\t\t<div class=\"elementor-element elementor-element-0e27537 elementor-widget elementor-widget-heading\" data-id=\"0e27537\" data-element_type=\"widget\" data-widget_type=\"heading.default\">\n\t\t\t\t\t<h1 class=\"elementor-heading-title elementor-size-default\"><h3 class=\"headline-50 brand-logo\"><span>Zastrze\u017cenie<\/span><\/h3><\/h1>\t\t\t\t<\/div>\n\t\t\t\t<div class=\"elementor-element elementor-element-5b2ab6c elementor-widget elementor-widget-text-editor\" data-id=\"5b2ab6c\" data-element_type=\"widget\" data-widget_type=\"text-editor.default\">\n\t\t\t\t\t\t\t\t\t<div class=\"text-full\"><div class=\"rte-text\"><p><strong>Zastrze\u017cenie<\/strong><\/p><p>Alltrucks GmbH &amp; Co. KG (\"Alltrucks\") dok\u0142ada wszelkich stara\u0144, aby zapewni\u0107 dok\u0142adno\u015b\u0107 i kompletno\u015b\u0107 informacji dost\u0119pnych na stronach witryny internetowej www.alltrucks.com (\"witryna\"), ale nie ponosi \u017cadnej odpowiedzialno\u015bci za aktualno\u015b\u0107, dok\u0142adno\u015b\u0107 lub kompletno\u015b\u0107 informacji zawartych na stronach witryny. Ponadto, Alltrucks nie ponosi odpowiedzialno\u015bci za tre\u015b\u0107 zewn\u0119trznych stron internetowych, do kt\u00f3rych strona odsy\u0142a bezpo\u015brednio lub po\u015brednio poprzez hiper\u0142\u0105cza i kt\u00f3re le\u017c\u0105 poza obszarem odpowiedzialno\u015bci Alltrucks.<\/p><p>Alltrucks wyra\u017anie zastrzega sobie prawo do zmiany, uzupe\u0142nienia lub usuni\u0119cia strony internetowej w cz\u0119\u015bci lub w ca\u0142o\u015bci bez uprzedniego powiadomienia lub do zaprzestania publikacji tymczasowo lub na sta\u0142e. Tre\u015bci dost\u0119pne na stronach serwisu s\u0105 chronione prawem autorskim. Powielanie lub wykorzystywanie tych tre\u015bci przez osoby trzecie w jakiejkolwiek formie jest niedozwolone bez wyra\u017anej zgody Alltrucks; w celu uzyskania takiej zgody nale\u017cy skontaktowa\u0107 si\u0119 z osob\u0105 wskazan\u0105 w nocie prawnej.<\/p><p>Niniejsze wy\u0142\u0105czenie odpowiedzialno\u015bci nale\u017cy traktowa\u0107 jako cz\u0119\u015b\u0107 strony internetowej. Je\u015bli cz\u0119\u015bci lub poszczeg\u00f3lne sformu\u0142owania niniejszego wy\u0142\u0105czenia odpowiedzialno\u015bci nie b\u0119d\u0105, przestan\u0105 by\u0107 lub nie b\u0119d\u0105 w pe\u0142ni zgodne z obowi\u0105zuj\u0105c\u0105 sytuacj\u0105 prawn\u0105, tre\u015b\u0107 i wa\u017cno\u015b\u0107 pozosta\u0142ych cz\u0119\u015bci dokumentu pozostanie nienaruszona.<\/p><p><strong>Warunki u\u017cytkowania<\/strong><\/p><p>Korzystanie z naszej strony internetowej i jej zawarto\u015bci podlega nast\u0119puj\u0105cym warunkom:<\/p><p><strong>Zawarto\u015b\u0107 strony internetowej<\/strong><br \/>Mimo \u017ce stworzyli\u015bmy i utrzymujemy zawarto\u015b\u0107 naszej strony internetowej z nale\u017cyt\u0105 staranno\u015bci\u0105, nie ponosimy odpowiedzialno\u015bci za aktualno\u015b\u0107, kompletno\u015b\u0107 ani jako\u015b\u0107 informacji zamieszczonych na stronie. Zastrzegamy sobie prawo do zmiany, uzupe\u0142nienia lub usuni\u0119cia poszczeg\u00f3lnych tre\u015bci lub ca\u0142ej witryny w dowolnym momencie.<\/p><p><strong>Prawa autorskie i prawa u\u017cytkowania<\/strong><br \/>Zawarto\u015b\u0107 naszej strony internetowej jest chroniona prawem autorskim. U\u017cytkownicy naszej strony internetowej mog\u0105 pobiera\u0107 jej zawarto\u015b\u0107, drukowa\u0107 j\u0105 w niezmienionej formie i\/lub pobiera\u0107 na sw\u00f3j komputer wy\u0142\u0105cznie w celach osobistych, prywatnych lub niekomercyjnych. Jakiekolwiek inne wykorzystanie bez naszej wyra\u017anej pisemnej zgody jest zabronione.<\/p><p><strong>Kontakt e-mail<\/strong><br \/>Zwracamy uwag\u0119, \u017ce kontaktuj\u0105c si\u0119 z nami za po\u015brednictwem naszego formularza kontaktowego na stronie internetowej lub poczt\u0105 elektroniczn\u0105 bez program\u00f3w szyfruj\u0105cych, nie mo\u017cna zagwarantowa\u0107 poufno\u015bci wiadomo\u015bci e-mail i naszej odpowiedzi. Korzystanie z program\u00f3w szyfruj\u0105cych wymaga wcze\u015bniejszego uzgodnienia.<\/p><p>Status: 10.12.2014<\/p><\/div><\/div>\t\t\t\t\t\t\t\t<\/div>\n\t\t\t\t\t<\/div>\n\t\t\t\t<\/div>\n\t\t\t\t<\/div>","protected":false},"excerpt":{"rendered":"<p>Wy\u0142\u0105czenie odpowiedzialno\u015bci Alltrucks GmbH &amp; Co. KG (\"Alltrucks\") dok\u0142ada wszelkich stara\u0144, aby zapewni\u0107 dok\u0142adno\u015b\u0107 i kompletno\u015b\u0107 informacji dost\u0119pnych na stronach witryny www.alltrucks.com (\"witryna\"), ale nie ponosi \u017cadnej odpowiedzialno\u015bci za aktualno\u015b\u0107, dok\u0142adno\u015b\u0107 lub kompletno\u015b\u0107 informacji zamieszczonych na stronach witryny. Ponadto Alltrucks nie ponosi odpowiedzialno\u015bci za [...]<\/p>","protected":false},"author":1,"featured_media":0,"parent":0,"menu_order":0,"comment_status":"closed","ping_status":"closed","template":"","meta":{"_acf_changed":false,"footnotes":""},"class_list":["post-790","page","type-page","status-publish","hentry"],"acf":[],"yoast_head":"<!-- This site is optimized with the Yoast SEO Premium plugin v26.3 (Yoast SEO v26.3) - https:\/\/yoast.com\/wordpress\/plugins\/seo\/ -->\n<title>Haftungsausschluss - Alltrucks Truck &amp; Trailer Service<\/title>\n<meta name=\"robots\" content=\"index, follow, max-snippet:-1, max-image-preview:large, max-video-preview:-1\" \/>\n<link rel=\"canonical\" href=\"https:\/\/alltrucks.brandnew.media\/pl\/haftungsausschluss\/\" \/>\n<meta property=\"og:locale\" content=\"pl_PL\" \/>\n<meta property=\"og:type\" content=\"article\" \/>\n<meta property=\"og:title\" content=\"Haftungsausschluss\" \/>\n<meta property=\"og:description\" content=\"Haftungsausschluss Disclaimer Die Alltrucks GmbH &amp; Co. KG (\u201eAlltrucks&#8220;) ist nach besten Kr\u00e4ften bem\u00fcht, f\u00fcr die Richtigkeit und Vollst\u00e4ndigkeit der auf den Seiten der Web-Pr\u00e4senz www.alltrucks.com (\u201eWeb-Pr\u00e4senz&#8220;) verf\u00fcgbaren Informationen zu sorgen, \u00fcbernimmt jedoch keinerlei Gew\u00e4hr f\u00fcr die Aktualit\u00e4t, Richtigkeit oder Vollst\u00e4ndigkeit der auf den Seiten der Web-Pr\u00e4senz bereitgestellten Informationen. Alltrucks steht dar\u00fcber hinaus nicht f\u00fcr [&hellip;]\" \/>\n<meta property=\"og:url\" content=\"https:\/\/alltrucks.brandnew.media\/pl\/haftungsausschluss\/\" \/>\n<meta property=\"og:site_name\" content=\"Alltrucks Truck &amp; Trailer Service\" \/>\n<meta property=\"article:publisher\" content=\"https:\/\/www.facebook.com\/alltrucksDE\/mentions\/?_rdr\" \/>\n<meta property=\"article:modified_time\" content=\"2026-02-06T15:19:49+00:00\" \/>\n<meta name=\"twitter:card\" content=\"summary_large_image\" \/>\n<meta name=\"twitter:label1\" content=\"Szacowany czas czytania\" \/>\n\t<meta name=\"twitter:data1\" content=\"2 minuty\" \/>\n<script type=\"application\/ld+json\" class=\"yoast-schema-graph\">{\"@context\":\"https:\/\/schema.org\",\"@graph\":[{\"@type\":\"WebPage\",\"@id\":\"https:\/\/alltrucks.brandnew.media\/pl\/haftungsausschluss\/\",\"url\":\"https:\/\/alltrucks.brandnew.media\/pl\/haftungsausschluss\/\",\"name\":\"Haftungsausschluss - Alltrucks Truck &amp; Trailer Service\",\"isPartOf\":{\"@id\":\"https:\/\/alltrucks.brandnew.media\/pl\/#website\"},\"datePublished\":\"2025-10-07T17:27:16+00:00\",\"dateModified\":\"2026-02-06T15:19:49+00:00\",\"breadcrumb\":{\"@id\":\"https:\/\/alltrucks.brandnew.media\/pl\/haftungsausschluss\/#breadcrumb\"},\"inLanguage\":\"pl-PL\",\"potentialAction\":[{\"@type\":\"ReadAction\",\"target\":[\"https:\/\/alltrucks.brandnew.media\/pl\/haftungsausschluss\/\"]}]},{\"@type\":\"BreadcrumbList\",\"@id\":\"https:\/\/alltrucks.brandnew.media\/pl\/haftungsausschluss\/#breadcrumb\",\"itemListElement\":[{\"@type\":\"ListItem\",\"position\":1,\"name\":\"Startseite\",\"item\":\"https:\/\/alltrucks.brandnew.media\/pl\/\"},{\"@type\":\"ListItem\",\"position\":2,\"name\":\"Haftungsausschluss\"}]},{\"@type\":\"WebSite\",\"@id\":\"https:\/\/alltrucks.brandnew.media\/pl\/#website\",\"url\":\"https:\/\/alltrucks.brandnew.media\/pl\/\",\"name\":\"Alltrucks Truck & Trailer Service\",\"description\":\"\",\"publisher\":{\"@id\":\"https:\/\/alltrucks.brandnew.media\/pl\/#organization\"},\"potentialAction\":[{\"@type\":\"SearchAction\",\"target\":{\"@type\":\"EntryPoint\",\"urlTemplate\":\"https:\/\/alltrucks.brandnew.media\/pl\/?s={search_term_string}\"},\"query-input\":{\"@type\":\"PropertyValueSpecification\",\"valueRequired\":true,\"valueName\":\"search_term_string\"}}],\"inLanguage\":\"pl-PL\"},{\"@type\":\"Organization\",\"@id\":\"https:\/\/alltrucks.brandnew.media\/pl\/#organization\",\"name\":\"Alltrucks GmbH & Co. KG\",\"url\":\"https:\/\/alltrucks.brandnew.media\/pl\/\",\"logo\":{\"@type\":\"ImageObject\",\"inLanguage\":\"pl-PL\",\"@id\":\"https:\/\/alltrucks.brandnew.media\/pl\/#\/schema\/logo\/image\/\",\"url\":\"https:\/\/alltrucks.brandnew.media\/wp-content\/uploads\/2025\/09\/Logo.svg\",\"contentUrl\":\"https:\/\/alltrucks.brandnew.media\/wp-content\/uploads\/2025\/09\/Logo.svg\",\"width\":298,\"height\":65,\"caption\":\"Alltrucks GmbH & Co. KG\"},\"image\":{\"@id\":\"https:\/\/alltrucks.brandnew.media\/pl\/#\/schema\/logo\/image\/\"},\"sameAs\":[\"https:\/\/www.facebook.com\/alltrucksDE\/mentions\/?_rdr\",\"https:\/\/de.linkedin.com\/company\/alltrucks\"]}]}<\/script>\n<!-- \/ Yoast SEO Premium plugin. -->","yoast_head_json":{"title":"Wy\u0142\u0105czenie odpowiedzialno\u015bci - Alltrucks Truck &amp; Trailer Service","robots":{"index":"index","follow":"follow","max-snippet":"max-snippet:-1","max-image-preview":"max-image-preview:large","max-video-preview":"max-video-preview:-1"},"canonical":"https:\/\/alltrucks.brandnew.media\/pl\/haftungsausschluss\/","og_locale":"pl_PL","og_type":"article","og_title":"Haftungsausschluss","og_description":"Haftungsausschluss Disclaimer Die Alltrucks GmbH &amp; Co. KG (\u201eAlltrucks&#8220;) ist nach besten Kr\u00e4ften bem\u00fcht, f\u00fcr die Richtigkeit und Vollst\u00e4ndigkeit der auf den Seiten der Web-Pr\u00e4senz www.alltrucks.com (\u201eWeb-Pr\u00e4senz&#8220;) verf\u00fcgbaren Informationen zu sorgen, \u00fcbernimmt jedoch keinerlei Gew\u00e4hr f\u00fcr die Aktualit\u00e4t, Richtigkeit oder Vollst\u00e4ndigkeit der auf den Seiten der Web-Pr\u00e4senz bereitgestellten Informationen. Alltrucks steht dar\u00fcber hinaus nicht f\u00fcr [&hellip;]","og_url":"https:\/\/alltrucks.brandnew.media\/pl\/haftungsausschluss\/","og_site_name":"Alltrucks Truck &amp; Trailer Service","article_publisher":"https:\/\/www.facebook.com\/alltrucksDE\/mentions\/?_rdr","article_modified_time":"2026-02-06T15:19:49+00:00","twitter_card":"summary_large_image","twitter_misc":{"Szacowany czas czytania":"2 minuty"},"schema":{"@context":"https:\/\/schema.org","@graph":[{"@type":"WebPage","@id":"https:\/\/alltrucks.brandnew.media\/pl\/haftungsausschluss\/","url":"https:\/\/alltrucks.brandnew.media\/pl\/haftungsausschluss\/","name":"Wy\u0142\u0105czenie odpowiedzialno\u015bci - Alltrucks Truck &amp; Trailer Service","isPartOf":{"@id":"https:\/\/alltrucks.brandnew.media\/pl\/#website"},"datePublished":"2025-10-07T17:27:16+00:00","dateModified":"2026-02-06T15:19:49+00:00","breadcrumb":{"@id":"https:\/\/alltrucks.brandnew.media\/pl\/haftungsausschluss\/#breadcrumb"},"inLanguage":"pl-PL","potentialAction":[{"@type":"ReadAction","target":["https:\/\/alltrucks.brandnew.media\/pl\/haftungsausschluss\/"]}]},{"@type":"BreadcrumbList","@id":"https:\/\/alltrucks.brandnew.media\/pl\/haftungsausschluss\/#breadcrumb","itemListElement":[{"@type":"ListItem","position":1,"name":"Startseite","item":"https:\/\/alltrucks.brandnew.media\/pl\/"},{"@type":"ListItem","position":2,"name":"Haftungsausschluss"}]},{"@type":"WebSite","@id":"https:\/\/alltrucks.brandnew.media\/pl\/#website","url":"https:\/\/alltrucks.brandnew.media\/pl\/","name":"Alltrucks Truck &amp; Trailer Service","description":"","publisher":{"@id":"https:\/\/alltrucks.brandnew.media\/pl\/#organization"},"potentialAction":[{"@type":"SearchAction","target":{"@type":"EntryPoint","urlTemplate":"https:\/\/alltrucks.brandnew.media\/pl\/?s={search_term_string}"},"query-input":{"@type":"PropertyValueSpecification","valueRequired":true,"valueName":"search_term_string"}}],"inLanguage":"pl-PL"},{"@type":"Organization","@id":"https:\/\/alltrucks.brandnew.media\/pl\/#organization","name":"Alltrucks GmbH &amp; Co. KG","url":"https:\/\/alltrucks.brandnew.media\/pl\/","logo":{"@type":"ImageObject","inLanguage":"pl-PL","@id":"https:\/\/alltrucks.brandnew.media\/pl\/#\/schema\/logo\/image\/","url":"https:\/\/alltrucks.brandnew.media\/wp-content\/uploads\/2025\/09\/Logo.svg","contentUrl":"https:\/\/alltrucks.brandnew.media\/wp-content\/uploads\/2025\/09\/Logo.svg","width":298,"height":65,"caption":"Alltrucks GmbH & Co. KG"},"image":{"@id":"https:\/\/alltrucks.brandnew.media\/pl\/#\/schema\/logo\/image\/"},"sameAs":["https:\/\/www.facebook.com\/alltrucksDE\/mentions\/?_rdr","https:\/\/de.linkedin.com\/company\/alltrucks"]}]}},"_links":{"self":[{"href":"https:\/\/alltrucks.brandnew.media\/pl\/wp-json\/wp\/v2\/pages\/790","targetHints":{"allow":["GET"]}}],"collection":[{"href":"https:\/\/alltrucks.brandnew.media\/pl\/wp-json\/wp\/v2\/pages"}],"about":[{"href":"https:\/\/alltrucks.brandnew.media\/pl\/wp-json\/wp\/v2\/types\/page"}],"author":[{"embeddable":true,"href":"https:\/\/alltrucks.brandnew.media\/pl\/wp-json\/wp\/v2\/users\/1"}],"replies":[{"embeddable":true,"href":"https:\/\/alltrucks.brandnew.media\/pl\/wp-json\/wp\/v2\/comments?post=790"}],"version-history":[{"count":7,"href":"https:\/\/alltrucks.brandnew.media\/pl\/wp-json\/wp\/v2\/pages\/790\/revisions"}],"predecessor-version":[{"id":2208,"href":"https:\/\/alltrucks.brandnew.media\/pl\/wp-json\/wp\/v2\/pages\/790\/revisions\/2208"}],"wp:attachment":[{"href":"https:\/\/alltrucks.brandnew.media\/pl\/wp-json\/wp\/v2\/media?parent=790"}],"curies":[{"name":"wp","href":"https:\/\/api.w.org\/{rel}","templated":true}]}}