{"id":790,"date":"2025-10-07T17:27:16","date_gmt":"2025-10-07T17:27:16","guid":{"rendered":"https:\/\/alltrucks.brandnew.media\/?page_id=790"},"modified":"2026-02-06T15:19:49","modified_gmt":"2026-02-06T15:19:49","slug":"haftungsausschluss","status":"publish","type":"page","link":"https:\/\/alltrucks.brandnew.media\/nb\/haftungsausschluss\/","title":{"rendered":"Ansvarsfraskrivelse"},"content":{"rendered":"<div data-elementor-type=\"wp-page\" data-elementor-id=\"790\" class=\"elementor elementor-790\" data-elementor-post-type=\"page\">\n\t\t\t\t<div class=\"elementor-element elementor-element-1f285de e-flex e-con-boxed e-con e-parent\" data-id=\"1f285de\" data-element_type=\"container\">\n\t\t\t\t\t<div class=\"e-con-inner\">\n\t\t\t\t<div class=\"elementor-element elementor-element-0e27537 elementor-widget elementor-widget-heading\" data-id=\"0e27537\" data-element_type=\"widget\" data-widget_type=\"heading.default\">\n\t\t\t\t\t<h1 class=\"elementor-heading-title elementor-size-default\"><h3 class=\"headline-50 brand-logo\"><span>Ansvarsfraskrivelse<\/span><\/h3><\/h1>\t\t\t\t<\/div>\n\t\t\t\t<div class=\"elementor-element elementor-element-5b2ab6c elementor-widget elementor-widget-text-editor\" data-id=\"5b2ab6c\" data-element_type=\"widget\" data-widget_type=\"text-editor.default\">\n\t\t\t\t\t\t\t\t\t<div class=\"text-full\"><div class=\"rte-text\"><p><strong>Ansvarsfraskrivelse<\/strong><\/p><p>Alltrucks GmbH &amp; Co. KG (\"Alltrucks\") bestreber seg etter beste evne p\u00e5 \u00e5 sikre n\u00f8yaktigheten og fullstendigheten av informasjonen som er tilgjengelig p\u00e5 sidene p\u00e5 nettstedet www.alltrucks.com (\"nettstedet\"), men p\u00e5tar seg intet ansvar for aktualiteten, n\u00f8yaktigheten eller fullstendigheten av informasjonen som gis p\u00e5 sidene p\u00e5 nettstedet. Alltrucks er heller ikke ansvarlig for innholdet p\u00e5 eksterne nettsteder som nettstedet henviser direkte eller indirekte til via hyperkoblinger, og som ligger utenfor Alltrucks' ansvarsomr\u00e5de.<\/p><p>Alltrucks forbeholder seg uttrykkelig retten til \u00e5 endre, supplere eller slette hele eller deler av nettstedet uten forutg\u00e5ende varsel, eller til \u00e5 innstille publiseringen midlertidig eller permanent. Innholdet som er tilgjengelig p\u00e5 nettsidene er beskyttet av opphavsrett. Reproduksjon eller bruk av dette innholdet av tredjeparter i noen som helst form er ikke tillatt uten uttrykkelig samtykke fra Alltrucks; vennligst kontakt personen som er nevnt i den juridiske merknaden for \u00e5 f\u00e5 et slikt samtykke.<\/p><p>Denne ansvarsfraskrivelsen er \u00e5 anse som en del av nettstedet. Dersom deler av eller enkelte formuleringer i denne ansvarsfraskrivelsen ikke, ikke lenger eller ikke fullt ut skulle v\u00e6re i samsvar med gjeldende rettstilstand, skal innholdet og gyldigheten av de resterende delene av dokumentet forbli up\u00e5virket.<\/p><p><strong>Vilk\u00e5r for bruk<\/strong><\/p><p>Bruken av nettstedet v\u00e5rt og dets innhold er underlagt f\u00f8lgende betingelser:<\/p><p><strong>Innholdet p\u00e5 nettstedet<\/strong><br \/>Selv om vi har opprettet og vedlikeholder innholdet p\u00e5 nettstedet v\u00e5rt med omhu, p\u00e5tar vi oss ikke noe ansvar for aktualiteten, fullstendigheten eller kvaliteten p\u00e5 informasjonen som gis p\u00e5 nettstedet. Vi forbeholder oss retten til n\u00e5r som helst \u00e5 endre, supplere eller slette enkeltinnhold eller hele nettstedet.<\/p><p><strong>Opphavsrett og bruksrettigheter<\/strong><br \/>Innholdet p\u00e5 nettstedet v\u00e5rt er beskyttet av opphavsrett. Brukere av nettstedet v\u00e5rt har kun lov til \u00e5 hente innholdet, skrive det ut i uendret form og\/eller laste det ned til sin datamaskin, forutsatt at dette utelukkende gj\u00f8res for personlig, privat eller ikke-kommersiell bruk. All annen bruk uten v\u00e5rt uttrykkelige skriftlige samtykke er forbudt.<\/p><p><strong>Kontakt via e-post<\/strong><br \/>Vi gj\u00f8r oppmerksom p\u00e5 at n\u00e5r du kontakter oss via kontaktskjemaet p\u00e5 nettstedet eller via e-post uten krypteringsprogram, kan vi ikke garantere at e-posten og v\u00e5rt svar blir behandlet konfidensielt. Bruk av krypteringsprogrammer krever forh\u00e5ndsavtale.<\/p><p>Status: 10.12.2014<\/p><\/div><\/div>\t\t\t\t\t\t\t\t<\/div>\n\t\t\t\t\t<\/div>\n\t\t\t\t<\/div>\n\t\t\t\t<\/div>","protected":false},"excerpt":{"rendered":"<p>Ansvarsfraskrivelse Alltrucks GmbH &amp; Co. KG (\"Alltrucks\") bestreber seg etter beste evne p\u00e5 \u00e5 sikre n\u00f8yaktigheten og fullstendigheten av informasjonen som er tilgjengelig p\u00e5 sidene p\u00e5 nettstedet www.alltrucks.com (\"nettstedet\"), men p\u00e5tar seg ikke noe ansvar for aktualiteten, n\u00f8yaktigheten eller fullstendigheten av informasjonen som gis p\u00e5 sidene p\u00e5 nettstedet. Alltrucks er heller ikke ansvarlig for [...].<\/p>","protected":false},"author":1,"featured_media":0,"parent":0,"menu_order":0,"comment_status":"closed","ping_status":"closed","template":"","meta":{"_acf_changed":false,"footnotes":""},"class_list":["post-790","page","type-page","status-publish","hentry"],"acf":[],"yoast_head":"<!-- This site is optimized with the Yoast SEO Premium plugin v26.3 (Yoast SEO v26.3) - https:\/\/yoast.com\/wordpress\/plugins\/seo\/ -->\n<title>Haftungsausschluss - Alltrucks Truck &amp; Trailer Service<\/title>\n<meta name=\"robots\" content=\"index, follow, max-snippet:-1, max-image-preview:large, max-video-preview:-1\" \/>\n<link rel=\"canonical\" href=\"https:\/\/alltrucks.brandnew.media\/nb\/haftungsausschluss\/\" \/>\n<meta property=\"og:locale\" content=\"nb_NO\" \/>\n<meta property=\"og:type\" content=\"article\" \/>\n<meta property=\"og:title\" content=\"Haftungsausschluss\" \/>\n<meta property=\"og:description\" content=\"Haftungsausschluss Disclaimer Die Alltrucks GmbH &amp; Co. KG (\u201eAlltrucks&#8220;) ist nach besten Kr\u00e4ften bem\u00fcht, f\u00fcr die Richtigkeit und Vollst\u00e4ndigkeit der auf den Seiten der Web-Pr\u00e4senz www.alltrucks.com (\u201eWeb-Pr\u00e4senz&#8220;) verf\u00fcgbaren Informationen zu sorgen, \u00fcbernimmt jedoch keinerlei Gew\u00e4hr f\u00fcr die Aktualit\u00e4t, Richtigkeit oder Vollst\u00e4ndigkeit der auf den Seiten der Web-Pr\u00e4senz bereitgestellten Informationen. Alltrucks steht dar\u00fcber hinaus nicht f\u00fcr [&hellip;]\" \/>\n<meta property=\"og:url\" content=\"https:\/\/alltrucks.brandnew.media\/nb\/haftungsausschluss\/\" \/>\n<meta property=\"og:site_name\" content=\"Alltrucks Truck &amp; Trailer Service\" \/>\n<meta property=\"article:publisher\" content=\"https:\/\/www.facebook.com\/alltrucksDE\/mentions\/?_rdr\" \/>\n<meta property=\"article:modified_time\" content=\"2026-02-06T15:19:49+00:00\" \/>\n<meta name=\"twitter:card\" content=\"summary_large_image\" \/>\n<meta name=\"twitter:label1\" content=\"Ansl. lesetid\" \/>\n\t<meta name=\"twitter:data1\" content=\"2 minutter\" \/>\n<script type=\"application\/ld+json\" class=\"yoast-schema-graph\">{\"@context\":\"https:\/\/schema.org\",\"@graph\":[{\"@type\":\"WebPage\",\"@id\":\"https:\/\/alltrucks.brandnew.media\/nb\/haftungsausschluss\/\",\"url\":\"https:\/\/alltrucks.brandnew.media\/nb\/haftungsausschluss\/\",\"name\":\"Haftungsausschluss - Alltrucks Truck &amp; Trailer Service\",\"isPartOf\":{\"@id\":\"https:\/\/alltrucks.brandnew.media\/nb\/#website\"},\"datePublished\":\"2025-10-07T17:27:16+00:00\",\"dateModified\":\"2026-02-06T15:19:49+00:00\",\"breadcrumb\":{\"@id\":\"https:\/\/alltrucks.brandnew.media\/nb\/haftungsausschluss\/#breadcrumb\"},\"inLanguage\":\"nb-NO\",\"potentialAction\":[{\"@type\":\"ReadAction\",\"target\":[\"https:\/\/alltrucks.brandnew.media\/nb\/haftungsausschluss\/\"]}]},{\"@type\":\"BreadcrumbList\",\"@id\":\"https:\/\/alltrucks.brandnew.media\/nb\/haftungsausschluss\/#breadcrumb\",\"itemListElement\":[{\"@type\":\"ListItem\",\"position\":1,\"name\":\"Startseite\",\"item\":\"https:\/\/alltrucks.brandnew.media\/nb\/\"},{\"@type\":\"ListItem\",\"position\":2,\"name\":\"Haftungsausschluss\"}]},{\"@type\":\"WebSite\",\"@id\":\"https:\/\/alltrucks.brandnew.media\/nb\/#website\",\"url\":\"https:\/\/alltrucks.brandnew.media\/nb\/\",\"name\":\"Alltrucks Truck & Trailer Service\",\"description\":\"\",\"publisher\":{\"@id\":\"https:\/\/alltrucks.brandnew.media\/nb\/#organization\"},\"potentialAction\":[{\"@type\":\"SearchAction\",\"target\":{\"@type\":\"EntryPoint\",\"urlTemplate\":\"https:\/\/alltrucks.brandnew.media\/nb\/?s={search_term_string}\"},\"query-input\":{\"@type\":\"PropertyValueSpecification\",\"valueRequired\":true,\"valueName\":\"search_term_string\"}}],\"inLanguage\":\"nb-NO\"},{\"@type\":\"Organization\",\"@id\":\"https:\/\/alltrucks.brandnew.media\/nb\/#organization\",\"name\":\"Alltrucks GmbH & Co. KG\",\"url\":\"https:\/\/alltrucks.brandnew.media\/nb\/\",\"logo\":{\"@type\":\"ImageObject\",\"inLanguage\":\"nb-NO\",\"@id\":\"https:\/\/alltrucks.brandnew.media\/nb\/#\/schema\/logo\/image\/\",\"url\":\"https:\/\/alltrucks.brandnew.media\/wp-content\/uploads\/2025\/09\/Logo.svg\",\"contentUrl\":\"https:\/\/alltrucks.brandnew.media\/wp-content\/uploads\/2025\/09\/Logo.svg\",\"width\":298,\"height\":65,\"caption\":\"Alltrucks GmbH & Co. KG\"},\"image\":{\"@id\":\"https:\/\/alltrucks.brandnew.media\/nb\/#\/schema\/logo\/image\/\"},\"sameAs\":[\"https:\/\/www.facebook.com\/alltrucksDE\/mentions\/?_rdr\",\"https:\/\/de.linkedin.com\/company\/alltrucks\"]}]}<\/script>\n<!-- \/ Yoast SEO Premium plugin. -->","yoast_head_json":{"title":"Ansvarsfraskrivelse - Alltrucks Truck &amp; Trailer Service","robots":{"index":"index","follow":"follow","max-snippet":"max-snippet:-1","max-image-preview":"max-image-preview:large","max-video-preview":"max-video-preview:-1"},"canonical":"https:\/\/alltrucks.brandnew.media\/nb\/haftungsausschluss\/","og_locale":"nb_NO","og_type":"article","og_title":"Haftungsausschluss","og_description":"Haftungsausschluss Disclaimer Die Alltrucks GmbH &amp; Co. KG (\u201eAlltrucks&#8220;) ist nach besten Kr\u00e4ften bem\u00fcht, f\u00fcr die Richtigkeit und Vollst\u00e4ndigkeit der auf den Seiten der Web-Pr\u00e4senz www.alltrucks.com (\u201eWeb-Pr\u00e4senz&#8220;) verf\u00fcgbaren Informationen zu sorgen, \u00fcbernimmt jedoch keinerlei Gew\u00e4hr f\u00fcr die Aktualit\u00e4t, Richtigkeit oder Vollst\u00e4ndigkeit der auf den Seiten der Web-Pr\u00e4senz bereitgestellten Informationen. Alltrucks steht dar\u00fcber hinaus nicht f\u00fcr [&hellip;]","og_url":"https:\/\/alltrucks.brandnew.media\/nb\/haftungsausschluss\/","og_site_name":"Alltrucks Truck &amp; Trailer Service","article_publisher":"https:\/\/www.facebook.com\/alltrucksDE\/mentions\/?_rdr","article_modified_time":"2026-02-06T15:19:49+00:00","twitter_card":"summary_large_image","twitter_misc":{"Ansl. lesetid":"2 minutter"},"schema":{"@context":"https:\/\/schema.org","@graph":[{"@type":"WebPage","@id":"https:\/\/alltrucks.brandnew.media\/nb\/haftungsausschluss\/","url":"https:\/\/alltrucks.brandnew.media\/nb\/haftungsausschluss\/","name":"Ansvarsfraskrivelse - Alltrucks Truck &amp; Trailer Service","isPartOf":{"@id":"https:\/\/alltrucks.brandnew.media\/nb\/#website"},"datePublished":"2025-10-07T17:27:16+00:00","dateModified":"2026-02-06T15:19:49+00:00","breadcrumb":{"@id":"https:\/\/alltrucks.brandnew.media\/nb\/haftungsausschluss\/#breadcrumb"},"inLanguage":"nb-NO","potentialAction":[{"@type":"ReadAction","target":["https:\/\/alltrucks.brandnew.media\/nb\/haftungsausschluss\/"]}]},{"@type":"BreadcrumbList","@id":"https:\/\/alltrucks.brandnew.media\/nb\/haftungsausschluss\/#breadcrumb","itemListElement":[{"@type":"ListItem","position":1,"name":"Startseite","item":"https:\/\/alltrucks.brandnew.media\/nb\/"},{"@type":"ListItem","position":2,"name":"Haftungsausschluss"}]},{"@type":"WebSite","@id":"https:\/\/alltrucks.brandnew.media\/nb\/#website","url":"https:\/\/alltrucks.brandnew.media\/nb\/","name":"Alltrucks Truck &amp; Trailer Service","description":"","publisher":{"@id":"https:\/\/alltrucks.brandnew.media\/nb\/#organization"},"potentialAction":[{"@type":"SearchAction","target":{"@type":"EntryPoint","urlTemplate":"https:\/\/alltrucks.brandnew.media\/nb\/?s={search_term_string}"},"query-input":{"@type":"PropertyValueSpecification","valueRequired":true,"valueName":"search_term_string"}}],"inLanguage":"nb-NO"},{"@type":"Organization","@id":"https:\/\/alltrucks.brandnew.media\/nb\/#organization","name":"Alltrucks GmbH &amp; Co. KG","url":"https:\/\/alltrucks.brandnew.media\/nb\/","logo":{"@type":"ImageObject","inLanguage":"nb-NO","@id":"https:\/\/alltrucks.brandnew.media\/nb\/#\/schema\/logo\/image\/","url":"https:\/\/alltrucks.brandnew.media\/wp-content\/uploads\/2025\/09\/Logo.svg","contentUrl":"https:\/\/alltrucks.brandnew.media\/wp-content\/uploads\/2025\/09\/Logo.svg","width":298,"height":65,"caption":"Alltrucks GmbH & Co. KG"},"image":{"@id":"https:\/\/alltrucks.brandnew.media\/nb\/#\/schema\/logo\/image\/"},"sameAs":["https:\/\/www.facebook.com\/alltrucksDE\/mentions\/?_rdr","https:\/\/de.linkedin.com\/company\/alltrucks"]}]}},"_links":{"self":[{"href":"https:\/\/alltrucks.brandnew.media\/nb\/wp-json\/wp\/v2\/pages\/790","targetHints":{"allow":["GET"]}}],"collection":[{"href":"https:\/\/alltrucks.brandnew.media\/nb\/wp-json\/wp\/v2\/pages"}],"about":[{"href":"https:\/\/alltrucks.brandnew.media\/nb\/wp-json\/wp\/v2\/types\/page"}],"author":[{"embeddable":true,"href":"https:\/\/alltrucks.brandnew.media\/nb\/wp-json\/wp\/v2\/users\/1"}],"replies":[{"embeddable":true,"href":"https:\/\/alltrucks.brandnew.media\/nb\/wp-json\/wp\/v2\/comments?post=790"}],"version-history":[{"count":7,"href":"https:\/\/alltrucks.brandnew.media\/nb\/wp-json\/wp\/v2\/pages\/790\/revisions"}],"predecessor-version":[{"id":2208,"href":"https:\/\/alltrucks.brandnew.media\/nb\/wp-json\/wp\/v2\/pages\/790\/revisions\/2208"}],"wp:attachment":[{"href":"https:\/\/alltrucks.brandnew.media\/nb\/wp-json\/wp\/v2\/media?parent=790"}],"curies":[{"name":"wp","href":"https:\/\/api.w.org\/{rel}","templated":true}]}}