{"id":452,"date":"2025-10-04T17:18:18","date_gmt":"2025-10-04T17:18:18","guid":{"rendered":"https:\/\/alltrucks.brandnew.media\/?page_id=452"},"modified":"2026-03-05T18:13:43","modified_gmt":"2026-03-05T18:13:43","slug":"karriere","status":"publish","type":"page","link":"https:\/\/alltrucks.brandnew.media\/lt\/karriere\/","title":{"rendered":"Karriere"},"content":{"rendered":"<div data-elementor-type=\"wp-page\" data-elementor-id=\"452\" class=\"elementor elementor-452\" data-elementor-post-type=\"page\">\n\t\t\t\t<div class=\"elementor-element elementor-element-e4f3816 e-con-full e-transform hero-banner e-flex e-con e-parent\" data-id=\"e4f3816\" data-element_type=\"container\" data-settings=\"{&quot;_transform_translateX_effect&quot;:{&quot;unit&quot;:&quot;px&quot;,&quot;size&quot;:0,&quot;sizes&quot;:[]},&quot;_transform_translateY_effect&quot;:{&quot;unit&quot;:&quot;px&quot;,&quot;size&quot;:-120,&quot;sizes&quot;:[]},&quot;background_background&quot;:&quot;classic&quot;,&quot;_transform_translateX_effect_tablet&quot;:{&quot;unit&quot;:&quot;px&quot;,&quot;size&quot;:&quot;&quot;,&quot;sizes&quot;:[]},&quot;_transform_translateX_effect_mobile&quot;:{&quot;unit&quot;:&quot;px&quot;,&quot;size&quot;:&quot;&quot;,&quot;sizes&quot;:[]},&quot;_transform_translateY_effect_tablet&quot;:{&quot;unit&quot;:&quot;px&quot;,&quot;size&quot;:&quot;&quot;,&quot;sizes&quot;:[]},&quot;_transform_translateY_effect_mobile&quot;:{&quot;unit&quot;:&quot;px&quot;,&quot;size&quot;:&quot;&quot;,&quot;sizes&quot;:[]}}\">\n\t\t<div class=\"elementor-element elementor-element-4a4302d7 e-con-full e-transform e-flex e-con e-child\" data-id=\"4a4302d7\" data-element_type=\"container\" data-settings=\"{&quot;_transform_translateX_effect&quot;:{&quot;unit&quot;:&quot;px&quot;,&quot;size&quot;:&quot;&quot;,&quot;sizes&quot;:[]},&quot;_transform_translateX_effect_tablet&quot;:{&quot;unit&quot;:&quot;px&quot;,&quot;size&quot;:&quot;&quot;,&quot;sizes&quot;:[]},&quot;_transform_translateX_effect_mobile&quot;:{&quot;unit&quot;:&quot;px&quot;,&quot;size&quot;:&quot;&quot;,&quot;sizes&quot;:[]},&quot;_transform_translateY_effect&quot;:{&quot;unit&quot;:&quot;px&quot;,&quot;size&quot;:&quot;&quot;,&quot;sizes&quot;:[]},&quot;_transform_translateY_effect_tablet&quot;:{&quot;unit&quot;:&quot;px&quot;,&quot;size&quot;:&quot;&quot;,&quot;sizes&quot;:[]},&quot;_transform_translateY_effect_mobile&quot;:{&quot;unit&quot;:&quot;px&quot;,&quot;size&quot;:&quot;&quot;,&quot;sizes&quot;:[]}}\">\n\t\t\t\t<div class=\"elementor-element elementor-element-d863080 elementor-widget elementor-widget-heading\" data-id=\"d863080\" data-element_type=\"widget\" data-widget_type=\"heading.default\">\n\t\t\t\t\t<h1 class=\"elementor-heading-title elementor-size-default\">Karriere<\/h1>\t\t\t\t<\/div>\n\t\t\t\t<\/div>\n\t\t\t\t<\/div>\n\t\t<div class=\"elementor-element elementor-element-3dcc34f e-flex e-con-boxed e-con e-parent\" data-id=\"3dcc34f\" data-element_type=\"container\">\n\t\t\t\t\t<div class=\"e-con-inner\">\n\t\t<div class=\"elementor-element elementor-element-45058cc e-con-full e-flex e-con e-child\" data-id=\"45058cc\" data-element_type=\"container\">\n\t\t\t\t<div class=\"elementor-element elementor-element-1a55ba2 elementor-widget elementor-widget-heading\" data-id=\"1a55ba2\" data-element_type=\"widget\" data-widget_type=\"heading.default\">\n\t\t\t\t\t<h2 class=\"elementor-heading-title elementor-size-default\">Willkommen bei Alltrucks \u2013 einem Joint Venture von zwei f\u00fchrenden Automobilzulieferern, das die Zukunft des Nutzfahrzeug-Service europaweit gestaltet.<\/h2>\t\t\t\t<\/div>\n\t\t\t\t<div class=\"elementor-element elementor-element-0579fd1 elementor-widget elementor-widget-text-editor\" data-id=\"0579fd1\" data-element_type=\"widget\" data-widget_type=\"text-editor.default\">\n\t\t\t\t\t\t\t\t\t<p><span style=\"font-size: 20px; white-space: pre-wrap;\">Bei uns erwarten Sie spannende Aufgaben in einem internationalen Team mit flachen Hierarchien und viel Raum f\u00fcr eigene Ideen. Wir sch\u00e4tzen Menschen, die Verantwortung \u00fcbernehmen, mitdenken und etwas bewegen wollen.<\/span><br \/><span style=\"font-size: 20px; white-space: pre-wrap;\">\u00a0<\/span><br \/><span style=\"font-size: 20px; white-space: pre-wrap;\">Unsere modernen B\u00fcros bietet den idealen Rahmen f\u00fcr gemeinsames Arbeiten und kreativen Austausch \u2013 mit der Flexibilit\u00e4t, auch im Homeoffice zu arbeiten.<\/span><\/p>\t\t\t\t\t\t\t\t<\/div>\n\t\t\t\t<\/div>\n\t\t\t\t\t<\/div>\n\t\t\t\t<\/div>\n\t\t<div class=\"elementor-element elementor-element-aebc799 e-flex e-con-boxed e-con e-parent\" data-id=\"aebc799\" data-element_type=\"container\">\n\t\t\t\t\t<div class=\"e-con-inner\">\n\t\t<div class=\"elementor-element elementor-element-3f7d4cb e-con-full e-flex e-con e-child\" data-id=\"3f7d4cb\" data-element_type=\"container\">\n\t\t\t\t<div class=\"elementor-element elementor-element-f885bb5 elementor-widget elementor-widget-heading\" data-id=\"f885bb5\" data-element_type=\"widget\" data-widget_type=\"heading.default\">\n\t\t\t\t\t<h2 class=\"elementor-heading-title elementor-size-default\">Starten Sie jetzt Ihre Karriere bei Alltrucks!<\/h2>\t\t\t\t<\/div>\n\t\t\t\t<\/div>\n\t\t<div class=\"elementor-element elementor-element-221b7ab e-con-full e-flex e-con e-child\" data-id=\"221b7ab\" data-element_type=\"container\">\n\t\t<div class=\"elementor-element elementor-element-96bc987 e-con-full e-flex e-con e-child\" data-id=\"96bc987\" data-element_type=\"container\">\n\t\t\t\t<div class=\"elementor-element elementor-element-9f322fc elementor-widget elementor-widget-text-editor\" data-id=\"9f322fc\" data-element_type=\"widget\" data-widget_type=\"text-editor.default\">\n\t\t\t\t\t\t\t\t\t<strong>Mitarbeiter*in Vertriebsinnendienst (m\/w\/d)<\/strong>\t\t\t\t\t\t\t\t<\/div>\n\t\t\t\t<\/div>\n\t\t<div class=\"elementor-element elementor-element-95b2982 e-con-full e-flex e-con e-child\" data-id=\"95b2982\" data-element_type=\"container\">\n\t\t\t\t<div class=\"elementor-element elementor-element-8e07460 elementor-widget elementor-widget-text-editor\" data-id=\"8e07460\" data-element_type=\"widget\" data-widget_type=\"text-editor.default\">\n\t\t\t\t\t\t\t\t\t<p>Du willst den Vertrieb eines innovativen Werkstattkonzepts aktiv unterst\u00fctzen und daf\u00fcr sorgen, dass im Hintergrund alles reibungslos l\u00e4uft? Du arbeitest strukturiert, beh\u00e4ltst den \u00dcberblick und hast Freude daran, den Au\u00dfendienst sowie unsere Partner im Tagesgesch\u00e4ft zu unterst\u00fctzen? Dann bist Du bei uns genau richtig.<\/p><p>Werde Teil unseres Teams und unterst\u00fctze den Vertriebsinnendienst in unserer Systemzentrale in M\u00fcnchen!<\/p>\t\t\t\t\t\t\t\t<\/div>\n\t\t\t\t<\/div>\n\t\t<div class=\"elementor-element elementor-element-41683d4 e-con-full e-flex e-con e-child\" data-id=\"41683d4\" data-element_type=\"container\">\n\t\t\t\t<div class=\"elementor-element elementor-element-a5009b5 elementor-align-right elementor-widget elementor-widget-button\" data-id=\"a5009b5\" data-element_type=\"widget\" data-widget_type=\"button.default\">\n\t\t\t\t\t\t\t\t\t\t<a class=\"elementor-button elementor-button-link elementor-size-sm\" href=\"https:\/\/alltrucks.brandnew.media\/wp-content\/uploads\/2026\/03\/Stellenanzeige-MitarbeiterIn-Vertriebsinnendienst_Alltrucks.pdf\">\n\t\t\t\t\t\t<span class=\"elementor-button-content-wrapper\">\n\t\t\t\t\t\t\t\t\t<span class=\"elementor-button-text\">Mehr erfahren<\/span>\n\t\t\t\t\t<\/span>\n\t\t\t\t\t<\/a>\n\t\t\t\t\t\t\t\t<\/div>\n\t\t\t\t<\/div>\n\t\t\t\t<\/div>\n\t\t<div class=\"elementor-element elementor-element-5f3a4e2 e-con-full e-flex e-con e-child\" data-id=\"5f3a4e2\" data-element_type=\"container\">\n\t\t<div class=\"elementor-element elementor-element-8eb2313 e-con-full e-flex e-con e-child\" data-id=\"8eb2313\" data-element_type=\"container\">\n\t\t\t\t<div class=\"elementor-element elementor-element-577e180 elementor-widget elementor-widget-text-editor\" data-id=\"577e180\" data-element_type=\"widget\" data-widget_type=\"text-editor.default\">\n\t\t\t\t\t\t\t\t\t<p><strong>Systemberater (m\/w\/d) Baden-W\u00fcrttemberg<\/strong><\/p>\t\t\t\t\t\t\t\t<\/div>\n\t\t\t\t<\/div>\n\t\t<div class=\"elementor-element elementor-element-e8bbb7a e-con-full e-flex e-con e-child\" data-id=\"e8bbb7a\" data-element_type=\"container\">\n\t\t\t\t<div class=\"elementor-element elementor-element-9bf466a elementor-widget elementor-widget-text-editor\" data-id=\"9bf466a\" data-element_type=\"widget\" data-widget_type=\"text-editor.default\">\n\t\t\t\t\t\t\t\t\t<p>Du willst die Zukunft der Nutzfahrzeugbranche aktiv mitgestalten und den Vertrieb eines innovativen Werkstattkonzepts vorantreiben? Du liebst den direkten Kontakt, begeisterst Menschen und baust langfristige Partnerschaften auf? Dann bist Du bei uns genau richtig \u2013 auch als Quereinsteiger mit Leidenschaft f\u00fcr Vertrieb und technische Themen!<\/p><p>Werde Teil unseres Teams und treibe den Vertrieb in Baden-W\u00fcrttemberg &amp; in der Schweiz voran!<\/p>\t\t\t\t\t\t\t\t<\/div>\n\t\t\t\t<\/div>\n\t\t<div class=\"elementor-element elementor-element-c4b99e1 e-con-full e-flex e-con e-child\" data-id=\"c4b99e1\" data-element_type=\"container\">\n\t\t\t\t<div class=\"elementor-element elementor-element-4fbc7c2 elementor-align-right elementor-widget elementor-widget-button\" data-id=\"4fbc7c2\" data-element_type=\"widget\" data-widget_type=\"button.default\">\n\t\t\t\t\t\t\t\t\t\t<a class=\"elementor-button elementor-button-link elementor-size-sm\" href=\"https:\/\/alltrucks.brandnew.media\/wp-content\/uploads\/2025\/10\/ALLTRUCKS_Stellenausschreibung_Systemberater-Baden-W-urttemberg.pdf\">\n\t\t\t\t\t\t<span class=\"elementor-button-content-wrapper\">\n\t\t\t\t\t\t\t\t\t<span class=\"elementor-button-text\">Mehr erfahren<\/span>\n\t\t\t\t\t<\/span>\n\t\t\t\t\t<\/a>\n\t\t\t\t\t\t\t\t<\/div>\n\t\t\t\t<\/div>\n\t\t\t\t<\/div>\n\t\t<div class=\"elementor-element elementor-element-d114fa2 e-con-full e-flex e-con e-child\" data-id=\"d114fa2\" data-element_type=\"container\">\n\t\t<div class=\"elementor-element elementor-element-9ad8a12 e-con-full e-flex e-con e-child\" data-id=\"9ad8a12\" data-element_type=\"container\">\n\t\t\t\t<div class=\"elementor-element elementor-element-f66ddbb elementor-widget elementor-widget-text-editor\" data-id=\"f66ddbb\" data-element_type=\"widget\" data-widget_type=\"text-editor.default\">\n\t\t\t\t\t\t\t\t\t<p><strong>Systemberater (m\/w\/d) Bayern<\/strong><\/p>\t\t\t\t\t\t\t\t<\/div>\n\t\t\t\t<\/div>\n\t\t<div class=\"elementor-element elementor-element-d18cfcc e-con-full e-flex e-con e-child\" data-id=\"d18cfcc\" data-element_type=\"container\">\n\t\t\t\t<div class=\"elementor-element elementor-element-618deda elementor-widget elementor-widget-text-editor\" data-id=\"618deda\" data-element_type=\"widget\" data-widget_type=\"text-editor.default\">\n\t\t\t\t\t\t\t\t\t<p>Du willst die Zukunft der Nutzfahrzeugbranche aktiv mitgestalten und den Vertrieb eines innovativen Werkstattkonzepts vorantreiben? Du liebst den direkten Kontakt, begeisterst Menschen und baust langfristige Partnerschaften auf? Dann bist Du bei uns genau richtig \u2013 auch als Quereinsteiger mit Leidenschaft f\u00fcr Vertrieb und technische Themen!<\/p><p>Werde Teil unseres Teams und treibe den Vertrieb in Bayern &amp; \u00d6sterreich voran!<\/p>\t\t\t\t\t\t\t\t<\/div>\n\t\t\t\t<\/div>\n\t\t<div class=\"elementor-element elementor-element-6eb29b5 e-con-full e-flex e-con e-child\" data-id=\"6eb29b5\" data-element_type=\"container\">\n\t\t\t\t<div class=\"elementor-element elementor-element-3645792 elementor-align-right elementor-widget elementor-widget-button\" data-id=\"3645792\" data-element_type=\"widget\" data-widget_type=\"button.default\">\n\t\t\t\t\t\t\t\t\t\t<a class=\"elementor-button elementor-button-link elementor-size-sm\" href=\"https:\/\/alltrucks.brandnew.media\/wp-content\/uploads\/2025\/10\/ALLTRUCKS_Stellenausschreibung_Systemberater-Bayern.pdf\">\n\t\t\t\t\t\t<span class=\"elementor-button-content-wrapper\">\n\t\t\t\t\t\t\t\t\t<span class=\"elementor-button-text\">Mehr erfahren<\/span>\n\t\t\t\t\t<\/span>\n\t\t\t\t\t<\/a>\n\t\t\t\t\t\t\t\t<\/div>\n\t\t\t\t<\/div>\n\t\t\t\t<\/div>\n\t\t\t\t\t<\/div>\n\t\t\t\t<\/div>\n\t\t\t\t<\/div>","protected":false},"excerpt":{"rendered":"<p>Karriere Willkommen bei Alltrucks \u2013 einem Joint Venture von zwei f\u00fchrenden Automobilzulieferern, das die Zukunft des Nutzfahrzeug-Service europaweit gestaltet. Bei uns erwarten Sie spannende Aufgaben in einem internationalen Team mit flachen Hierarchien und viel Raum f\u00fcr eigene Ideen. Wir sch\u00e4tzen Menschen, die Verantwortung \u00fcbernehmen, mitdenken und etwas bewegen wollen.\u00a0Unsere modernen B\u00fcros bietet den idealen Rahmen [&hellip;]<\/p>","protected":false},"author":1,"featured_media":0,"parent":0,"menu_order":0,"comment_status":"closed","ping_status":"closed","template":"","meta":{"_acf_changed":false,"footnotes":""},"class_list":["post-452","page","type-page","status-publish","hentry"],"acf":[],"yoast_head":"<!-- This site is optimized with the Yoast SEO Premium plugin v26.3 (Yoast SEO v26.3) - https:\/\/yoast.com\/wordpress\/plugins\/seo\/ -->\n<title>Karriere - Alltrucks Truck &amp; Trailer Service<\/title>\n<meta name=\"robots\" content=\"index, follow, max-snippet:-1, max-image-preview:large, max-video-preview:-1\" \/>\n<link rel=\"canonical\" href=\"https:\/\/alltrucks.brandnew.media\/lt\/karriere\/\" \/>\n<meta property=\"og:locale\" content=\"lt_LT\" \/>\n<meta property=\"og:type\" content=\"article\" \/>\n<meta property=\"og:title\" content=\"Karriere\" \/>\n<meta property=\"og:description\" content=\"Karriere Willkommen bei Alltrucks \u2013 einem Joint Venture von zwei f\u00fchrenden Automobilzulieferern, das die Zukunft des Nutzfahrzeug-Service europaweit gestaltet. Bei uns erwarten Sie spannende Aufgaben in einem internationalen Team mit flachen Hierarchien und viel Raum f\u00fcr eigene Ideen. Wir sch\u00e4tzen Menschen, die Verantwortung \u00fcbernehmen, mitdenken und etwas bewegen wollen.\u00a0Unsere modernen B\u00fcros bietet den idealen Rahmen [&hellip;]\" \/>\n<meta property=\"og:url\" content=\"https:\/\/alltrucks.brandnew.media\/lt\/karriere\/\" \/>\n<meta property=\"og:site_name\" content=\"Alltrucks Truck &amp; Trailer Service\" \/>\n<meta property=\"article:publisher\" content=\"https:\/\/www.facebook.com\/alltrucksDE\/mentions\/?_rdr\" \/>\n<meta property=\"article:modified_time\" content=\"2026-03-05T18:13:43+00:00\" \/>\n<meta name=\"twitter:card\" content=\"summary_large_image\" \/>\n<meta name=\"twitter:label1\" content=\"Est. reading time\" \/>\n\t<meta name=\"twitter:data1\" content=\"2 minut\u0117s\" \/>\n<script type=\"application\/ld+json\" class=\"yoast-schema-graph\">{\"@context\":\"https:\/\/schema.org\",\"@graph\":[{\"@type\":\"WebPage\",\"@id\":\"https:\/\/alltrucks.brandnew.media\/lt\/karriere\/\",\"url\":\"https:\/\/alltrucks.brandnew.media\/lt\/karriere\/\",\"name\":\"Karriere - Alltrucks Truck &amp; Trailer Service\",\"isPartOf\":{\"@id\":\"https:\/\/alltrucks.brandnew.media\/lt\/#website\"},\"datePublished\":\"2025-10-04T17:18:18+00:00\",\"dateModified\":\"2026-03-05T18:13:43+00:00\",\"breadcrumb\":{\"@id\":\"https:\/\/alltrucks.brandnew.media\/lt\/karriere\/#breadcrumb\"},\"inLanguage\":\"lt-LT\",\"potentialAction\":[{\"@type\":\"ReadAction\",\"target\":[\"https:\/\/alltrucks.brandnew.media\/lt\/karriere\/\"]}]},{\"@type\":\"BreadcrumbList\",\"@id\":\"https:\/\/alltrucks.brandnew.media\/lt\/karriere\/#breadcrumb\",\"itemListElement\":[{\"@type\":\"ListItem\",\"position\":1,\"name\":\"Startseite\",\"item\":\"https:\/\/alltrucks.brandnew.media\/lt\/\"},{\"@type\":\"ListItem\",\"position\":2,\"name\":\"Karriere\"}]},{\"@type\":\"WebSite\",\"@id\":\"https:\/\/alltrucks.brandnew.media\/lt\/#website\",\"url\":\"https:\/\/alltrucks.brandnew.media\/lt\/\",\"name\":\"Alltrucks Truck & Trailer Service\",\"description\":\"\",\"publisher\":{\"@id\":\"https:\/\/alltrucks.brandnew.media\/lt\/#organization\"},\"potentialAction\":[{\"@type\":\"SearchAction\",\"target\":{\"@type\":\"EntryPoint\",\"urlTemplate\":\"https:\/\/alltrucks.brandnew.media\/lt\/?s={search_term_string}\"},\"query-input\":{\"@type\":\"PropertyValueSpecification\",\"valueRequired\":true,\"valueName\":\"search_term_string\"}}],\"inLanguage\":\"lt-LT\"},{\"@type\":\"Organization\",\"@id\":\"https:\/\/alltrucks.brandnew.media\/lt\/#organization\",\"name\":\"Alltrucks GmbH & Co. KG\",\"url\":\"https:\/\/alltrucks.brandnew.media\/lt\/\",\"logo\":{\"@type\":\"ImageObject\",\"inLanguage\":\"lt-LT\",\"@id\":\"https:\/\/alltrucks.brandnew.media\/lt\/#\/schema\/logo\/image\/\",\"url\":\"https:\/\/alltrucks.brandnew.media\/wp-content\/uploads\/2025\/09\/Logo.svg\",\"contentUrl\":\"https:\/\/alltrucks.brandnew.media\/wp-content\/uploads\/2025\/09\/Logo.svg\",\"width\":298,\"height\":65,\"caption\":\"Alltrucks GmbH & Co. KG\"},\"image\":{\"@id\":\"https:\/\/alltrucks.brandnew.media\/lt\/#\/schema\/logo\/image\/\"},\"sameAs\":[\"https:\/\/www.facebook.com\/alltrucksDE\/mentions\/?_rdr\",\"https:\/\/de.linkedin.com\/company\/alltrucks\"]}]}<\/script>\n<!-- \/ Yoast SEO Premium plugin. -->","yoast_head_json":{"title":"Karriere - Alltrucks Truck &amp; Trailer Service","robots":{"index":"index","follow":"follow","max-snippet":"max-snippet:-1","max-image-preview":"max-image-preview:large","max-video-preview":"max-video-preview:-1"},"canonical":"https:\/\/alltrucks.brandnew.media\/lt\/karriere\/","og_locale":"lt_LT","og_type":"article","og_title":"Karriere","og_description":"Karriere Willkommen bei Alltrucks \u2013 einem Joint Venture von zwei f\u00fchrenden Automobilzulieferern, das die Zukunft des Nutzfahrzeug-Service europaweit gestaltet. Bei uns erwarten Sie spannende Aufgaben in einem internationalen Team mit flachen Hierarchien und viel Raum f\u00fcr eigene Ideen. Wir sch\u00e4tzen Menschen, die Verantwortung \u00fcbernehmen, mitdenken und etwas bewegen wollen.\u00a0Unsere modernen B\u00fcros bietet den idealen Rahmen [&hellip;]","og_url":"https:\/\/alltrucks.brandnew.media\/lt\/karriere\/","og_site_name":"Alltrucks Truck &amp; Trailer Service","article_publisher":"https:\/\/www.facebook.com\/alltrucksDE\/mentions\/?_rdr","article_modified_time":"2026-03-05T18:13:43+00:00","twitter_card":"summary_large_image","twitter_misc":{"Est. reading time":"2 minut\u0117s"},"schema":{"@context":"https:\/\/schema.org","@graph":[{"@type":"WebPage","@id":"https:\/\/alltrucks.brandnew.media\/lt\/karriere\/","url":"https:\/\/alltrucks.brandnew.media\/lt\/karriere\/","name":"Karriere - Alltrucks Truck &amp; Trailer Service","isPartOf":{"@id":"https:\/\/alltrucks.brandnew.media\/lt\/#website"},"datePublished":"2025-10-04T17:18:18+00:00","dateModified":"2026-03-05T18:13:43+00:00","breadcrumb":{"@id":"https:\/\/alltrucks.brandnew.media\/lt\/karriere\/#breadcrumb"},"inLanguage":"lt-LT","potentialAction":[{"@type":"ReadAction","target":["https:\/\/alltrucks.brandnew.media\/lt\/karriere\/"]}]},{"@type":"BreadcrumbList","@id":"https:\/\/alltrucks.brandnew.media\/lt\/karriere\/#breadcrumb","itemListElement":[{"@type":"ListItem","position":1,"name":"Startseite","item":"https:\/\/alltrucks.brandnew.media\/lt\/"},{"@type":"ListItem","position":2,"name":"Karriere"}]},{"@type":"WebSite","@id":"https:\/\/alltrucks.brandnew.media\/lt\/#website","url":"https:\/\/alltrucks.brandnew.media\/lt\/","name":"Alltrucks Truck & Trailer Service","description":"","publisher":{"@id":"https:\/\/alltrucks.brandnew.media\/lt\/#organization"},"potentialAction":[{"@type":"SearchAction","target":{"@type":"EntryPoint","urlTemplate":"https:\/\/alltrucks.brandnew.media\/lt\/?s={search_term_string}"},"query-input":{"@type":"PropertyValueSpecification","valueRequired":true,"valueName":"search_term_string"}}],"inLanguage":"lt-LT"},{"@type":"Organization","@id":"https:\/\/alltrucks.brandnew.media\/lt\/#organization","name":"Alltrucks GmbH & Co. KG","url":"https:\/\/alltrucks.brandnew.media\/lt\/","logo":{"@type":"ImageObject","inLanguage":"lt-LT","@id":"https:\/\/alltrucks.brandnew.media\/lt\/#\/schema\/logo\/image\/","url":"https:\/\/alltrucks.brandnew.media\/wp-content\/uploads\/2025\/09\/Logo.svg","contentUrl":"https:\/\/alltrucks.brandnew.media\/wp-content\/uploads\/2025\/09\/Logo.svg","width":298,"height":65,"caption":"Alltrucks GmbH & Co. KG"},"image":{"@id":"https:\/\/alltrucks.brandnew.media\/lt\/#\/schema\/logo\/image\/"},"sameAs":["https:\/\/www.facebook.com\/alltrucksDE\/mentions\/?_rdr","https:\/\/de.linkedin.com\/company\/alltrucks"]}]}},"_links":{"self":[{"href":"https:\/\/alltrucks.brandnew.media\/lt\/wp-json\/wp\/v2\/pages\/452","targetHints":{"allow":["GET"]}}],"collection":[{"href":"https:\/\/alltrucks.brandnew.media\/lt\/wp-json\/wp\/v2\/pages"}],"about":[{"href":"https:\/\/alltrucks.brandnew.media\/lt\/wp-json\/wp\/v2\/types\/page"}],"author":[{"embeddable":true,"href":"https:\/\/alltrucks.brandnew.media\/lt\/wp-json\/wp\/v2\/users\/1"}],"replies":[{"embeddable":true,"href":"https:\/\/alltrucks.brandnew.media\/lt\/wp-json\/wp\/v2\/comments?post=452"}],"version-history":[{"count":63,"href":"https:\/\/alltrucks.brandnew.media\/lt\/wp-json\/wp\/v2\/pages\/452\/revisions"}],"predecessor-version":[{"id":2427,"href":"https:\/\/alltrucks.brandnew.media\/lt\/wp-json\/wp\/v2\/pages\/452\/revisions\/2427"}],"wp:attachment":[{"href":"https:\/\/alltrucks.brandnew.media\/lt\/wp-json\/wp\/v2\/media?parent=452"}],"curies":[{"name":"wp","href":"https:\/\/api.w.org\/{rel}","templated":true}]}}