{"id":2024,"date":"2025-10-19T19:41:55","date_gmt":"2025-10-19T19:41:55","guid":{"rendered":"https:\/\/www.alltrucks.com\/cookie-richtlinie-eu\/"},"modified":"2025-10-22T14:02:57","modified_gmt":"2025-10-22T14:02:57","slug":"cookie-richtlinie-eu","status":"publish","type":"page","link":"https:\/\/alltrucks.brandnew.media\/hu\/cookie-richtlinie-eu\/","title":{"rendered":"Cookie szab\u00e1lyzat"},"content":{"rendered":"<!-- Legal document generated by Complianz | GDPR\/CCPA Cookie Consent https:\/\/wordpress.org\/plugins\/complianz-gdpr -->\n<div id=\"cmplz-document\" class=\"cmplz-document cookie-statement cmplz-document-eu\"><p><i>This Cookie Policy was last updated on \u00e1prilis 7, 2026 and applies to citizens and legal permanent residents of the European Economic Area and Switzerland.<\/i><br><\/p><h2>1. bevezet\u00e9s<\/h2><p>Honlapunk, <a href=\"https:\/\/alltrucks.brandnew.media\/hu\">https:\/\/alltrucks.brandnew.media\/hu<\/a> (a tov\u00e1bbiakban: \"a weboldal\") cookie-kat \u00e9s m\u00e1s kapcsol\u00f3d\u00f3 technol\u00f3gi\u00e1kat haszn\u00e1l (az egyszer\u0171s\u00e9g kedv\u00e9\u00e9rt minden technol\u00f3gi\u00e1ra \"cookie-k\u00e9nt\" hivatkozunk). Az \u00e1ltalunk megb\u00edzott harmadik felek is elhelyeznek s\u00fctiket. Az al\u00e1bbi dokumentumban t\u00e1j\u00e9koztatjuk \u00d6nt a cookie-k weboldalunkon t\u00f6rt\u00e9n\u0151 haszn\u00e1lat\u00e1r\u00f3l.<\/p><h2>2. Mik azok a s\u00fctik?<\/h2><p>A s\u00fcti egy kis egyszer\u0171 f\u00e1jl, amelyet a weboldal oldalaihoz k\u00fcld\u00fcnk, \u00e9s amelyet az \u00d6n b\u00f6ng\u00e9sz\u0151je az \u00d6n sz\u00e1m\u00edt\u00f3g\u00e9p\u00e9nek vagy m\u00e1s eszk\u00f6z\u00e9nek merevlemez\u00e9n t\u00e1rol. A benne t\u00e1rolt inform\u00e1ci\u00f3k egy k\u00e9s\u0151bbi l\u00e1togat\u00e1s sor\u00e1n visszak\u00fcldhet\u0151k a mi szervereinkre vagy az \u00e9rintett harmadik felek szervereire.<\/p><h2>3. Mik azok a szkriptek?<\/h2><p>A szkript egy olyan programk\u00f3d, amelyet a weboldalunk megfelel\u0151 \u00e9s interakt\u00edv m\u0171k\u00f6d\u00e9s\u00e9hez haszn\u00e1lunk. Ez a k\u00f3d a szerver\u00fcnk\u00f6n vagy az \u00d6n eszk\u00f6z\u00e9n ker\u00fcl v\u00e9grehajt\u00e1sra.<\/p><h2>4. Cookies<\/h2><p class=\"cmplz-subtitle\">4.1 Technical or functional cookies<\/p><p>Egyes s\u00fctik biztos\u00edtj\u00e1k, hogy a weboldal bizonyos r\u00e9szei megfelel\u0151en m\u0171k\u00f6djenek, \u00e9s hogy az \u00d6n felhaszn\u00e1l\u00f3i be\u00e1ll\u00edt\u00e1sai ismertek maradjanak. A funkcion\u00e1lis s\u00fctik elhelyez\u00e9s\u00e9vel megk\u00f6nny\u00edtj\u00fck \u00d6nnek a weboldalunk l\u00e1togat\u00e1s\u00e1t. \u00cdgy nem kell t\u00f6bbsz\u00f6r ugyanazokat az adatokat megadnia, amikor megl\u00e1togatja weboldalunkat, \u00e9s p\u00e9ld\u00e1ul a t\u00e9telek a fizet\u00e9sig a kos\u00e1rban maradnak. Ezeket a cookie-kat az \u00d6n hozz\u00e1j\u00e1rul\u00e1sa n\u00e9lk\u00fcl is elhelyezhetj\u00fck.<\/p><p class=\"cmplz-subtitle\">4.2 Statistics cookies<\/p><p>Statisztikai s\u00fctiket haszn\u00e1lunk, hogy optimaliz\u00e1ljuk a weboldal felhaszn\u00e1l\u00f3i \u00e9lm\u00e9ny\u00e9t. Ezekkel a statisztikai s\u00fctikkel betekint\u00e9st nyer\u00fcnk a weboldalunk haszn\u00e1lat\u00e1ba. A statisztikai s\u00fctik elhelyez\u00e9s\u00e9hez az \u00d6n enged\u00e9ly\u00e9t k\u00e9rj\u00fck.<\/p><p class=\"cmplz-subtitle\">4.3 Marketing\/Tracking cookies<\/p><p>A marketing\/k\u00f6vet\u0151 s\u00fctik olyan s\u00fctik vagy a helyi t\u00e1rol\u00e1s b\u00e1rmely m\u00e1s form\u00e1ja, amelyeket arra haszn\u00e1lnak, hogy felhaszn\u00e1l\u00f3i profilokat hozzanak l\u00e9tre rekl\u00e1mok megjelen\u00edt\u00e9s\u00e9hez, vagy hogy nyomon k\u00f6vess\u00e9k a felhaszn\u00e1l\u00f3t ezen a weboldalon vagy t\u00f6bb weboldalon kereszt\u00fcl hasonl\u00f3 marketingc\u00e9lokb\u00f3l.<\/p><h2>5. Placed cookies<\/h2><div id=\"cmplz-cookies-overview\"><\/div><h2>6. Consent<\/h2><p>When you visit our website for the first time, we will show you a pop-up with an explanation about cookies. As soon as you click on \"Save preferences\", you consent to us using the categories of cookies and plug-ins you selected in the pop-up, as described in this Cookie Policy. You can disable the use of cookies via your browser, but please note that our website may no longer work properly.<\/p><p class=\"cmplz-subtitle\">6.1 Manage your consent settings<\/p><div id=\"cmplz-manage-consent-container-nojavascript\">\u00d6n javascript t\u00e1mogat\u00e1s n\u00e9lk\u00fcl t\u00f6lt\u00f6tte be a Cookie szab\u00e1lyzatot. AMP-n az oldal alj\u00e1n tal\u00e1lhat\u00f3 hozz\u00e1j\u00e1rul\u00e1s kezel\u00e9se gombot haszn\u00e1lhatja.<\/div><div id=\"cmplz-manage-consent-container\" class=\"cmplz-manage-consent-container\"><\/div><h2>7. Enabling\/disabling and deleting cookies<\/h2><p>Az internetes b\u00f6ng\u00e9sz\u0151je seg\u00edts\u00e9g\u00e9vel automatikusan vagy manu\u00e1lisan t\u00f6r\u00f6lheti a s\u00fctiket. Azt is megadhatja, hogy bizonyos s\u00fctik ne ker\u00fcljenek elhelyez\u00e9sre. Egy m\u00e1sik lehet\u0151s\u00e9g, hogy megv\u00e1ltoztatja az internetb\u00f6ng\u00e9sz\u0151 be\u00e1ll\u00edt\u00e1sait, hogy minden egyes cookie elhelyez\u00e9sekor \u00fczenetet kapjon. Az ezekkel a lehet\u0151s\u00e9gekkel kapcsolatos tov\u00e1bbi inform\u00e1ci\u00f3k\u00e9rt k\u00e9rj\u00fck, olvassa el a b\u00f6ng\u00e9sz\u0151je s\u00fag\u00f3j\u00e1ban tal\u00e1lhat\u00f3 utas\u00edt\u00e1sokat.<\/p><p>Felh\u00edvjuk figyelm\u00e9t, hogy weboldalunk nem m\u0171k\u00f6dik megfelel\u0151en, ha az \u00f6sszes cookie-t letiltja. Ha t\u00f6rli a cookie-kat a b\u00f6ng\u00e9sz\u0151j\u00e9b\u0151l, akkor azok az \u00d6n beleegyez\u00e9s\u00e9t k\u00f6vet\u0151en \u00fajra elhelyez\u00e9sre ker\u00fclnek, amikor \u00fajra megl\u00e1togatja weboldalunkat.<\/p><h2>8. Your rights with respect to personal data<\/h2><p>Szem\u00e9lyes adatai tekintet\u00e9ben a k\u00f6vetkez\u0151 jogokkal rendelkezik:<\/p><ul>\n                    <li>\u00d6nnek joga van tudni, hogy mi\u00e9rt van sz\u00fcks\u00e9g az \u00d6n szem\u00e9lyes adataira, mi t\u00f6rt\u00e9nik azokkal, \u00e9s mennyi ideig t\u00e1rolj\u00e1k azokat.<\/li>\n                    <li>Hozz\u00e1f\u00e9r\u00e9si jog: \u00d6nnek joga van hozz\u00e1f\u00e9rni az \u00d6n \u00e1ltalunk ismert szem\u00e9lyes adataihoz.<\/li>\n                    <li>Helyesb\u00edt\u00e9shez val\u00f3 jog: \u00d6n b\u00e1rmikor jogosult szem\u00e9lyes adatait kieg\u00e9sz\u00edteni, helyesb\u00edteni, t\u00f6r\u00f6lni vagy z\u00e1rolni.<\/li>\n                    <li>Ha \u00d6n hozz\u00e1j\u00e1rul\u00e1s\u00e1t adta az adatai feldolgoz\u00e1s\u00e1hoz, joga van a hozz\u00e1j\u00e1rul\u00e1s visszavon\u00e1s\u00e1hoz \u00e9s szem\u00e9lyes adatainak t\u00f6rl\u00e9s\u00e9hez.<\/li>\n                    <li>Az adattov\u00e1bb\u00edt\u00e1shoz val\u00f3 jog: \u00d6n jogosult arra, hogy az adatkezel\u0151t\u0151l k\u00e9rje az \u00f6sszes szem\u00e9lyes adat\u00e1t, \u00e9s azokat teljes eg\u00e9sz\u00e9ben tov\u00e1bb\u00edtsa egy m\u00e1sik adatkezel\u0151nek.<\/li>\n                    <li>Tiltakoz\u00e1shoz val\u00f3 jog: \u00d6n tiltakozhat adatai feldolgoz\u00e1sa ellen. Ennek eleget tesz\u00fcnk, kiv\u00e9ve, ha az adatkezel\u00e9snek indokolt okai vannak.<\/li>\n                <\/ul><p>Ezen jogok gyakorl\u00e1s\u00e1hoz k\u00e9rj\u00fck, l\u00e9pjen kapcsolatba vel\u00fcnk. K\u00e9rj\u00fck, olvassa el a jelen Cookie-szab\u00e1lyzat alj\u00e1n tal\u00e1lhat\u00f3 el\u00e9rhet\u0151s\u00e9geket. Ha panasza van azzal kapcsolatban, hogy hogyan kezelj\u00fck az adatait, sz\u00edvesen meghallgatjuk, de joga van panaszt tenni a fel\u00fcgyeleti hat\u00f3s\u00e1gn\u00e1l (az Adatv\u00e9delmi Hat\u00f3s\u00e1gn\u00e1l) is.<\/p><h2>9. Contact details<\/h2><p>A Cookie-szab\u00e1lyzatunkkal \u00e9s a jelen nyilatkozattal kapcsolatos k\u00e9rd\u00e9sekkel \u00e9s\/vagy megjegyz\u00e9sekkel kapcsolatban k\u00e9rj\u00fck, l\u00e9pjen kapcsolatba vel\u00fcnk az al\u00e1bbi el\u00e9rhet\u0151s\u00e9geken:<\/p><p><span class=\"cmplz-contact-organisation\">Alltrucks GmbH &amp; Co. KG<\/span><br>\n                      <span class=\"cmplz-contact-address\">Perchtinger Stra\u00dfe 6<br \/>\n81379 M\u00fcnchen<\/span><br>\n                      <span class=\"cmplz-contact-country\">N\u00e9metorsz\u00e1g<\/span><br>\n                    Weboldal: <span class=\"cmplz-contact-domain\"><a href=\"https:\/\/alltrucks.brandnew.media\/hu\">https:\/\/alltrucks.brandnew.media\/hu<\/a><\/span><br>\n                    E-mail: <span class=\"cmplz-contact-email\"><span class=\"cmplz-obfuscate\">info@<span class=\"cmplz-fmail-domain\">ex.com<\/span>&#097;&#108;ltrucks.&#099;om<\/span><\/span><br>\n                    <span class=\"cmplz-contact-telephone\">Telefonsz\u00e1m: +49 (0) 89 462 24 66 0<\/span><\/p><p>Ez a Cookie szab\u00e1lyzat szinkroniz\u00e1l\u00e1sra ker\u00fclt a <a href=\"https:\/\/cookiedatabase.org\/\" target=\"_blank\">cookiedatabase.org<\/a> okt\u00f3ber 22-\u00e9n, 2025.<\/p><\/div>","protected":false},"excerpt":{"rendered":"","protected":false},"author":1,"featured_media":0,"parent":0,"menu_order":0,"comment_status":"closed","ping_status":"closed","template":"","meta":{"_acf_changed":false,"footnotes":""},"class_list":["post-2024","page","type-page","status-publish","hentry"],"acf":[],"yoast_head":"<!-- This site is optimized with the Yoast SEO Premium plugin v26.3 (Yoast SEO v26.3) - https:\/\/yoast.com\/wordpress\/plugins\/seo\/ -->\n<title>Cookie-Richtlinie - Alltrucks Truck &amp; Trailer Service<\/title>\n<meta name=\"robots\" content=\"index, follow, max-snippet:-1, max-image-preview:large, max-video-preview:-1\" \/>\n<link rel=\"canonical\" href=\"https:\/\/alltrucks.brandnew.media\/hu\/cookie-richtlinie-eu\/\" \/>\n<meta property=\"og:locale\" content=\"hu_HU\" \/>\n<meta property=\"og:type\" content=\"article\" \/>\n<meta property=\"og:title\" content=\"Cookie-Richtlinie\" \/>\n<meta property=\"og:url\" content=\"https:\/\/alltrucks.brandnew.media\/hu\/cookie-richtlinie-eu\/\" \/>\n<meta property=\"og:site_name\" content=\"Alltrucks Truck &amp; Trailer Service\" \/>\n<meta property=\"article:publisher\" content=\"https:\/\/www.facebook.com\/alltrucksDE\/mentions\/?_rdr\" \/>\n<meta property=\"article:modified_time\" content=\"2025-10-22T14:02:57+00:00\" \/>\n<meta name=\"twitter:card\" content=\"summary_large_image\" \/>\n<meta name=\"twitter:label1\" content=\"Becs\u00fclt olvas\u00e1si id\u0151\" \/>\n\t<meta name=\"twitter:data1\" content=\"1 perc\" \/>\n<script type=\"application\/ld+json\" class=\"yoast-schema-graph\">{\"@context\":\"https:\/\/schema.org\",\"@graph\":[{\"@type\":\"WebPage\",\"@id\":\"https:\/\/alltrucks.brandnew.media\/hu\/cookie-richtlinie-eu\/\",\"url\":\"https:\/\/alltrucks.brandnew.media\/hu\/cookie-richtlinie-eu\/\",\"name\":\"Cookie-Richtlinie - Alltrucks Truck &amp; Trailer Service\",\"isPartOf\":{\"@id\":\"https:\/\/alltrucks.brandnew.media\/hu\/#website\"},\"datePublished\":\"2025-10-19T19:41:55+00:00\",\"dateModified\":\"2025-10-22T14:02:57+00:00\",\"breadcrumb\":{\"@id\":\"https:\/\/alltrucks.brandnew.media\/hu\/cookie-richtlinie-eu\/#breadcrumb\"},\"inLanguage\":\"hu\",\"potentialAction\":[{\"@type\":\"ReadAction\",\"target\":[\"https:\/\/alltrucks.brandnew.media\/hu\/cookie-richtlinie-eu\/\"]}]},{\"@type\":\"BreadcrumbList\",\"@id\":\"https:\/\/alltrucks.brandnew.media\/hu\/cookie-richtlinie-eu\/#breadcrumb\",\"itemListElement\":[{\"@type\":\"ListItem\",\"position\":1,\"name\":\"Startseite\",\"item\":\"https:\/\/alltrucks.brandnew.media\/hu\/\"},{\"@type\":\"ListItem\",\"position\":2,\"name\":\"Cookie-Richtlinie\"}]},{\"@type\":\"WebSite\",\"@id\":\"https:\/\/alltrucks.brandnew.media\/hu\/#website\",\"url\":\"https:\/\/alltrucks.brandnew.media\/hu\/\",\"name\":\"Alltrucks Truck & Trailer Service\",\"description\":\"\",\"publisher\":{\"@id\":\"https:\/\/alltrucks.brandnew.media\/hu\/#organization\"},\"potentialAction\":[{\"@type\":\"SearchAction\",\"target\":{\"@type\":\"EntryPoint\",\"urlTemplate\":\"https:\/\/alltrucks.brandnew.media\/hu\/?s={search_term_string}\"},\"query-input\":{\"@type\":\"PropertyValueSpecification\",\"valueRequired\":true,\"valueName\":\"search_term_string\"}}],\"inLanguage\":\"hu\"},{\"@type\":\"Organization\",\"@id\":\"https:\/\/alltrucks.brandnew.media\/hu\/#organization\",\"name\":\"Alltrucks GmbH & Co. KG\",\"url\":\"https:\/\/alltrucks.brandnew.media\/hu\/\",\"logo\":{\"@type\":\"ImageObject\",\"inLanguage\":\"hu\",\"@id\":\"https:\/\/alltrucks.brandnew.media\/hu\/#\/schema\/logo\/image\/\",\"url\":\"https:\/\/alltrucks.brandnew.media\/wp-content\/uploads\/2025\/09\/Logo.svg\",\"contentUrl\":\"https:\/\/alltrucks.brandnew.media\/wp-content\/uploads\/2025\/09\/Logo.svg\",\"width\":298,\"height\":65,\"caption\":\"Alltrucks GmbH & Co. KG\"},\"image\":{\"@id\":\"https:\/\/alltrucks.brandnew.media\/hu\/#\/schema\/logo\/image\/\"},\"sameAs\":[\"https:\/\/www.facebook.com\/alltrucksDE\/mentions\/?_rdr\",\"https:\/\/de.linkedin.com\/company\/alltrucks\"]}]}<\/script>\n<!-- \/ Yoast SEO Premium plugin. -->","yoast_head_json":{"title":"Cookie szab\u00e1lyzat - Alltrucks Truck &amp; Trailer Service","robots":{"index":"index","follow":"follow","max-snippet":"max-snippet:-1","max-image-preview":"max-image-preview:large","max-video-preview":"max-video-preview:-1"},"canonical":"https:\/\/alltrucks.brandnew.media\/hu\/cookie-richtlinie-eu\/","og_locale":"hu_HU","og_type":"article","og_title":"Cookie-Richtlinie","og_url":"https:\/\/alltrucks.brandnew.media\/hu\/cookie-richtlinie-eu\/","og_site_name":"Alltrucks Truck &amp; Trailer Service","article_publisher":"https:\/\/www.facebook.com\/alltrucksDE\/mentions\/?_rdr","article_modified_time":"2025-10-22T14:02:57+00:00","twitter_card":"summary_large_image","twitter_misc":{"Becs\u00fclt olvas\u00e1si id\u0151":"1 perc"},"schema":{"@context":"https:\/\/schema.org","@graph":[{"@type":"WebPage","@id":"https:\/\/alltrucks.brandnew.media\/hu\/cookie-richtlinie-eu\/","url":"https:\/\/alltrucks.brandnew.media\/hu\/cookie-richtlinie-eu\/","name":"Cookie szab\u00e1lyzat - Alltrucks Truck &amp; Trailer Service","isPartOf":{"@id":"https:\/\/alltrucks.brandnew.media\/hu\/#website"},"datePublished":"2025-10-19T19:41:55+00:00","dateModified":"2025-10-22T14:02:57+00:00","breadcrumb":{"@id":"https:\/\/alltrucks.brandnew.media\/hu\/cookie-richtlinie-eu\/#breadcrumb"},"inLanguage":"hu","potentialAction":[{"@type":"ReadAction","target":["https:\/\/alltrucks.brandnew.media\/hu\/cookie-richtlinie-eu\/"]}]},{"@type":"BreadcrumbList","@id":"https:\/\/alltrucks.brandnew.media\/hu\/cookie-richtlinie-eu\/#breadcrumb","itemListElement":[{"@type":"ListItem","position":1,"name":"Startseite","item":"https:\/\/alltrucks.brandnew.media\/hu\/"},{"@type":"ListItem","position":2,"name":"Cookie-Richtlinie"}]},{"@type":"WebSite","@id":"https:\/\/alltrucks.brandnew.media\/hu\/#website","url":"https:\/\/alltrucks.brandnew.media\/hu\/","name":"Alltrucks Truck &amp; Trailer Service","description":"","publisher":{"@id":"https:\/\/alltrucks.brandnew.media\/hu\/#organization"},"potentialAction":[{"@type":"SearchAction","target":{"@type":"EntryPoint","urlTemplate":"https:\/\/alltrucks.brandnew.media\/hu\/?s={search_term_string}"},"query-input":{"@type":"PropertyValueSpecification","valueRequired":true,"valueName":"search_term_string"}}],"inLanguage":"hu"},{"@type":"Organization","@id":"https:\/\/alltrucks.brandnew.media\/hu\/#organization","name":"Alltrucks GmbH &amp; Co. KG","url":"https:\/\/alltrucks.brandnew.media\/hu\/","logo":{"@type":"ImageObject","inLanguage":"hu","@id":"https:\/\/alltrucks.brandnew.media\/hu\/#\/schema\/logo\/image\/","url":"https:\/\/alltrucks.brandnew.media\/wp-content\/uploads\/2025\/09\/Logo.svg","contentUrl":"https:\/\/alltrucks.brandnew.media\/wp-content\/uploads\/2025\/09\/Logo.svg","width":298,"height":65,"caption":"Alltrucks GmbH & Co. KG"},"image":{"@id":"https:\/\/alltrucks.brandnew.media\/hu\/#\/schema\/logo\/image\/"},"sameAs":["https:\/\/www.facebook.com\/alltrucksDE\/mentions\/?_rdr","https:\/\/de.linkedin.com\/company\/alltrucks"]}]}},"_links":{"self":[{"href":"https:\/\/alltrucks.brandnew.media\/hu\/wp-json\/wp\/v2\/pages\/2024","targetHints":{"allow":["GET"]}}],"collection":[{"href":"https:\/\/alltrucks.brandnew.media\/hu\/wp-json\/wp\/v2\/pages"}],"about":[{"href":"https:\/\/alltrucks.brandnew.media\/hu\/wp-json\/wp\/v2\/types\/page"}],"author":[{"embeddable":true,"href":"https:\/\/alltrucks.brandnew.media\/hu\/wp-json\/wp\/v2\/users\/1"}],"replies":[{"embeddable":true,"href":"https:\/\/alltrucks.brandnew.media\/hu\/wp-json\/wp\/v2\/comments?post=2024"}],"version-history":[{"count":1,"href":"https:\/\/alltrucks.brandnew.media\/hu\/wp-json\/wp\/v2\/pages\/2024\/revisions"}],"predecessor-version":[{"id":2036,"href":"https:\/\/alltrucks.brandnew.media\/hu\/wp-json\/wp\/v2\/pages\/2024\/revisions\/2036"}],"wp:attachment":[{"href":"https:\/\/alltrucks.brandnew.media\/hu\/wp-json\/wp\/v2\/media?parent=2024"}],"curies":[{"name":"wp","href":"https:\/\/api.w.org\/{rel}","templated":true}]}}