{"id":790,"date":"2025-10-07T17:27:16","date_gmt":"2025-10-07T17:27:16","guid":{"rendered":"https:\/\/alltrucks.brandnew.media\/?page_id=790"},"modified":"2026-02-06T15:19:49","modified_gmt":"2026-02-06T15:19:49","slug":"haftungsausschluss","status":"publish","type":"page","link":"https:\/\/alltrucks.brandnew.media\/fr\/haftungsausschluss\/","title":{"rendered":"Clause de non-responsabilit\u00e9"},"content":{"rendered":"<div data-elementor-type=\"wp-page\" data-elementor-id=\"790\" class=\"elementor elementor-790\" data-elementor-post-type=\"page\">\n\t\t\t\t<div class=\"elementor-element elementor-element-1f285de e-flex e-con-boxed e-con e-parent\" data-id=\"1f285de\" data-element_type=\"container\">\n\t\t\t\t\t<div class=\"e-con-inner\">\n\t\t\t\t<div class=\"elementor-element elementor-element-0e27537 elementor-widget elementor-widget-heading\" data-id=\"0e27537\" data-element_type=\"widget\" data-widget_type=\"heading.default\">\n\t\t\t\t\t<h1 class=\"elementor-heading-title elementor-size-default\"><h3 class=\"headline-50 brand-logo\"><span>Clause de non-responsabilit\u00e9<\/span><\/h3><\/h1>\t\t\t\t<\/div>\n\t\t\t\t<div class=\"elementor-element elementor-element-5b2ab6c elementor-widget elementor-widget-text-editor\" data-id=\"5b2ab6c\" data-element_type=\"widget\" data-widget_type=\"text-editor.default\">\n\t\t\t\t\t\t\t\t\t<div class=\"text-full\"><div class=\"rte-text\"><p><strong>Clause de non-responsabilit\u00e9<\/strong><\/p><p>La soci\u00e9t\u00e9 Alltrucks GmbH &amp; Co. KG (\"Alltrucks\") s'efforce de veiller \u00e0 l'exactitude et \u00e0 l'exhaustivit\u00e9 des informations disponibles sur les pages du site www.alltrucks.com (\"Pr\u00e9sence sur le Web\"), mais ne garantit pas l'actualit\u00e9, l'exactitude ou l'exhaustivit\u00e9 des informations fournies sur les pages de la Pr\u00e9sence sur le Web. De plus, Alltrucks n'est pas responsable du contenu des pages web \u00e9trang\u00e8res auxquelles la pr\u00e9sence web renvoie directement ou indirectement par des hyperliens et qui ne rel\u00e8vent pas de la responsabilit\u00e9 d'Alltrucks.<\/p><p>Alltrucks se r\u00e9serve express\u00e9ment le droit de modifier, de compl\u00e9ter, de supprimer ou de suspendre temporairement ou d\u00e9finitivement la publication d'une partie ou de la totalit\u00e9 du site web sans pr\u00e9avis. Les contenus disponibles sur les pages du site sont prot\u00e9g\u00e9s par les droits d'auteur. Toute reproduction ou utilisation de ces contenus par des tiers, sous quelque forme que ce soit, est interdite sans l'autorisation expresse d'Alltrucks ; pour obtenir une telle autorisation, veuillez contacter la personne mentionn\u00e9e dans les mentions l\u00e9gales.<\/p><p>Cette clause de non-responsabilit\u00e9 doit \u00eatre consid\u00e9r\u00e9e comme partie int\u00e9grante de la pr\u00e9sence sur le web. Si des parties ou certaines formulations de ce disclaimer ne devaient pas, plus ou pas enti\u00e8rement correspondre \u00e0 la situation juridique en vigueur, les autres parties du document n'en seraient pas affect\u00e9es dans leur contenu et leur validit\u00e9.<\/p><p><strong>Conditions d'utilisation<\/strong><\/p><p>L'utilisation de notre offre Internet et de son contenu se fait sur la base des conditions mentionn\u00e9es ci-dessous :<\/p><p><strong>Contenu de l'offre Internet<\/strong><br \/>M\u00eame si nous avons cr\u00e9\u00e9 et entretenu avec soin les contenus de notre offre, nous n'assumons aucune responsabilit\u00e9 quant \u00e0 l'actualit\u00e9, l'exhaustivit\u00e9 ou la qualit\u00e9 des informations propos\u00e9es sur les pages Internet. Nous nous r\u00e9servons le droit de modifier, de compl\u00e9ter ou de supprimer \u00e0 tout moment certains contenus ou l'ensemble de l'offre Internet.<\/p><p><strong>Droits d'auteur et droits d'utilisation<\/strong><br \/>Les contenus de notre offre Internet sont prot\u00e9g\u00e9s par des droits d'auteur. L'utilisateur de notre offre Internet est uniquement autoris\u00e9 \u00e0 consulter les contenus, \u00e0 les imprimer sans les modifier et\/ou \u00e0 les t\u00e9l\u00e9charger sur son ordinateur, \u00e0 condition que cela soit exclusivement \u00e0 des fins d'utilisation personnelle, priv\u00e9e ou non commerciale. Toute utilisation d\u00e9passant ce cadre sans notre accord \u00e9crit expr\u00e8s est interdite.<\/p><p><strong>Contact par e-mail<\/strong><br \/>Nous attirons votre attention sur le fait qu'en cas de prise de contact via notre formulaire de contact figurant dans l'offre Internet ou par e-mail sans programme de cryptage, la confidentialit\u00e9 de l'e-mail et de notre r\u00e9ponse n'est pas garantie. L'utilisation de programmes de cryptage n\u00e9cessite un accord pr\u00e9alable.<\/p><p>Mise \u00e0 jour : 10.12.2014<\/p><\/div><\/div>\t\t\t\t\t\t\t\t<\/div>\n\t\t\t\t\t<\/div>\n\t\t\t\t<\/div>\n\t\t\t\t<\/div>","protected":false},"excerpt":{"rendered":"<p>Clause de non-responsabilit\u00e9 Disclaimer La soci\u00e9t\u00e9 Alltrucks GmbH &amp; Co. KG (\"Alltrucks\") s'efforce de veiller \u00e0 l'exactitude et \u00e0 l'exhaustivit\u00e9 des informations disponibles sur les pages du site www.alltrucks.com (\"Pr\u00e9sence sur le Web\"), mais ne garantit pas l'actualit\u00e9, l'exactitude ou l'exhaustivit\u00e9 des informations fournies sur les pages de la Pr\u00e9sence sur le Web. En outre, Alltrucks n'est pas responsable [...].<\/p>","protected":false},"author":1,"featured_media":0,"parent":0,"menu_order":0,"comment_status":"closed","ping_status":"closed","template":"","meta":{"_acf_changed":false,"footnotes":""},"class_list":["post-790","page","type-page","status-publish","hentry"],"acf":[],"yoast_head":"<!-- This site is optimized with the Yoast SEO Premium plugin v26.3 (Yoast SEO v26.3) - https:\/\/yoast.com\/wordpress\/plugins\/seo\/ -->\n<title>Haftungsausschluss - Alltrucks Truck &amp; Trailer Service<\/title>\n<meta name=\"robots\" content=\"index, follow, max-snippet:-1, max-image-preview:large, max-video-preview:-1\" \/>\n<link rel=\"canonical\" href=\"https:\/\/alltrucks.brandnew.media\/fr\/haftungsausschluss\/\" \/>\n<meta property=\"og:locale\" content=\"fr_FR\" \/>\n<meta property=\"og:type\" content=\"article\" \/>\n<meta property=\"og:title\" content=\"Haftungsausschluss\" \/>\n<meta property=\"og:description\" content=\"Haftungsausschluss Disclaimer Die Alltrucks GmbH &amp; Co. KG (\u201eAlltrucks&#8220;) ist nach besten Kr\u00e4ften bem\u00fcht, f\u00fcr die Richtigkeit und Vollst\u00e4ndigkeit der auf den Seiten der Web-Pr\u00e4senz www.alltrucks.com (\u201eWeb-Pr\u00e4senz&#8220;) verf\u00fcgbaren Informationen zu sorgen, \u00fcbernimmt jedoch keinerlei Gew\u00e4hr f\u00fcr die Aktualit\u00e4t, Richtigkeit oder Vollst\u00e4ndigkeit der auf den Seiten der Web-Pr\u00e4senz bereitgestellten Informationen. Alltrucks steht dar\u00fcber hinaus nicht f\u00fcr [&hellip;]\" \/>\n<meta property=\"og:url\" content=\"https:\/\/alltrucks.brandnew.media\/fr\/haftungsausschluss\/\" \/>\n<meta property=\"og:site_name\" content=\"Alltrucks Truck &amp; Trailer Service\" \/>\n<meta property=\"article:publisher\" content=\"https:\/\/www.facebook.com\/alltrucksDE\/mentions\/?_rdr\" \/>\n<meta property=\"article:modified_time\" content=\"2026-02-06T15:19:49+00:00\" \/>\n<meta name=\"twitter:card\" content=\"summary_large_image\" \/>\n<meta name=\"twitter:label1\" content=\"Dur\u00e9e de lecture estim\u00e9e\" \/>\n\t<meta name=\"twitter:data1\" content=\"2 minutes\" \/>\n<script type=\"application\/ld+json\" class=\"yoast-schema-graph\">{\"@context\":\"https:\/\/schema.org\",\"@graph\":[{\"@type\":\"WebPage\",\"@id\":\"https:\/\/alltrucks.brandnew.media\/fr\/haftungsausschluss\/\",\"url\":\"https:\/\/alltrucks.brandnew.media\/fr\/haftungsausschluss\/\",\"name\":\"Haftungsausschluss - Alltrucks Truck &amp; Trailer Service\",\"isPartOf\":{\"@id\":\"https:\/\/alltrucks.brandnew.media\/fr\/#website\"},\"datePublished\":\"2025-10-07T17:27:16+00:00\",\"dateModified\":\"2026-02-06T15:19:49+00:00\",\"breadcrumb\":{\"@id\":\"https:\/\/alltrucks.brandnew.media\/fr\/haftungsausschluss\/#breadcrumb\"},\"inLanguage\":\"fr-FR\",\"potentialAction\":[{\"@type\":\"ReadAction\",\"target\":[\"https:\/\/alltrucks.brandnew.media\/fr\/haftungsausschluss\/\"]}]},{\"@type\":\"BreadcrumbList\",\"@id\":\"https:\/\/alltrucks.brandnew.media\/fr\/haftungsausschluss\/#breadcrumb\",\"itemListElement\":[{\"@type\":\"ListItem\",\"position\":1,\"name\":\"Startseite\",\"item\":\"https:\/\/alltrucks.brandnew.media\/fr\/\"},{\"@type\":\"ListItem\",\"position\":2,\"name\":\"Haftungsausschluss\"}]},{\"@type\":\"WebSite\",\"@id\":\"https:\/\/alltrucks.brandnew.media\/fr\/#website\",\"url\":\"https:\/\/alltrucks.brandnew.media\/fr\/\",\"name\":\"Alltrucks Truck & Trailer Service\",\"description\":\"\",\"publisher\":{\"@id\":\"https:\/\/alltrucks.brandnew.media\/fr\/#organization\"},\"potentialAction\":[{\"@type\":\"SearchAction\",\"target\":{\"@type\":\"EntryPoint\",\"urlTemplate\":\"https:\/\/alltrucks.brandnew.media\/fr\/?s={search_term_string}\"},\"query-input\":{\"@type\":\"PropertyValueSpecification\",\"valueRequired\":true,\"valueName\":\"search_term_string\"}}],\"inLanguage\":\"fr-FR\"},{\"@type\":\"Organization\",\"@id\":\"https:\/\/alltrucks.brandnew.media\/fr\/#organization\",\"name\":\"Alltrucks GmbH & Co. KG\",\"url\":\"https:\/\/alltrucks.brandnew.media\/fr\/\",\"logo\":{\"@type\":\"ImageObject\",\"inLanguage\":\"fr-FR\",\"@id\":\"https:\/\/alltrucks.brandnew.media\/fr\/#\/schema\/logo\/image\/\",\"url\":\"https:\/\/alltrucks.brandnew.media\/wp-content\/uploads\/2025\/09\/Logo.svg\",\"contentUrl\":\"https:\/\/alltrucks.brandnew.media\/wp-content\/uploads\/2025\/09\/Logo.svg\",\"width\":298,\"height\":65,\"caption\":\"Alltrucks GmbH & Co. KG\"},\"image\":{\"@id\":\"https:\/\/alltrucks.brandnew.media\/fr\/#\/schema\/logo\/image\/\"},\"sameAs\":[\"https:\/\/www.facebook.com\/alltrucksDE\/mentions\/?_rdr\",\"https:\/\/de.linkedin.com\/company\/alltrucks\"]}]}<\/script>\n<!-- \/ Yoast SEO Premium plugin. -->","yoast_head_json":{"title":"Clause de non-responsabilit\u00e9 - Alltrucks Truck &amp; Trailer Service","robots":{"index":"index","follow":"follow","max-snippet":"max-snippet:-1","max-image-preview":"max-image-preview:large","max-video-preview":"max-video-preview:-1"},"canonical":"https:\/\/alltrucks.brandnew.media\/fr\/haftungsausschluss\/","og_locale":"fr_FR","og_type":"article","og_title":"Haftungsausschluss","og_description":"Haftungsausschluss Disclaimer Die Alltrucks GmbH &amp; Co. KG (\u201eAlltrucks&#8220;) ist nach besten Kr\u00e4ften bem\u00fcht, f\u00fcr die Richtigkeit und Vollst\u00e4ndigkeit der auf den Seiten der Web-Pr\u00e4senz www.alltrucks.com (\u201eWeb-Pr\u00e4senz&#8220;) verf\u00fcgbaren Informationen zu sorgen, \u00fcbernimmt jedoch keinerlei Gew\u00e4hr f\u00fcr die Aktualit\u00e4t, Richtigkeit oder Vollst\u00e4ndigkeit der auf den Seiten der Web-Pr\u00e4senz bereitgestellten Informationen. Alltrucks steht dar\u00fcber hinaus nicht f\u00fcr [&hellip;]","og_url":"https:\/\/alltrucks.brandnew.media\/fr\/haftungsausschluss\/","og_site_name":"Alltrucks Truck &amp; Trailer Service","article_publisher":"https:\/\/www.facebook.com\/alltrucksDE\/mentions\/?_rdr","article_modified_time":"2026-02-06T15:19:49+00:00","twitter_card":"summary_large_image","twitter_misc":{"Dur\u00e9e de lecture estim\u00e9e":"2 minutes"},"schema":{"@context":"https:\/\/schema.org","@graph":[{"@type":"WebPage","@id":"https:\/\/alltrucks.brandnew.media\/fr\/haftungsausschluss\/","url":"https:\/\/alltrucks.brandnew.media\/fr\/haftungsausschluss\/","name":"Clause de non-responsabilit\u00e9 - Alltrucks Truck &amp; Trailer Service","isPartOf":{"@id":"https:\/\/alltrucks.brandnew.media\/fr\/#website"},"datePublished":"2025-10-07T17:27:16+00:00","dateModified":"2026-02-06T15:19:49+00:00","breadcrumb":{"@id":"https:\/\/alltrucks.brandnew.media\/fr\/haftungsausschluss\/#breadcrumb"},"inLanguage":"fr-FR","potentialAction":[{"@type":"ReadAction","target":["https:\/\/alltrucks.brandnew.media\/fr\/haftungsausschluss\/"]}]},{"@type":"BreadcrumbList","@id":"https:\/\/alltrucks.brandnew.media\/fr\/haftungsausschluss\/#breadcrumb","itemListElement":[{"@type":"ListItem","position":1,"name":"Startseite","item":"https:\/\/alltrucks.brandnew.media\/fr\/"},{"@type":"ListItem","position":2,"name":"Haftungsausschluss"}]},{"@type":"WebSite","@id":"https:\/\/alltrucks.brandnew.media\/fr\/#website","url":"https:\/\/alltrucks.brandnew.media\/fr\/","name":"Alltrucks Truck &amp; Trailer Service","description":"","publisher":{"@id":"https:\/\/alltrucks.brandnew.media\/fr\/#organization"},"potentialAction":[{"@type":"SearchAction","target":{"@type":"EntryPoint","urlTemplate":"https:\/\/alltrucks.brandnew.media\/fr\/?s={search_term_string}"},"query-input":{"@type":"PropertyValueSpecification","valueRequired":true,"valueName":"search_term_string"}}],"inLanguage":"fr-FR"},{"@type":"Organization","@id":"https:\/\/alltrucks.brandnew.media\/fr\/#organization","name":"Alltrucks GmbH &amp; Co. KG","url":"https:\/\/alltrucks.brandnew.media\/fr\/","logo":{"@type":"ImageObject","inLanguage":"fr-FR","@id":"https:\/\/alltrucks.brandnew.media\/fr\/#\/schema\/logo\/image\/","url":"https:\/\/alltrucks.brandnew.media\/wp-content\/uploads\/2025\/09\/Logo.svg","contentUrl":"https:\/\/alltrucks.brandnew.media\/wp-content\/uploads\/2025\/09\/Logo.svg","width":298,"height":65,"caption":"Alltrucks GmbH & Co. KG"},"image":{"@id":"https:\/\/alltrucks.brandnew.media\/fr\/#\/schema\/logo\/image\/"},"sameAs":["https:\/\/www.facebook.com\/alltrucksDE\/mentions\/?_rdr","https:\/\/de.linkedin.com\/company\/alltrucks"]}]}},"_links":{"self":[{"href":"https:\/\/alltrucks.brandnew.media\/fr\/wp-json\/wp\/v2\/pages\/790","targetHints":{"allow":["GET"]}}],"collection":[{"href":"https:\/\/alltrucks.brandnew.media\/fr\/wp-json\/wp\/v2\/pages"}],"about":[{"href":"https:\/\/alltrucks.brandnew.media\/fr\/wp-json\/wp\/v2\/types\/page"}],"author":[{"embeddable":true,"href":"https:\/\/alltrucks.brandnew.media\/fr\/wp-json\/wp\/v2\/users\/1"}],"replies":[{"embeddable":true,"href":"https:\/\/alltrucks.brandnew.media\/fr\/wp-json\/wp\/v2\/comments?post=790"}],"version-history":[{"count":7,"href":"https:\/\/alltrucks.brandnew.media\/fr\/wp-json\/wp\/v2\/pages\/790\/revisions"}],"predecessor-version":[{"id":2208,"href":"https:\/\/alltrucks.brandnew.media\/fr\/wp-json\/wp\/v2\/pages\/790\/revisions\/2208"}],"wp:attachment":[{"href":"https:\/\/alltrucks.brandnew.media\/fr\/wp-json\/wp\/v2\/media?parent=790"}],"curies":[{"name":"wp","href":"https:\/\/api.w.org\/{rel}","templated":true}]}}