{"id":1366,"date":"2025-10-10T12:22:57","date_gmt":"2025-10-10T12:22:57","guid":{"rendered":"https:\/\/alltrucks.brandnew.media\/?page_id=1366"},"modified":"2026-02-06T14:52:38","modified_gmt":"2026-02-06T14:52:38","slug":"formular","status":"publish","type":"page","link":"https:\/\/alltrucks.brandnew.media\/fr\/formular\/","title":{"rendered":"Formulaire"},"content":{"rendered":"<div data-elementor-type=\"wp-page\" data-elementor-id=\"1366\" class=\"elementor elementor-1366\" data-elementor-post-type=\"page\">\n\t\t\t\t<div class=\"elementor-element elementor-element-41ab5e4 e-flex e-con-boxed e-con e-parent\" data-id=\"41ab5e4\" data-element_type=\"container\">\n\t\t\t\t\t<div class=\"e-con-inner\">\n\t\t\t\t<div class=\"elementor-element elementor-element-aaa877c elementor-widget elementor-widget-heading\" data-id=\"aaa877c\" data-element_type=\"widget\" data-widget_type=\"heading.default\">\n\t\t\t\t\t<h2 class=\"elementor-heading-title elementor-size-default\">Les bons partenariats commencent par une bonne discussion.<\/h2>\t\t\t\t<\/div>\n\t\t\t\t<div class=\"elementor-element elementor-element-abd091d elementor-widget elementor-widget-text-editor\" data-id=\"abd091d\" data-element_type=\"widget\" data-widget_type=\"text-editor.default\">\n\t\t\t\t\t\t\t\t\t<p>D\u00e9couvrons ensemble ce qu'Alltrucks peut faire pour vous. Que vous soyez garagiste, exploitant de flotte ou simplement int\u00e9ress\u00e9, n'h\u00e9sitez pas \u00e0 prendre contact avec nous. Nous vous r\u00e9pondrons personnellement dans les plus brefs d\u00e9lais.<\/p>\t\t\t\t\t\t\t\t<\/div>\n\t\t\t\t\t<\/div>\n\t\t\t\t<\/div>\n\t\t<div class=\"elementor-element elementor-element-ec47431 e-flex e-con-boxed e-con e-parent\" data-id=\"ec47431\" data-element_type=\"container\">\n\t\t\t\t\t<div class=\"e-con-inner\">\n\t\t\t\t<div class=\"elementor-element elementor-element-567a32c elementor-widget elementor-widget-shortcode\" data-id=\"567a32c\" data-element_type=\"widget\" data-widget_type=\"shortcode.default\">\n\t\t\t\t\t\t\t<div class=\"elementor-shortcode\"><style id=\"wpforms-css-vars-1346\">\n\t\t\t\t#wpforms-1346 {\n\t\t\t\t--wpforms-field-border-color: #00193E;\n--wpforms-field-border-color-spare: #00193E;\n--wpforms-field-text-color: #00193E;\n--wpforms-label-color: rgba(0, 0, 0, 0.85);\n--wpforms-label-sublabel-color: rgba(0, 0, 0, 0.55);\n--wpforms-button-background-color: #00B5E2;\n--wpforms-container-padding: 0px;\n--wpforms-container-border-width: 1px;\n--wpforms-container-border-radius: 3px;\n--wpforms-background-color: rgba(0, 0, 0, 0);\n--wpforms-field-size-input-height: 43px;\n--wpforms-field-size-input-spacing: 15px;\n--wpforms-field-size-font-size: 16px;\n--wpforms-field-size-line-height: 19px;\n--wpforms-field-size-padding-h: 14px;\n--wpforms-field-size-checkbox-size: 16px;\n--wpforms-field-size-sublabel-spacing: 5px;\n--wpforms-field-size-icon-size: 1;\n--wpforms-label-size-font-size: 16px;\n--wpforms-label-size-line-height: 19px;\n--wpforms-label-size-sublabel-font-size: 14px;\n--wpforms-label-size-sublabel-line-height: 17px;\n--wpforms-button-size-font-size: 17px;\n--wpforms-button-size-height: 41px;\n--wpforms-button-size-padding-h: 15px;\n--wpforms-button-size-margin-top: 10px;\n--wpforms-container-shadow-size-box-shadow: none;\n\t\t\t}\n\t\t\t<\/style><div class=\"wpforms-container wpforms-container-full wpforms-render-modern\" id=\"wpforms-1346\"><form id=\"wpforms-form-1346\" class=\"wpforms-validate wpforms-form wpforms-ajax-form\" data-formid=\"1346\" method=\"post\" enctype=\"multipart\/form-data\" action=\"\/fr\/wp-json\/wp\/v2\/pages\/1366\" data-token=\"2614f90aa649057a54c9a94548471532\" data-token-time=\"1776518233\" data-trp-original-action=\"\/fr\/wp-json\/wp\/v2\/pages\/1366\"><noscript class=\"wpforms-error-noscript\">Veuillez activer JavaScript dans votre navigateur pour remplir ce formulaire.<\/noscript><div id=\"wpforms-error-noscript\" style=\"display: none;\">Veuillez activer JavaScript dans votre navigateur pour remplir ce formulaire.<\/div><div class=\"wpforms-field-container\"><div id=\"wpforms-1346-field_1-container\" class=\"wpforms-field wpforms-field-name\" data-field-id=\"1\"><fieldset><legend class=\"wpforms-field-label\">Nom <span class=\"wpforms-required-label\" aria-hidden=\"true\">*<\/span><\/legend><div class=\"wpforms-field-row wpforms-field-medium\"><div class=\"wpforms-field-row-block wpforms-first wpforms-one-half\"><input type=\"text\" id=\"wpforms-1346-field_1\" class=\"wpforms-field-name-first wpforms-field-required\" name=\"wpforms[fields][1][first]\" aria-errormessage=\"wpforms-1346-field_1-error\" required><label for=\"wpforms-1346-field_1\" class=\"wpforms-field-sublabel after\">Pr\u00e9nom<\/label><\/div><div class=\"wpforms-field-row-block wpforms-one-half\"><input type=\"text\" id=\"wpforms-1346-field_1-last\" class=\"wpforms-field-name-last wpforms-field-required\" name=\"wpforms[fields][1][last]\" aria-errormessage=\"wpforms-1346-field_1-last-error\" required><label for=\"wpforms-1346-field_1-last\" class=\"wpforms-field-sublabel after\">Nom<\/label><\/div><\/div><\/fieldset><\/div><div id=\"wpforms-1346-field_4-container\" class=\"wpforms-field wpforms-field-text\" data-field-id=\"4\"><label class=\"wpforms-field-label\" for=\"wpforms-1346-field_4\">Sujet <span class=\"wpforms-required-label\" aria-hidden=\"true\">*<\/span><\/label><input type=\"text\" id=\"wpforms-1346-field_4\" class=\"wpforms-field-medium wpforms-field-required\" name=\"wpforms[fields][4]\" aria-errormessage=\"wpforms-1346-field_4-error\" required><\/div><div id=\"wpforms-1346-field_2-container\" class=\"wpforms-field wpforms-field-email\" data-field-id=\"2\"><label class=\"wpforms-field-label\" for=\"wpforms-1346-field_2\">Adresse \u00e9lectronique <span class=\"wpforms-required-label\" aria-hidden=\"true\">*<\/span><\/label><input type=\"email\" id=\"wpforms-1346-field_2\" class=\"wpforms-field-medium wpforms-field-required\" name=\"wpforms[fields][2]\" spellcheck=\"false\" aria-errormessage=\"wpforms-1346-field_2-error\" required><\/div>\t\t<div id=\"wpforms-1346-field_5-container\"\n\t\t\tclass=\"wpforms-field wpforms-field-text\"\n\t\t\tdata-field-type=\"text\"\n\t\t\tdata-field-id=\"5\"\n\t\t\t>\n\t\t\t<label class=\"wpforms-field-label\" for=\"wpforms-1346-field_5\" >Nom Sujet Message<\/label>\n\t\t\t<input type=\"text\" id=\"wpforms-1346-field_5\" class=\"wpforms-field-medium\" name=\"wpforms[fields][5]\" >\n\t\t<\/div>\n\t\t<div id=\"wpforms-1346-field_3-container\" class=\"wpforms-field wpforms-field-textarea\" data-field-id=\"3\"><label class=\"wpforms-field-label\" for=\"wpforms-1346-field_3\">Commentaire ou message<\/label><textarea id=\"wpforms-1346-field_3\" class=\"wpforms-field-medium\" name=\"wpforms[fields][3]\" aria-errormessage=\"wpforms-1346-field_3-error\" ><\/textarea><\/div><script>\n\t\t\t\t( function() {\n\t\t\t\t\tconst style = document.createElement( 'style' );\n\t\t\t\t\tstyle.appendChild( document.createTextNode( '#wpforms-1346-field_5-container { position: absolute !important; overflow: hidden !important; display: inline !important; height: 1px !important; width: 1px !important; z-index: -1000 !important; padding: 0 !important; } #wpforms-1346-field_5-container input { visibility: hidden; } #wpforms-conversational-form-page #wpforms-1346-field_5-container label { counter-increment: none; }' ) );\n\t\t\t\t\tdocument.head.appendChild( style );\n\t\t\t\t\tdocument.currentScript?.remove();\n\t\t\t\t} )();\n\t\t\t<\/script><\/div><!-- .wpforms-field-container --><div class=\"wpforms-submit-container\" ><input type=\"hidden\" name=\"wpforms[id]\" value=\"1346\"><input type=\"hidden\" name=\"page_title\" value=\"\"><input type=\"hidden\" name=\"page_url\" value=\"https:\/\/alltrucks.brandnew.media\/fr\/wp-json\/wp\/v2\/pages\/1366\"><input type=\"hidden\" name=\"url_referer\" value=\"\"><button type=\"submit\" name=\"wpforms[submit]\" id=\"wpforms-submit-1346\" class=\"wpforms-submit\" data-alt-text=\"Wird gesendet\u00a0\u2026\" data-submit-text=\"Absenden\" aria-live=\"assertive\" value=\"wpforms-submit\">Envoyer<\/button><img decoding=\"async\" src=\"https:\/\/alltrucks.brandnew.media\/wp-content\/plugins\/wpforms-lite\/assets\/images\/submit-spin.svg\" class=\"wpforms-submit-spinner\" style=\"display: none;\" width=\"26\" height=\"26\" alt=\"Chargement en cours\"><\/div><input type=\"hidden\" name=\"trp-form-language\" value=\"fr\"\/><\/form><\/div>  <!-- .wpforms-container --><\/div>\n\t\t\t\t\t\t<\/div>\n\t\t\t\t<div class=\"elementor-element elementor-element-1635242 elementor-widget elementor-widget-text-editor\" data-id=\"1635242\" data-element_type=\"widget\" data-widget_type=\"text-editor.default\">\n\t\t\t\t\t\t\t\t\t<p>En envoyant votre message, vous acceptez que nous utilisions vos donn\u00e9es pour traiter votre demande. Pour en savoir plus, consultez notre d\u00e9claration de confidentialit\u00e9.<\/p>\t\t\t\t\t\t\t\t<\/div>\n\t\t\t\t\t<\/div>\n\t\t\t\t<\/div>\n\t\t\t\t<\/div>","protected":false},"excerpt":{"rendered":"<p>Les bons partenariats commencent par une discussion. D\u00e9couvrons ensemble ce qu'Alltrucks peut faire pour vous. Que vous soyez garagiste, exploitant de flotte ou simplement int\u00e9ress\u00e9, prenez contact avec nous. Nous vous r\u00e9pondrons personnellement dans les plus brefs d\u00e9lais. En envoyant votre message, vous acceptez que nous utilisions vos donn\u00e9es pour le traitement [...].<\/p>","protected":false},"author":1,"featured_media":0,"parent":0,"menu_order":0,"comment_status":"closed","ping_status":"closed","template":"","meta":{"_acf_changed":false,"footnotes":""},"class_list":["post-1366","page","type-page","status-publish","hentry"],"acf":[],"yoast_head":"<!-- This site is optimized with the Yoast SEO Premium plugin v26.3 (Yoast SEO v26.3) - https:\/\/yoast.com\/wordpress\/plugins\/seo\/ -->\n<title>Formular - Alltrucks Truck &amp; Trailer Service<\/title>\n<meta name=\"robots\" content=\"index, follow, max-snippet:-1, max-image-preview:large, max-video-preview:-1\" \/>\n<link rel=\"canonical\" href=\"https:\/\/alltrucks.brandnew.media\/fr\/formular\/\" \/>\n<meta property=\"og:locale\" content=\"fr_FR\" \/>\n<meta property=\"og:type\" content=\"article\" \/>\n<meta property=\"og:title\" content=\"Formular\" \/>\n<meta property=\"og:description\" content=\"Gute Partnerschaften beginnen mit einem Gespr\u00e4ch. Lassen Sie uns gemeinsam herausfinden, was Alltrucks f\u00fcr Sie bewegen kann. Egal, ob Sie Werkstatt, Flottenbetreiber oder einfach interessiert sind \u2013 nehmen Sie Kontakt mit uns auf. Wir melden uns schnellstm\u00f6glich pers\u00f6nlich bei Ihnen zur\u00fcck. Mit dem Abschicken der Nachricht stimmen Sie zu, dass wir Ihre Angaben zur Bearbeitung [&hellip;]\" \/>\n<meta property=\"og:url\" content=\"https:\/\/alltrucks.brandnew.media\/fr\/formular\/\" \/>\n<meta property=\"og:site_name\" content=\"Alltrucks Truck &amp; Trailer Service\" \/>\n<meta property=\"article:publisher\" content=\"https:\/\/www.facebook.com\/alltrucksDE\/mentions\/?_rdr\" \/>\n<meta property=\"article:modified_time\" content=\"2026-02-06T14:52:38+00:00\" \/>\n<meta name=\"twitter:card\" content=\"summary_large_image\" \/>\n<meta name=\"twitter:label1\" content=\"Dur\u00e9e de lecture estim\u00e9e\" \/>\n\t<meta name=\"twitter:data1\" content=\"1 minute\" \/>\n<script type=\"application\/ld+json\" class=\"yoast-schema-graph\">{\"@context\":\"https:\/\/schema.org\",\"@graph\":[{\"@type\":\"WebPage\",\"@id\":\"https:\/\/alltrucks.brandnew.media\/fr\/formular\/\",\"url\":\"https:\/\/alltrucks.brandnew.media\/fr\/formular\/\",\"name\":\"Formular - Alltrucks Truck &amp; Trailer Service\",\"isPartOf\":{\"@id\":\"https:\/\/alltrucks.brandnew.media\/fr\/#website\"},\"datePublished\":\"2025-10-10T12:22:57+00:00\",\"dateModified\":\"2026-02-06T14:52:38+00:00\",\"breadcrumb\":{\"@id\":\"https:\/\/alltrucks.brandnew.media\/fr\/formular\/#breadcrumb\"},\"inLanguage\":\"fr-FR\",\"potentialAction\":[{\"@type\":\"ReadAction\",\"target\":[\"https:\/\/alltrucks.brandnew.media\/fr\/formular\/\"]}]},{\"@type\":\"BreadcrumbList\",\"@id\":\"https:\/\/alltrucks.brandnew.media\/fr\/formular\/#breadcrumb\",\"itemListElement\":[{\"@type\":\"ListItem\",\"position\":1,\"name\":\"Startseite\",\"item\":\"https:\/\/alltrucks.brandnew.media\/fr\/\"},{\"@type\":\"ListItem\",\"position\":2,\"name\":\"Formular\"}]},{\"@type\":\"WebSite\",\"@id\":\"https:\/\/alltrucks.brandnew.media\/fr\/#website\",\"url\":\"https:\/\/alltrucks.brandnew.media\/fr\/\",\"name\":\"Alltrucks Truck & Trailer Service\",\"description\":\"\",\"publisher\":{\"@id\":\"https:\/\/alltrucks.brandnew.media\/fr\/#organization\"},\"potentialAction\":[{\"@type\":\"SearchAction\",\"target\":{\"@type\":\"EntryPoint\",\"urlTemplate\":\"https:\/\/alltrucks.brandnew.media\/fr\/?s={search_term_string}\"},\"query-input\":{\"@type\":\"PropertyValueSpecification\",\"valueRequired\":true,\"valueName\":\"search_term_string\"}}],\"inLanguage\":\"fr-FR\"},{\"@type\":\"Organization\",\"@id\":\"https:\/\/alltrucks.brandnew.media\/fr\/#organization\",\"name\":\"Alltrucks GmbH & Co. KG\",\"url\":\"https:\/\/alltrucks.brandnew.media\/fr\/\",\"logo\":{\"@type\":\"ImageObject\",\"inLanguage\":\"fr-FR\",\"@id\":\"https:\/\/alltrucks.brandnew.media\/fr\/#\/schema\/logo\/image\/\",\"url\":\"https:\/\/alltrucks.brandnew.media\/wp-content\/uploads\/2025\/09\/Logo.svg\",\"contentUrl\":\"https:\/\/alltrucks.brandnew.media\/wp-content\/uploads\/2025\/09\/Logo.svg\",\"width\":298,\"height\":65,\"caption\":\"Alltrucks GmbH & Co. KG\"},\"image\":{\"@id\":\"https:\/\/alltrucks.brandnew.media\/fr\/#\/schema\/logo\/image\/\"},\"sameAs\":[\"https:\/\/www.facebook.com\/alltrucksDE\/mentions\/?_rdr\",\"https:\/\/de.linkedin.com\/company\/alltrucks\"]}]}<\/script>\n<!-- \/ Yoast SEO Premium plugin. -->","yoast_head_json":{"title":"Formulaire - Alltrucks Truck &amp; Trailer Service","robots":{"index":"index","follow":"follow","max-snippet":"max-snippet:-1","max-image-preview":"max-image-preview:large","max-video-preview":"max-video-preview:-1"},"canonical":"https:\/\/alltrucks.brandnew.media\/fr\/formular\/","og_locale":"fr_FR","og_type":"article","og_title":"Formular","og_description":"Gute Partnerschaften beginnen mit einem Gespr\u00e4ch. Lassen Sie uns gemeinsam herausfinden, was Alltrucks f\u00fcr Sie bewegen kann. Egal, ob Sie Werkstatt, Flottenbetreiber oder einfach interessiert sind \u2013 nehmen Sie Kontakt mit uns auf. Wir melden uns schnellstm\u00f6glich pers\u00f6nlich bei Ihnen zur\u00fcck. Mit dem Abschicken der Nachricht stimmen Sie zu, dass wir Ihre Angaben zur Bearbeitung [&hellip;]","og_url":"https:\/\/alltrucks.brandnew.media\/fr\/formular\/","og_site_name":"Alltrucks Truck &amp; Trailer Service","article_publisher":"https:\/\/www.facebook.com\/alltrucksDE\/mentions\/?_rdr","article_modified_time":"2026-02-06T14:52:38+00:00","twitter_card":"summary_large_image","twitter_misc":{"Dur\u00e9e de lecture estim\u00e9e":"1 minute"},"schema":{"@context":"https:\/\/schema.org","@graph":[{"@type":"WebPage","@id":"https:\/\/alltrucks.brandnew.media\/fr\/formular\/","url":"https:\/\/alltrucks.brandnew.media\/fr\/formular\/","name":"Formulaire - Alltrucks Truck &amp; Trailer Service","isPartOf":{"@id":"https:\/\/alltrucks.brandnew.media\/fr\/#website"},"datePublished":"2025-10-10T12:22:57+00:00","dateModified":"2026-02-06T14:52:38+00:00","breadcrumb":{"@id":"https:\/\/alltrucks.brandnew.media\/fr\/formular\/#breadcrumb"},"inLanguage":"fr-FR","potentialAction":[{"@type":"ReadAction","target":["https:\/\/alltrucks.brandnew.media\/fr\/formular\/"]}]},{"@type":"BreadcrumbList","@id":"https:\/\/alltrucks.brandnew.media\/fr\/formular\/#breadcrumb","itemListElement":[{"@type":"ListItem","position":1,"name":"Startseite","item":"https:\/\/alltrucks.brandnew.media\/fr\/"},{"@type":"ListItem","position":2,"name":"Formular"}]},{"@type":"WebSite","@id":"https:\/\/alltrucks.brandnew.media\/fr\/#website","url":"https:\/\/alltrucks.brandnew.media\/fr\/","name":"Alltrucks Truck &amp; Trailer Service","description":"","publisher":{"@id":"https:\/\/alltrucks.brandnew.media\/fr\/#organization"},"potentialAction":[{"@type":"SearchAction","target":{"@type":"EntryPoint","urlTemplate":"https:\/\/alltrucks.brandnew.media\/fr\/?s={search_term_string}"},"query-input":{"@type":"PropertyValueSpecification","valueRequired":true,"valueName":"search_term_string"}}],"inLanguage":"fr-FR"},{"@type":"Organization","@id":"https:\/\/alltrucks.brandnew.media\/fr\/#organization","name":"Alltrucks GmbH &amp; Co. KG","url":"https:\/\/alltrucks.brandnew.media\/fr\/","logo":{"@type":"ImageObject","inLanguage":"fr-FR","@id":"https:\/\/alltrucks.brandnew.media\/fr\/#\/schema\/logo\/image\/","url":"https:\/\/alltrucks.brandnew.media\/wp-content\/uploads\/2025\/09\/Logo.svg","contentUrl":"https:\/\/alltrucks.brandnew.media\/wp-content\/uploads\/2025\/09\/Logo.svg","width":298,"height":65,"caption":"Alltrucks GmbH & Co. KG"},"image":{"@id":"https:\/\/alltrucks.brandnew.media\/fr\/#\/schema\/logo\/image\/"},"sameAs":["https:\/\/www.facebook.com\/alltrucksDE\/mentions\/?_rdr","https:\/\/de.linkedin.com\/company\/alltrucks"]}]}},"_links":{"self":[{"href":"https:\/\/alltrucks.brandnew.media\/fr\/wp-json\/wp\/v2\/pages\/1366","targetHints":{"allow":["GET"]}}],"collection":[{"href":"https:\/\/alltrucks.brandnew.media\/fr\/wp-json\/wp\/v2\/pages"}],"about":[{"href":"https:\/\/alltrucks.brandnew.media\/fr\/wp-json\/wp\/v2\/types\/page"}],"author":[{"embeddable":true,"href":"https:\/\/alltrucks.brandnew.media\/fr\/wp-json\/wp\/v2\/users\/1"}],"replies":[{"embeddable":true,"href":"https:\/\/alltrucks.brandnew.media\/fr\/wp-json\/wp\/v2\/comments?post=1366"}],"version-history":[{"count":13,"href":"https:\/\/alltrucks.brandnew.media\/fr\/wp-json\/wp\/v2\/pages\/1366\/revisions"}],"predecessor-version":[{"id":2191,"href":"https:\/\/alltrucks.brandnew.media\/fr\/wp-json\/wp\/v2\/pages\/1366\/revisions\/2191"}],"wp:attachment":[{"href":"https:\/\/alltrucks.brandnew.media\/fr\/wp-json\/wp\/v2\/media?parent=1366"}],"curies":[{"name":"wp","href":"https:\/\/api.w.org\/{rel}","templated":true}]}}