{"id":304,"date":"2025-10-03T18:51:47","date_gmt":"2025-10-03T18:51:47","guid":{"rendered":"https:\/\/alltrucks.brandnew.media\/?page_id=304"},"modified":"2025-11-25T09:02:04","modified_gmt":"2025-11-25T09:02:04","slug":"auf-der-strasse","status":"publish","type":"page","link":"https:\/\/alltrucks.brandnew.media\/en\/auf-der-strasse\/","title":{"rendered":"On the road"},"content":{"rendered":"<div data-elementor-type=\"wp-post\" data-elementor-id=\"304\" class=\"elementor elementor-304\" data-elementor-post-type=\"page\">\n\t\t\t\t<div class=\"elementor-element elementor-element-574e0a1 e-con-full e-transform hero-banner e-flex e-con e-parent\" data-id=\"574e0a1\" data-element_type=\"container\" data-settings=\"{&quot;_transform_translateX_effect&quot;:{&quot;unit&quot;:&quot;px&quot;,&quot;size&quot;:0,&quot;sizes&quot;:[]},&quot;_transform_translateY_effect&quot;:{&quot;unit&quot;:&quot;px&quot;,&quot;size&quot;:-120,&quot;sizes&quot;:[]},&quot;background_background&quot;:&quot;classic&quot;,&quot;_transform_translateX_effect_tablet&quot;:{&quot;unit&quot;:&quot;px&quot;,&quot;size&quot;:&quot;&quot;,&quot;sizes&quot;:[]},&quot;_transform_translateX_effect_mobile&quot;:{&quot;unit&quot;:&quot;px&quot;,&quot;size&quot;:&quot;&quot;,&quot;sizes&quot;:[]},&quot;_transform_translateY_effect_tablet&quot;:{&quot;unit&quot;:&quot;px&quot;,&quot;size&quot;:&quot;&quot;,&quot;sizes&quot;:[]},&quot;_transform_translateY_effect_mobile&quot;:{&quot;unit&quot;:&quot;px&quot;,&quot;size&quot;:&quot;&quot;,&quot;sizes&quot;:[]}}\">\n\t\t<div class=\"elementor-element elementor-element-c9b04ee e-con-full e-transform e-flex e-con e-child\" data-id=\"c9b04ee\" data-element_type=\"container\" data-settings=\"{&quot;_transform_translateX_effect&quot;:{&quot;unit&quot;:&quot;px&quot;,&quot;size&quot;:&quot;&quot;,&quot;sizes&quot;:[]},&quot;_transform_translateX_effect_tablet&quot;:{&quot;unit&quot;:&quot;px&quot;,&quot;size&quot;:&quot;&quot;,&quot;sizes&quot;:[]},&quot;_transform_translateX_effect_mobile&quot;:{&quot;unit&quot;:&quot;px&quot;,&quot;size&quot;:&quot;&quot;,&quot;sizes&quot;:[]},&quot;_transform_translateY_effect&quot;:{&quot;unit&quot;:&quot;px&quot;,&quot;size&quot;:&quot;&quot;,&quot;sizes&quot;:[]},&quot;_transform_translateY_effect_tablet&quot;:{&quot;unit&quot;:&quot;px&quot;,&quot;size&quot;:&quot;&quot;,&quot;sizes&quot;:[]},&quot;_transform_translateY_effect_mobile&quot;:{&quot;unit&quot;:&quot;px&quot;,&quot;size&quot;:&quot;&quot;,&quot;sizes&quot;:[]}}\">\n\t\t\t\t<div class=\"elementor-element elementor-element-045a5fc elementor-widget elementor-widget-heading\" data-id=\"045a5fc\" data-element_type=\"widget\" data-widget_type=\"heading.default\">\n\t\t\t\t\t<h1 class=\"elementor-heading-title elementor-size-default\">Networked throughout Europe\n<\/h1>\t\t\t\t<\/div>\n\t\t\t\t<div class=\"elementor-element elementor-element-0c8ab06 elementor-widget elementor-widget-heading\" data-id=\"0c8ab06\" data-element_type=\"widget\" data-widget_type=\"heading.default\">\n\t\t\t\t\t<h2 class=\"elementor-heading-title elementor-size-default\">Your fleet in the best hands<\/h2>\t\t\t\t<\/div>\n\t\t\t\t<\/div>\n\t\t\t\t<\/div>\n\t\t<div class=\"elementor-element elementor-element-5e9d716 e-flex e-con-boxed e-con e-parent\" data-id=\"5e9d716\" data-element_type=\"container\">\n\t\t\t\t\t<div class=\"e-con-inner\">\n\t\t<div class=\"elementor-element elementor-element-1520884 e-con-full e-flex e-con e-child\" data-id=\"1520884\" data-element_type=\"container\">\n\t\t<div class=\"elementor-element elementor-element-2197bbb e-con-full e-flex e-con e-child\" data-id=\"2197bbb\" data-element_type=\"container\">\n\t\t\t\t<div class=\"elementor-element elementor-element-d6b5c1a elementor-widget elementor-widget-heading\" data-id=\"d6b5c1a\" data-element_type=\"widget\" data-widget_type=\"heading.default\">\n\t\t\t\t\t<h2 class=\"elementor-heading-title elementor-size-default\">Managing a commercial vehicle fleet across several countries is complex - service should not be.<\/h2>\t\t\t\t<\/div>\n\t\t\t\t<\/div>\n\t\t<div class=\"elementor-element elementor-element-c9b4424 e-con-full e-flex e-con e-child\" data-id=\"c9b4424\" data-element_type=\"container\">\n\t\t\t\t<div class=\"elementor-element elementor-element-6471649 elementor-widget elementor-widget-text-editor\" data-id=\"6471649\" data-element_type=\"widget\" data-widget_type=\"text-editor.default\">\n\t\t\t\t\t\t\t\t\t<p>Alltrucks gives you access to a professional, brand-independent workshop network that reduces downtimes, simplifies processes and offers full transparency - throughout Europe. <br \/>We connect fleet operators with over 650 certified multi-brand workshops in 18 countries. All workshops fulfil strict quality standards and are equipped for all major brands of trucks, trailers, vans and buses.<\/p>\t\t\t\t\t\t\t\t<\/div>\n\t\t\t\t<\/div>\n\t\t\t\t<\/div>\n\t\t\t\t\t<\/div>\n\t\t\t\t<\/div>\n\t\t<div class=\"elementor-element elementor-element-0ee7410 e-flex e-con-boxed e-con e-parent\" data-id=\"0ee7410\" data-element_type=\"container\" data-settings=\"{&quot;background_background&quot;:&quot;classic&quot;}\">\n\t\t\t\t\t<div class=\"e-con-inner\">\n\t\t<div class=\"elementor-element elementor-element-2c40caf e-flex e-con-boxed e-con e-child\" data-id=\"2c40caf\" data-element_type=\"container\" data-settings=\"{&quot;background_background&quot;:&quot;classic&quot;}\">\n\t\t\t\t\t<div class=\"e-con-inner\">\n\t\t<div class=\"elementor-element elementor-element-810d2b4 e-con-full e-flex e-con e-child\" data-id=\"810d2b4\" data-element_type=\"container\">\n\t\t<div class=\"elementor-element elementor-element-fe5760a e-con-full e-flex e-con e-child\" data-id=\"fe5760a\" data-element_type=\"container\">\n\t\t\t\t<div class=\"elementor-element elementor-element-0dc7e2e elementor-widget elementor-widget-heading\" data-id=\"0dc7e2e\" data-element_type=\"widget\" data-widget_type=\"heading.default\">\n\t\t\t\t\t<h2 class=\"elementor-heading-title elementor-size-default\">Assist 24<\/h2>\t\t\t\t<\/div>\n\t\t\t\t<div class=\"elementor-element elementor-element-989be4d elementor-widget elementor-widget-text-editor\" data-id=\"989be4d\" data-element_type=\"widget\" data-widget_type=\"text-editor.default\">\n\t\t\t\t\t\t\t\t\t<p>Our Europe-wide Assist 24 emergency number provides you with fast, reliable and professional support from the Alltrucks workshop network. So that you can get back on the road safely and quickly.<\/p>\t\t\t\t\t\t\t\t<\/div>\n\t\t\t\t<\/div>\n\t\t\t\t<\/div>\n\t\t<div class=\"elementor-element elementor-element-046d572 e-con-full e-flex e-con e-child\" data-id=\"046d572\" data-element_type=\"container\">\n\t\t\t\t<div class=\"elementor-element elementor-element-8846f02 elementor-widget elementor-widget-button\" data-id=\"8846f02\" data-element_type=\"widget\" data-widget_type=\"button.default\">\n\t\t\t\t\t\t\t\t\t\t<a class=\"elementor-button elementor-button-link elementor-size-sm\" href=\"tel:00800-46835033\">\n\t\t\t\t\t\t<span class=\"elementor-button-content-wrapper\">\n\t\t\t\t\t\t<span class=\"elementor-button-icon\">\n\t\t\t\t<svg xmlns=\"http:\/\/www.w3.org\/2000\/svg\" width=\"14\" height=\"13\" viewbox=\"0 0 14 13\" fill=\"none\"><path d=\"M1.0304 12.4498L12.4498 1.03038M12.4498 1.03038L4.38906 1.03038M12.4498 1.03038L12.4498 9.09117\" stroke=\"white\" stroke-width=\"1.5\"><\/path><\/svg>\t\t\t<\/span>\n\t\t\t\t\t\t\t\t\t<span class=\"elementor-button-text\">00800 - 46835033<\/span>\n\t\t\t\t\t<\/span>\n\t\t\t\t\t<\/a>\n\t\t\t\t\t\t\t\t<\/div>\n\t\t\t\t<div class=\"elementor-element elementor-element-94e73fa elementor-widget elementor-widget-button\" data-id=\"94e73fa\" data-element_type=\"widget\" data-widget_type=\"button.default\">\n\t\t\t\t\t\t\t\t\t\t<a class=\"elementor-button elementor-button-link elementor-size-sm\" href=\"mailto:assist24@alltrucks.com\">\n\t\t\t\t\t\t<span class=\"elementor-button-content-wrapper\">\n\t\t\t\t\t\t<span class=\"elementor-button-icon\">\n\t\t\t\t<svg xmlns=\"http:\/\/www.w3.org\/2000\/svg\" width=\"14\" height=\"13\" viewbox=\"0 0 14 13\" fill=\"none\"><path d=\"M1.0304 12.4498L12.4498 1.03038M12.4498 1.03038L4.38906 1.03038M12.4498 1.03038L12.4498 9.09117\" stroke=\"white\" stroke-width=\"1.5\"><\/path><\/svg>\t\t\t<\/span>\n\t\t\t\t\t\t\t\t\t<span class=\"elementor-button-text\">assist24@alltrucks.com<\/span>\n\t\t\t\t\t<\/span>\n\t\t\t\t\t<\/a>\n\t\t\t\t\t\t\t\t<\/div>\n\t\t\t\t<\/div>\n\t\t\t\t\t<\/div>\n\t\t\t\t<\/div>\n\t\t\t\t\t<\/div>\n\t\t\t\t<\/div>\n\t\t<div class=\"elementor-element elementor-element-dc65b78 e-flex e-con-boxed e-con e-parent\" data-id=\"dc65b78\" data-element_type=\"container\" data-settings=\"{&quot;background_background&quot;:&quot;classic&quot;}\">\n\t\t\t\t\t<div class=\"e-con-inner\">\n\t\t<div class=\"elementor-element elementor-element-313df0f e-flex e-con-boxed e-con e-child\" data-id=\"313df0f\" data-element_type=\"container\" data-settings=\"{&quot;background_background&quot;:&quot;classic&quot;}\">\n\t\t\t\t\t<div class=\"e-con-inner\">\n\t\t<div class=\"elementor-element elementor-element-3496d1b e-con-full e-flex e-con e-child\" data-id=\"3496d1b\" data-element_type=\"container\">\n\t\t<div class=\"elementor-element elementor-element-7257fae e-con-full e-flex e-con e-child\" data-id=\"7257fae\" data-element_type=\"container\">\n\t\t\t\t<div class=\"elementor-element elementor-element-7aab067 elementor-widget elementor-widget-heading\" data-id=\"7aab067\" data-element_type=\"widget\" data-widget_type=\"heading.default\">\n\t\t\t\t\t<h2 class=\"elementor-heading-title elementor-size-default\">Utilise the full potential of the Alltrucks network.<\/h2>\t\t\t\t<\/div>\n\t\t\t\t<div class=\"elementor-element elementor-element-7b3cb2e elementor-widget elementor-widget-text-editor\" data-id=\"7b3cb2e\" data-element_type=\"widget\" data-widget_type=\"text-editor.default\">\n\t\t\t\t\t\t\t\t\t<p>Find out in a personal meeting how your fleet can benefit from our services - throughout Europe and across all brands.<\/p>\t\t\t\t\t\t\t\t<\/div>\n\t\t\t\t<\/div>\n\t\t\t\t<\/div>\n\t\t<div class=\"elementor-element elementor-element-669274c e-con-full e-flex e-con e-child\" data-id=\"669274c\" data-element_type=\"container\">\n\t\t\t\t<div class=\"elementor-element elementor-element-818c353 elementor-widget elementor-widget-button\" data-id=\"818c353\" data-element_type=\"widget\" data-widget_type=\"button.default\">\n\t\t\t\t\t\t\t\t\t\t<a class=\"elementor-button elementor-button-link elementor-size-sm\" href=\"\/en\/formular\/\">\n\t\t\t\t\t\t<span class=\"elementor-button-content-wrapper\">\n\t\t\t\t\t\t<span class=\"elementor-button-icon\">\n\t\t\t\t<svg xmlns=\"http:\/\/www.w3.org\/2000\/svg\" width=\"14\" height=\"13\" viewbox=\"0 0 14 13\" fill=\"none\"><path d=\"M1.0304 12.4498L12.4498 1.03038M12.4498 1.03038L4.38906 1.03038M12.4498 1.03038L12.4498 9.09117\" stroke=\"white\" stroke-width=\"1.5\"><\/path><\/svg>\t\t\t<\/span>\n\t\t\t\t\t\t\t\t\t<span class=\"elementor-button-text\">Get in touch now<\/span>\n\t\t\t\t\t<\/span>\n\t\t\t\t\t<\/a>\n\t\t\t\t\t\t\t\t<\/div>\n\t\t\t\t<\/div>\n\t\t\t\t\t<\/div>\n\t\t\t\t<\/div>\n\t\t\t\t\t<\/div>\n\t\t\t\t<\/div>\n\t\t<div class=\"elementor-element elementor-element-5c994484 e-flex e-con-boxed e-con e-parent\" data-id=\"5c994484\" data-element_type=\"container\" data-settings=\"{&quot;background_background&quot;:&quot;classic&quot;}\">\n\t\t\t\t\t<div class=\"e-con-inner\">\n\t\t<div class=\"elementor-element elementor-element-36aae103 e-con-full e-flex e-con e-child\" data-id=\"36aae103\" data-element_type=\"container\">\n\t\t\t\t<div class=\"elementor-element elementor-element-7316d2c elementor-widget elementor-widget-heading\" data-id=\"7316d2c\" data-element_type=\"widget\" data-widget_type=\"heading.default\">\n\t\t\t\t\t<h2 class=\"elementor-heading-title elementor-size-default\">What our\nfleet customers say about us<\/h2>\t\t\t\t<\/div>\n\t\t\t\t<\/div>\n\t\t<div class=\"elementor-element elementor-element-34957e10 e-con-full Partnerstimmen e-flex e-con e-child\" data-id=\"34957e10\" data-element_type=\"container\">\n\t\t\t\t<div class=\"elementor-element elementor-element-7277fa79 elementor-testimonial--layout-image_left elementor-testimonial--align-left elementor-testimonial--skin-default elementor-widget elementor-widget-testimonial-carousel\" data-id=\"7277fa79\" data-element_type=\"widget\" data-settings=\"{&quot;speed&quot;:500,&quot;space_between&quot;:{&quot;unit&quot;:&quot;px&quot;,&quot;size&quot;:10,&quot;sizes&quot;:[]},&quot;space_between_tablet&quot;:{&quot;unit&quot;:&quot;px&quot;,&quot;size&quot;:10,&quot;sizes&quot;:[]},&quot;space_between_mobile&quot;:{&quot;unit&quot;:&quot;px&quot;,&quot;size&quot;:10,&quot;sizes&quot;:[]}}\" data-widget_type=\"testimonial-carousel.default\">\n\t\t\t\t\t\t\t\t\t\t<div class=\"elementor-main-swiper swiper\" role=\"region\" aria-roledescription=\"carousel\" aria-label=\"Slider\">\n\t\t\t\t<div class=\"swiper-wrapper\">\n\t\t\t\t\t\t\t\t\t\t\t<div class=\"swiper-slide\" role=\"group\" aria-roledescription=\"slide\">\n\t\t\t\t\t\t\t\t\t<div class=\"elementor-testimonial\">\n\t\t\t\t\t\t\t<div class=\"elementor-testimonial__content\">\n\t\t\t\t\t<div class=\"elementor-testimonial__text\">\n\t\t\t\t\t\t\"Our fleet travels all over Europe - with Truck Oliva and Alltrucks we know we're in good hands: We are in the best hands everywhere.\"\t\t\t\t\t<\/div>\n\t\t\t\t\t<cite class=\"elementor-testimonial__cite\"><span class=\"elementor-testimonial__name\">Manuel and Manuel Molina, father and son, RM Logistic<\/span><\/cite>\t\t\t\t<\/div>\n\t\t\t\t\t\t<div class=\"elementor-testimonial__footer\">\n\t\t\t\t\t\t\t\t\t<div class=\"elementor-testimonial__image\">\n\t\t\t\t\t\t<img decoding=\"async\" src=\"https:\/\/alltrucks.brandnew.media\/wp-content\/uploads\/2025\/10\/Flottenkunden-1.png\" alt=\"Manuel und Manuel Molina, Vater und Sohn, RM Logistic\">\n\t\t\t\t\t\t\t\t\t\t\t<\/div>\n\t\t\t\t\t\t\t\t\t\t\t<\/div>\n\t\t<\/div>\n\t\t\t\t\t\t\t\t<\/div>\n\t\t\t\t\t\t\t\t\t<\/div>\n\t\t\t\t\t\t\t<\/div>\n\t\t\t\t\t\t\t\t<\/div>\n\t\t\t\t<\/div>\n\t\t\t\t\t<\/div>\n\t\t\t\t<\/div>\n\t\t\t\t<\/div>","protected":false},"excerpt":{"rendered":"<p>Networked across Europe Your fleet in the best hands Managing a commercial vehicle fleet across several countries is complex - service should not be. Alltrucks gives you access to a professional, brand-independent workshop network that reduces downtime, simplifies processes and offers full transparency - across Europe. We connect fleet operators with over 650 certified multi-brand workshops in 18 [...]<\/p>","protected":false},"author":1,"featured_media":0,"parent":0,"menu_order":0,"comment_status":"closed","ping_status":"closed","template":"","meta":{"_acf_changed":false,"footnotes":""},"class_list":["post-304","page","type-page","status-publish","hentry"],"acf":[],"yoast_head":"<!-- This site is optimized with the Yoast SEO Premium plugin v26.3 (Yoast SEO v26.3) - https:\/\/yoast.com\/wordpress\/plugins\/seo\/ -->\n<title>Auf der Stra\u00dfe - Alltrucks Truck &amp; Trailer Service<\/title>\n<meta name=\"robots\" content=\"index, follow, max-snippet:-1, max-image-preview:large, max-video-preview:-1\" \/>\n<link rel=\"canonical\" href=\"https:\/\/alltrucks.brandnew.media\/en\/auf-der-strasse\/\" \/>\n<meta property=\"og:locale\" content=\"en_GB\" \/>\n<meta property=\"og:type\" content=\"article\" \/>\n<meta property=\"og:title\" content=\"Auf der Stra\u00dfe\" \/>\n<meta property=\"og:description\" content=\"Europaweit vernetzt Ihre Flotte in besten H\u00e4nden Das Management einer Nutzfahrzeugflotte \u00fcber mehrere L\u00e4nder hinweg ist komplex \u2013 der Service sollte es nicht sein. Mit Alltrucks erhalten Sie Zugang zu einem professionellen, markenunabh\u00e4ngigen Werkstattnetzwerk, das Ausfallzeiten reduziert, Abl\u00e4ufe vereinfacht und volle Transparenz bietet \u2013 europaweit. Wir verbinden Flottenbetreiber mit \u00fcber 650 zertifizierten Mehrmarken-Werkst\u00e4tten in 18 [&hellip;]\" \/>\n<meta property=\"og:url\" content=\"https:\/\/alltrucks.brandnew.media\/en\/auf-der-strasse\/\" \/>\n<meta property=\"og:site_name\" content=\"Alltrucks Truck &amp; Trailer Service\" \/>\n<meta property=\"article:publisher\" content=\"https:\/\/www.facebook.com\/alltrucksDE\/mentions\/?_rdr\" \/>\n<meta property=\"article:modified_time\" content=\"2025-11-25T09:02:04+00:00\" \/>\n<meta property=\"og:image\" content=\"https:\/\/alltrucks.brandnew.media\/wp-content\/uploads\/2025\/10\/Flottenkunden-1.png\" \/>\n<meta name=\"twitter:card\" content=\"summary_large_image\" \/>\n<meta name=\"twitter:label1\" content=\"Estimated reading time\" \/>\n\t<meta name=\"twitter:data1\" content=\"2 minutes\" \/>\n<script type=\"application\/ld+json\" class=\"yoast-schema-graph\">{\"@context\":\"https:\/\/schema.org\",\"@graph\":[{\"@type\":\"WebPage\",\"@id\":\"https:\/\/alltrucks.brandnew.media\/en\/auf-der-strasse\/\",\"url\":\"https:\/\/alltrucks.brandnew.media\/en\/auf-der-strasse\/\",\"name\":\"Auf der Stra\u00dfe - Alltrucks Truck &amp; Trailer Service\",\"isPartOf\":{\"@id\":\"https:\/\/alltrucks.brandnew.media\/en\/#website\"},\"primaryImageOfPage\":{\"@id\":\"https:\/\/alltrucks.brandnew.media\/en\/auf-der-strasse\/#primaryimage\"},\"image\":{\"@id\":\"https:\/\/alltrucks.brandnew.media\/en\/auf-der-strasse\/#primaryimage\"},\"thumbnailUrl\":\"https:\/\/alltrucks.brandnew.media\/wp-content\/uploads\/2025\/10\/Flottenkunden-1.png\",\"datePublished\":\"2025-10-03T18:51:47+00:00\",\"dateModified\":\"2025-11-25T09:02:04+00:00\",\"breadcrumb\":{\"@id\":\"https:\/\/alltrucks.brandnew.media\/en\/auf-der-strasse\/#breadcrumb\"},\"inLanguage\":\"en-GB\",\"potentialAction\":[{\"@type\":\"ReadAction\",\"target\":[\"https:\/\/alltrucks.brandnew.media\/en\/auf-der-strasse\/\"]}]},{\"@type\":\"ImageObject\",\"inLanguage\":\"en-GB\",\"@id\":\"https:\/\/alltrucks.brandnew.media\/en\/auf-der-strasse\/#primaryimage\",\"url\":\"https:\/\/alltrucks.brandnew.media\/wp-content\/uploads\/2025\/10\/Flottenkunden-1.png\",\"contentUrl\":\"https:\/\/alltrucks.brandnew.media\/wp-content\/uploads\/2025\/10\/Flottenkunden-1.png\"},{\"@type\":\"BreadcrumbList\",\"@id\":\"https:\/\/alltrucks.brandnew.media\/en\/auf-der-strasse\/#breadcrumb\",\"itemListElement\":[{\"@type\":\"ListItem\",\"position\":1,\"name\":\"Startseite\",\"item\":\"https:\/\/alltrucks.brandnew.media\/en\/\"},{\"@type\":\"ListItem\",\"position\":2,\"name\":\"Auf der Stra\u00dfe\"}]},{\"@type\":\"WebSite\",\"@id\":\"https:\/\/alltrucks.brandnew.media\/en\/#website\",\"url\":\"https:\/\/alltrucks.brandnew.media\/en\/\",\"name\":\"Alltrucks Truck & Trailer Service\",\"description\":\"\",\"publisher\":{\"@id\":\"https:\/\/alltrucks.brandnew.media\/en\/#organization\"},\"potentialAction\":[{\"@type\":\"SearchAction\",\"target\":{\"@type\":\"EntryPoint\",\"urlTemplate\":\"https:\/\/alltrucks.brandnew.media\/en\/?s={search_term_string}\"},\"query-input\":{\"@type\":\"PropertyValueSpecification\",\"valueRequired\":true,\"valueName\":\"search_term_string\"}}],\"inLanguage\":\"en-GB\"},{\"@type\":\"Organization\",\"@id\":\"https:\/\/alltrucks.brandnew.media\/en\/#organization\",\"name\":\"Alltrucks GmbH & Co. KG\",\"url\":\"https:\/\/alltrucks.brandnew.media\/en\/\",\"logo\":{\"@type\":\"ImageObject\",\"inLanguage\":\"en-GB\",\"@id\":\"https:\/\/alltrucks.brandnew.media\/en\/#\/schema\/logo\/image\/\",\"url\":\"https:\/\/alltrucks.brandnew.media\/wp-content\/uploads\/2025\/09\/Logo.svg\",\"contentUrl\":\"https:\/\/alltrucks.brandnew.media\/wp-content\/uploads\/2025\/09\/Logo.svg\",\"width\":298,\"height\":65,\"caption\":\"Alltrucks GmbH & Co. KG\"},\"image\":{\"@id\":\"https:\/\/alltrucks.brandnew.media\/en\/#\/schema\/logo\/image\/\"},\"sameAs\":[\"https:\/\/www.facebook.com\/alltrucksDE\/mentions\/?_rdr\",\"https:\/\/de.linkedin.com\/company\/alltrucks\"]}]}<\/script>\n<!-- \/ Yoast SEO Premium plugin. -->","yoast_head_json":{"title":"On the road - Alltrucks Truck &amp; Trailer Service","robots":{"index":"index","follow":"follow","max-snippet":"max-snippet:-1","max-image-preview":"max-image-preview:large","max-video-preview":"max-video-preview:-1"},"canonical":"https:\/\/alltrucks.brandnew.media\/en\/auf-der-strasse\/","og_locale":"en_GB","og_type":"article","og_title":"Auf der Stra\u00dfe","og_description":"Europaweit vernetzt Ihre Flotte in besten H\u00e4nden Das Management einer Nutzfahrzeugflotte \u00fcber mehrere L\u00e4nder hinweg ist komplex \u2013 der Service sollte es nicht sein. Mit Alltrucks erhalten Sie Zugang zu einem professionellen, markenunabh\u00e4ngigen Werkstattnetzwerk, das Ausfallzeiten reduziert, Abl\u00e4ufe vereinfacht und volle Transparenz bietet \u2013 europaweit. Wir verbinden Flottenbetreiber mit \u00fcber 650 zertifizierten Mehrmarken-Werkst\u00e4tten in 18 [&hellip;]","og_url":"https:\/\/alltrucks.brandnew.media\/en\/auf-der-strasse\/","og_site_name":"Alltrucks Truck &amp; Trailer Service","article_publisher":"https:\/\/www.facebook.com\/alltrucksDE\/mentions\/?_rdr","article_modified_time":"2025-11-25T09:02:04+00:00","og_image":[{"url":"https:\/\/alltrucks.brandnew.media\/wp-content\/uploads\/2025\/10\/Flottenkunden-1.png","type":"","width":"","height":""}],"twitter_card":"summary_large_image","twitter_misc":{"Estimated reading time":"2 minutes"},"schema":{"@context":"https:\/\/schema.org","@graph":[{"@type":"WebPage","@id":"https:\/\/alltrucks.brandnew.media\/en\/auf-der-strasse\/","url":"https:\/\/alltrucks.brandnew.media\/en\/auf-der-strasse\/","name":"On the road - Alltrucks Truck &amp; Trailer Service","isPartOf":{"@id":"https:\/\/alltrucks.brandnew.media\/en\/#website"},"primaryImageOfPage":{"@id":"https:\/\/alltrucks.brandnew.media\/en\/auf-der-strasse\/#primaryimage"},"image":{"@id":"https:\/\/alltrucks.brandnew.media\/en\/auf-der-strasse\/#primaryimage"},"thumbnailUrl":"https:\/\/alltrucks.brandnew.media\/wp-content\/uploads\/2025\/10\/Flottenkunden-1.png","datePublished":"2025-10-03T18:51:47+00:00","dateModified":"2025-11-25T09:02:04+00:00","breadcrumb":{"@id":"https:\/\/alltrucks.brandnew.media\/en\/auf-der-strasse\/#breadcrumb"},"inLanguage":"en-GB","potentialAction":[{"@type":"ReadAction","target":["https:\/\/alltrucks.brandnew.media\/en\/auf-der-strasse\/"]}]},{"@type":"ImageObject","inLanguage":"en-GB","@id":"https:\/\/alltrucks.brandnew.media\/en\/auf-der-strasse\/#primaryimage","url":"https:\/\/alltrucks.brandnew.media\/wp-content\/uploads\/2025\/10\/Flottenkunden-1.png","contentUrl":"https:\/\/alltrucks.brandnew.media\/wp-content\/uploads\/2025\/10\/Flottenkunden-1.png"},{"@type":"BreadcrumbList","@id":"https:\/\/alltrucks.brandnew.media\/en\/auf-der-strasse\/#breadcrumb","itemListElement":[{"@type":"ListItem","position":1,"name":"Startseite","item":"https:\/\/alltrucks.brandnew.media\/en\/"},{"@type":"ListItem","position":2,"name":"Auf der Stra\u00dfe"}]},{"@type":"WebSite","@id":"https:\/\/alltrucks.brandnew.media\/en\/#website","url":"https:\/\/alltrucks.brandnew.media\/en\/","name":"Alltrucks Truck &amp; Trailer Service","description":"","publisher":{"@id":"https:\/\/alltrucks.brandnew.media\/en\/#organization"},"potentialAction":[{"@type":"SearchAction","target":{"@type":"EntryPoint","urlTemplate":"https:\/\/alltrucks.brandnew.media\/en\/?s={search_term_string}"},"query-input":{"@type":"PropertyValueSpecification","valueRequired":true,"valueName":"search_term_string"}}],"inLanguage":"en-GB"},{"@type":"Organization","@id":"https:\/\/alltrucks.brandnew.media\/en\/#organization","name":"Alltrucks GmbH &amp; Co. KG","url":"https:\/\/alltrucks.brandnew.media\/en\/","logo":{"@type":"ImageObject","inLanguage":"en-GB","@id":"https:\/\/alltrucks.brandnew.media\/en\/#\/schema\/logo\/image\/","url":"https:\/\/alltrucks.brandnew.media\/wp-content\/uploads\/2025\/09\/Logo.svg","contentUrl":"https:\/\/alltrucks.brandnew.media\/wp-content\/uploads\/2025\/09\/Logo.svg","width":298,"height":65,"caption":"Alltrucks GmbH & Co. KG"},"image":{"@id":"https:\/\/alltrucks.brandnew.media\/en\/#\/schema\/logo\/image\/"},"sameAs":["https:\/\/www.facebook.com\/alltrucksDE\/mentions\/?_rdr","https:\/\/de.linkedin.com\/company\/alltrucks"]}]}},"_links":{"self":[{"href":"https:\/\/alltrucks.brandnew.media\/en\/wp-json\/wp\/v2\/pages\/304","targetHints":{"allow":["GET"]}}],"collection":[{"href":"https:\/\/alltrucks.brandnew.media\/en\/wp-json\/wp\/v2\/pages"}],"about":[{"href":"https:\/\/alltrucks.brandnew.media\/en\/wp-json\/wp\/v2\/types\/page"}],"author":[{"embeddable":true,"href":"https:\/\/alltrucks.brandnew.media\/en\/wp-json\/wp\/v2\/users\/1"}],"replies":[{"embeddable":true,"href":"https:\/\/alltrucks.brandnew.media\/en\/wp-json\/wp\/v2\/comments?post=304"}],"version-history":[{"count":94,"href":"https:\/\/alltrucks.brandnew.media\/en\/wp-json\/wp\/v2\/pages\/304\/revisions"}],"predecessor-version":[{"id":2058,"href":"https:\/\/alltrucks.brandnew.media\/en\/wp-json\/wp\/v2\/pages\/304\/revisions\/2058"}],"wp:attachment":[{"href":"https:\/\/alltrucks.brandnew.media\/en\/wp-json\/wp\/v2\/media?parent=304"}],"curies":[{"name":"wp","href":"https:\/\/api.w.org\/{rel}","templated":true}]}}